{"id":1199,"date":"2024-06-20T15:00:05","date_gmt":"2024-06-20T13:00:05","guid":{"rendered":"https:\/\/savegrain-cer.com\/?page_id=1199"},"modified":"2024-07-04T16:17:35","modified_gmt":"2024-07-04T14:17:35","slug":"grano-duro-carlantino","status":"publish","type":"page","link":"https:\/\/savegrain-cer.com\/index.php\/frumento-duro\/grano-duro-carlantino\/","title":{"rendered":"GRANO DURO CARLANTINO"},"content":{"rendered":"\t\t<div data-elementor-type=\"wp-page\" data-elementor-id=\"1199\" class=\"elementor elementor-1199\">\n\t\t\t\t<div class=\"elementor-element elementor-element-4e94385 e-flex e-con-boxed e-con e-parent\" data-id=\"4e94385\" data-element_type=\"container\">\n\t\t\t\t\t<div class=\"e-con-inner\">\n\t\t\t\t<div class=\"elementor-element elementor-element-cf9dc73 elementor-widget elementor-widget-heading\" data-id=\"cf9dc73\" data-element_type=\"widget\" data-widget_type=\"heading.default\">\n\t\t\t\t<div class=\"elementor-widget-container\">\n\t\t\t\t\t<h4 class=\"elementor-heading-title elementor-size-default\"><i>Triticum durum <\/i>Desf.<i><\/i><\/h4>\t\t\t\t<\/div>\n\t\t\t\t<\/div>\n\t\t\t\t\t<\/div>\n\t\t\t\t<\/div>\n\t\t<div class=\"elementor-element elementor-element-da7faa8 e-flex e-con-boxed e-con e-parent\" data-id=\"da7faa8\" data-element_type=\"container\">\n\t\t\t\t\t<div class=\"e-con-inner\">\n\t\t<div class=\"elementor-element elementor-element-038d13f e-flex e-con-boxed e-con e-child\" data-id=\"038d13f\" data-element_type=\"container\">\n\t\t\t\t\t<div class=\"e-con-inner\">\n\t\t<div class=\"elementor-element elementor-element-2ca5c01 e-flex e-con-boxed e-con e-child\" data-id=\"2ca5c01\" data-element_type=\"container\">\n\t\t\t\t\t<div class=\"e-con-inner\">\n\t\t<div class=\"elementor-element elementor-element-7d8c26a e-con-full e-flex e-con e-child\" data-id=\"7d8c26a\" data-element_type=\"container\">\n\t\t<div class=\"elementor-element elementor-element-3cb03ad e-con-full e-flex e-con e-child\" data-id=\"3cb03ad\" data-element_type=\"container\">\n\t\t<div class=\"elementor-element elementor-element-6e1b165 e-grid e-con-full e-con e-child\" data-id=\"6e1b165\" data-element_type=\"container\">\n\t\t<div class=\"elementor-element elementor-element-92a24b8 e-con-full e-flex e-con e-child\" data-id=\"92a24b8\" data-element_type=\"container\">\n\t\t\t\t<div class=\"elementor-element elementor-element-260d67b elementor-widget elementor-widget-text-editor\" data-id=\"260d67b\" data-element_type=\"widget\" data-widget_type=\"text-editor.default\">\n\t\t\t\t<div class=\"elementor-widget-container\">\n\t\t\t\t\t\t\t\t\t<p><span style=\"color: #ff9900;\"><strong>Storia e curiosit\u00e0<\/strong><\/span><\/p><p>Il grano duro Carlantino nell\u2019&#8221;L\u2019Economia rustica del Regno di Napoli&#8221; del 1835, \u00e8 riportato tra le colture della Daunia presenti nei \u201cpoderi arabili\u201d, \u201cmasserie di campo\u201d caratterizzate da terreni estesissimi e \u201cversurieri\u201d da terreni di piccole dimensioni, come frumento somigliantissimo alla Saragolla dalla quale differisce per \u201ci grani pi\u00f9 sottili e pi\u00f9 lucidi\u201d. Nei documenti sulla storia dell\u2019alimentazione dell\u2019Alta Murgia (1844-1846) tale coltura \u00e8 segnalata tra i frumenti con le rese migliori \u201cdi consueto somministrati ai panettieri\u201d. Nel 1927 l\u2019arciprete<br \/>Ernesto Josa riferisce nel testo da lui redatto su Carlantino che le industrie ed il commercio della zona erano limitati all&#8217;esportazione dei grani duri detti \u201cCarlantini\u201d mentre il De Cillis, sempre nello stesso anno citando anche i sinonimi (Duro comune, Abbondanza), ne descrive le caratteristiche agronomiche: autunnale di media precocit\u00e0, coltivato sia in pianura che in collina, poco esigente rispetto alla \u201cabitabilit\u00e0 del terreno\u201d, di medio accestimento, resistente all\u2019allettamento, poco alla stretta, di pi\u00f9 alle ruggini, di produttivit\u00e0 elevata e stazionaria nelle zone di produzione. Il Carlantino da tempo soppiantato dalle variet\u00e0 moderne nel territorio di origine, i Monti Dauni, \u00e8 stato recentemente reintrodotto in un\u2019area ristretta in prossimit\u00e0 della cittadina, l\u00ec dove molto probabilmente tale antica variet\u00e0 veniva coltivata dal 1800. Considerata l\u2019inesistenza di tale risorsa in zona, il reperimento in questo caso \u00e8 stato effettuato presso Banche del germoplasma che lo conservavano da tempo. Coltivato sia in pianura che collina, presenta caratteristiche morfologiche simili ad alcune Saragolle impiegate nella prova, mentre composizione proteica e contenuto in sostanze azotate risultano superiori alle variet\u00e0 commerciali impiegate come riferimento. La farina del grano duro carlantino era impiegata per la produzione del cos\u00ec detto \u201cpane di Carlantino\u201d negli antichi forni a paglia della zona.<\/p>\t\t\t\t\t\t\t\t<\/div>\n\t\t\t\t<\/div>\n\t\t\t\t<div class=\"elementor-element elementor-element-a296667 elementor-widget elementor-widget-accordion\" data-id=\"a296667\" data-element_type=\"widget\" data-widget_type=\"accordion.default\">\n\t\t\t\t<div class=\"elementor-widget-container\">\n\t\t\t\t\t\t\t<div class=\"elementor-accordion\">\n\t\t\t\t\t\t\t<div class=\"elementor-accordion-item\">\n\t\t\t\t\t<div id=\"elementor-tab-title-1701\" class=\"elementor-tab-title\" data-tab=\"1\" role=\"button\" aria-controls=\"elementor-tab-content-1701\" aria-expanded=\"false\">\n\t\t\t\t\t\t\t\t\t\t\t\t\t<span class=\"elementor-accordion-icon elementor-accordion-icon-left\" aria-hidden=\"true\">\n\t\t\t\t\t\t\t\t\t\t\t\t\t\t\t<span class=\"elementor-accordion-icon-closed\"><svg class=\"e-font-icon-svg e-fas-plus\" viewBox=\"0 0 448 512\" xmlns=\"http:\/\/www.w3.org\/2000\/svg\"><path d=\"M416 208H272V64c0-17.67-14.33-32-32-32h-32c-17.67 0-32 14.33-32 32v144H32c-17.67 0-32 14.33-32 32v32c0 17.67 14.33 32 32 32h144v144c0 17.67 14.33 32 32 32h32c17.67 0 32-14.33 32-32V304h144c17.67 0 32-14.33 32-32v-32c0-17.67-14.33-32-32-32z\"><\/path><\/svg><\/span>\n\t\t\t\t\t\t\t\t<span class=\"elementor-accordion-icon-opened\"><svg class=\"e-font-icon-svg e-fas-minus\" viewBox=\"0 0 448 512\" xmlns=\"http:\/\/www.w3.org\/2000\/svg\"><path d=\"M416 208H32c-17.67 0-32 14.33-32 32v32c0 17.67 14.33 32 32 32h384c17.67 0 32-14.33 32-32v-32c0-17.67-14.33-32-32-32z\"><\/path><\/svg><\/span>\n\t\t\t\t\t\t\t\t\t\t\t\t\t\t<\/span>\n\t\t\t\t\t\t\t\t\t\t\t\t<a class=\"elementor-accordion-title\" tabindex=\"0\">DESCRIZIONE MORFOLOGICA<\/a>\n\t\t\t\t\t<\/div>\n\t\t\t\t\t<div id=\"elementor-tab-content-1701\" class=\"elementor-tab-content elementor-clearfix\" data-tab=\"1\" role=\"region\" aria-labelledby=\"elementor-tab-title-1701\"><h5><span style=\"color: #000000;\"><strong>Pianta<\/strong><\/span><\/h5><ul><li><span style=\"color: #ff9900;\"><em>Portamento<\/em><\/span>: semi-eretto<\/li><li><span style=\"color: #ff9900;\"><em>Altezza (culmo, spiga e reste) (cm)<\/em><\/span>: 140-160 cm<\/li><li><span style=\"color: #ff9900;\"><em>Glaucescenza spiga<\/em><\/span>: media<\/li><\/ul><h5><span style=\"color: #000000;\"><strong>Spiga<\/strong><\/span><\/h5><ul><li><span style=\"color: #ff9900;\"><em>Colorazione delle reste<\/em><\/span>: da bruno a nero<\/li><li><span style=\"color: #ff9900;\"><em>Colore a maturazione<\/em><\/span>: leggermente colorata<\/li><li><span style=\"color: #ff9900;\"><em>Forma<\/em><\/span>: fusiforme<\/li><li><span style=\"color: #ff9900;\"><em>Densit\u00e0<\/em><\/span>: compatta<\/li><\/ul><h5><span style=\"color: #000000;\"><strong>Cariosside<\/strong><\/span><\/h5><ul><li><span style=\"color: #ff9900;\"><em>Forma<\/em><\/span>: da semi-allungata ad allungata<\/li><li><span style=\"color: #ff9900;\"><em>Colore<\/em><\/span>: da giallo a rosso ambrato<\/li><\/ul><\/div>\n\t\t\t\t<\/div>\n\t\t\t\t\t\t\t<div class=\"elementor-accordion-item\">\n\t\t\t\t\t<div id=\"elementor-tab-title-1702\" class=\"elementor-tab-title\" data-tab=\"2\" role=\"button\" aria-controls=\"elementor-tab-content-1702\" aria-expanded=\"false\">\n\t\t\t\t\t\t\t\t\t\t\t\t\t<span class=\"elementor-accordion-icon elementor-accordion-icon-left\" aria-hidden=\"true\">\n\t\t\t\t\t\t\t\t\t\t\t\t\t\t\t<span class=\"elementor-accordion-icon-closed\"><svg class=\"e-font-icon-svg e-fas-plus\" viewBox=\"0 0 448 512\" xmlns=\"http:\/\/www.w3.org\/2000\/svg\"><path d=\"M416 208H272V64c0-17.67-14.33-32-32-32h-32c-17.67 0-32 14.33-32 32v144H32c-17.67 0-32 14.33-32 32v32c0 17.67 14.33 32 32 32h144v144c0 17.67 14.33 32 32 32h32c17.67 0 32-14.33 32-32V304h144c17.67 0 32-14.33 32-32v-32c0-17.67-14.33-32-32-32z\"><\/path><\/svg><\/span>\n\t\t\t\t\t\t\t\t<span class=\"elementor-accordion-icon-opened\"><svg class=\"e-font-icon-svg e-fas-minus\" viewBox=\"0 0 448 512\" xmlns=\"http:\/\/www.w3.org\/2000\/svg\"><path d=\"M416 208H32c-17.67 0-32 14.33-32 32v32c0 17.67 14.33 32 32 32h384c17.67 0 32-14.33 32-32v-32c0-17.67-14.33-32-32-32z\"><\/path><\/svg><\/span>\n\t\t\t\t\t\t\t\t\t\t\t\t\t\t<\/span>\n\t\t\t\t\t\t\t\t\t\t\t\t<a class=\"elementor-accordion-title\" tabindex=\"0\">TIPO DI SVILUPPO<\/a>\n\t\t\t\t\t<\/div>\n\t\t\t\t\t<div id=\"elementor-tab-content-1702\" class=\"elementor-tab-content elementor-clearfix\" data-tab=\"2\" role=\"region\" aria-labelledby=\"elementor-tab-title-1702\"><ul><li>Invernale<\/li><\/ul><\/div>\n\t\t\t\t<\/div>\n\t\t\t\t\t\t\t<div class=\"elementor-accordion-item\">\n\t\t\t\t\t<div id=\"elementor-tab-title-1703\" class=\"elementor-tab-title\" data-tab=\"3\" role=\"button\" aria-controls=\"elementor-tab-content-1703\" aria-expanded=\"false\">\n\t\t\t\t\t\t\t\t\t\t\t\t\t<span class=\"elementor-accordion-icon elementor-accordion-icon-left\" aria-hidden=\"true\">\n\t\t\t\t\t\t\t\t\t\t\t\t\t\t\t<span class=\"elementor-accordion-icon-closed\"><svg class=\"e-font-icon-svg e-fas-plus\" viewBox=\"0 0 448 512\" xmlns=\"http:\/\/www.w3.org\/2000\/svg\"><path d=\"M416 208H272V64c0-17.67-14.33-32-32-32h-32c-17.67 0-32 14.33-32 32v144H32c-17.67 0-32 14.33-32 32v32c0 17.67 14.33 32 32 32h144v144c0 17.67 14.33 32 32 32h32c17.67 0 32-14.33 32-32V304h144c17.67 0 32-14.33 32-32v-32c0-17.67-14.33-32-32-32z\"><\/path><\/svg><\/span>\n\t\t\t\t\t\t\t\t<span class=\"elementor-accordion-icon-opened\"><svg class=\"e-font-icon-svg e-fas-minus\" viewBox=\"0 0 448 512\" xmlns=\"http:\/\/www.w3.org\/2000\/svg\"><path d=\"M416 208H32c-17.67 0-32 14.33-32 32v32c0 17.67 14.33 32 32 32h384c17.67 0 32-14.33 32-32v-32c0-17.67-14.33-32-32-32z\"><\/path><\/svg><\/span>\n\t\t\t\t\t\t\t\t\t\t\t\t\t\t<\/span>\n\t\t\t\t\t\t\t\t\t\t\t\t<a class=\"elementor-accordion-title\" tabindex=\"0\">CARATTERI PRODUTTIVI<\/a>\n\t\t\t\t\t<\/div>\n\t\t\t\t\t<div id=\"elementor-tab-content-1703\" class=\"elementor-tab-content elementor-clearfix\" data-tab=\"3\" role=\"region\" aria-labelledby=\"elementor-tab-title-1703\"><ul><li><span style=\"color: #ff9900;\"><em>Epoca di spigatura (gg da 01.04)<\/em><\/span>: 37-43<\/li><li><span style=\"color: #ff9900;\"><em>Peso mille semi<\/em><\/span>: 48-50 g<\/li><\/ul><\/div>\n\t\t\t\t<\/div>\n\t\t\t\t\t\t\t\t<\/div>\n\t\t\t\t\t\t<\/div>\n\t\t\t\t<\/div>\n\t\t\t\t<div class=\"elementor-element elementor-element-be24ca1 elementor-widget elementor-widget-spacer\" data-id=\"be24ca1\" data-element_type=\"widget\" data-widget_type=\"spacer.default\">\n\t\t\t\t<div class=\"elementor-widget-container\">\n\t\t\t\t\t\t\t<div class=\"elementor-spacer\">\n\t\t\t<div class=\"elementor-spacer-inner\"><\/div>\n\t\t<\/div>\n\t\t\t\t\t\t<\/div>\n\t\t\t\t<\/div>\n\t\t<div class=\"elementor-element elementor-element-88a1d12 e-con-full e-flex e-con e-child\" data-id=\"88a1d12\" data-element_type=\"container\">\n\t\t\t\t<div class=\"elementor-element elementor-element-f511f5b elementor-widget elementor-widget-image-gallery\" data-id=\"f511f5b\" data-element_type=\"widget\" data-widget_type=\"image-gallery.default\">\n\t\t\t\t<div class=\"elementor-widget-container\">\n\t\t\t\t\t\t\t<div class=\"elementor-image-gallery\">\n\t\t\t<div id='gallery-16' class='gallery galleryid-1199 gallery-columns-4 gallery-size-thumbnail'><figure class='gallery-item'>\n\t\t\t<div class='gallery-icon landscape'>\n\t\t\t\t<a data-elementor-open-lightbox=\"yes\" data-elementor-lightbox-slideshow=\"f511f5b\" data-elementor-lightbox-title=\"Senza titolo\" data-e-action-hash=\"#elementor-action%3Aaction%3Dlightbox%26settings%3DeyJpZCI6MTIwOSwidXJsIjoiaHR0cHM6XC9cL3NhdmVncmFpbi1jZXIuY29tXC93cC1jb250ZW50XC91cGxvYWRzXC8yMDI0XC8wNlwvU2VuemEtdGl0b2xvLTEwLnBuZyIsInNsaWRlc2hvdyI6ImY1MTFmNWIifQ%3D%3D\" href='https:\/\/savegrain-cer.com\/wp-content\/uploads\/2024\/06\/Senza-titolo-10.png'><img decoding=\"async\" width=\"150\" height=\"150\" src=\"https:\/\/savegrain-cer.com\/wp-content\/uploads\/2024\/06\/Senza-titolo-10-150x150.png\" class=\"attachment-thumbnail size-thumbnail\" alt=\"\" \/><\/a>\n\t\t\t<\/div><\/figure><figure class='gallery-item'>\n\t\t\t<div class='gallery-icon portrait'>\n\t\t\t\t<a data-elementor-open-lightbox=\"yes\" data-elementor-lightbox-slideshow=\"f511f5b\" data-elementor-lightbox-title=\"Senza titolo.\" data-e-action-hash=\"#elementor-action%3Aaction%3Dlightbox%26settings%3DeyJpZCI6MTIwOCwidXJsIjoiaHR0cHM6XC9cL3NhdmVncmFpbi1jZXIuY29tXC93cC1jb250ZW50XC91cGxvYWRzXC8yMDI0XC8wNlwvU2VuemEtdGl0b2xvLTkucG5nIiwic2xpZGVzaG93IjoiZjUxMWY1YiJ9\" href='https:\/\/savegrain-cer.com\/wp-content\/uploads\/2024\/06\/Senza-titolo-9.png'><img decoding=\"async\" width=\"150\" height=\"150\" src=\"https:\/\/savegrain-cer.com\/wp-content\/uploads\/2024\/06\/Senza-titolo-9-150x150.png\" class=\"attachment-thumbnail size-thumbnail\" alt=\"\" \/><\/a>\n\t\t\t<\/div><\/figure><figure class='gallery-item'>\n\t\t\t<div class='gallery-icon landscape'>\n\t\t\t\t<a data-elementor-open-lightbox=\"yes\" data-elementor-lightbox-slideshow=\"f511f5b\" data-elementor-lightbox-title=\"D1_24Mag15 (4)\" data-e-action-hash=\"#elementor-action%3Aaction%3Dlightbox%26settings%3DeyJpZCI6MTIwNywidXJsIjoiaHR0cHM6XC9cL3NhdmVncmFpbi1jZXIuY29tXC93cC1jb250ZW50XC91cGxvYWRzXC8yMDI0XC8wNlwvRDFfMjRNYWcxNS00LXNjYWxlZC5qcGciLCJzbGlkZXNob3ciOiJmNTExZjViIn0%3D\" href='https:\/\/savegrain-cer.com\/wp-content\/uploads\/2024\/06\/D1_24Mag15-4-scaled.jpg'><img decoding=\"async\" width=\"150\" height=\"150\" src=\"https:\/\/savegrain-cer.com\/wp-content\/uploads\/2024\/06\/D1_24Mag15-4-150x150.jpg\" class=\"attachment-thumbnail size-thumbnail\" alt=\"\" \/><\/a>\n\t\t\t<\/div><\/figure><figure class='gallery-item'>\n\t\t\t<div class='gallery-icon portrait'>\n\t\t\t\t<a data-elementor-open-lightbox=\"yes\" data-elementor-lightbox-slideshow=\"f511f5b\" data-elementor-lightbox-title=\"Senza titolo_\" data-e-action-hash=\"#elementor-action%3Aaction%3Dlightbox%26settings%3DeyJpZCI6MTIxMCwidXJsIjoiaHR0cHM6XC9cL3NhdmVncmFpbi1jZXIuY29tXC93cC1jb250ZW50XC91cGxvYWRzXC8yMDI0XC8wNlwvU2VuemEtdGl0b2xvXy0xLnBuZyIsInNsaWRlc2hvdyI6ImY1MTFmNWIifQ%3D%3D\" href='https:\/\/savegrain-cer.com\/wp-content\/uploads\/2024\/06\/Senza-titolo_-1.png'><img loading=\"lazy\" decoding=\"async\" width=\"150\" height=\"150\" src=\"https:\/\/savegrain-cer.com\/wp-content\/uploads\/2024\/06\/Senza-titolo_-1-150x150.png\" class=\"attachment-thumbnail size-thumbnail\" alt=\"\" \/><\/a>\n\t\t\t<\/div><\/figure><figure class='gallery-item'>\n\t\t\t<div class='gallery-icon portrait'>\n\t\t\t\t<a data-elementor-open-lightbox=\"yes\" data-elementor-lightbox-slideshow=\"f511f5b\" data-elementor-lightbox-title=\"D1_24Mag15 (3)\" data-e-action-hash=\"#elementor-action%3Aaction%3Dlightbox%26settings%3DeyJpZCI6MTIwNiwidXJsIjoiaHR0cHM6XC9cL3NhdmVncmFpbi1jZXIuY29tXC93cC1jb250ZW50XC91cGxvYWRzXC8yMDI0XC8wNlwvRDFfMjRNYWcxNS0zLXNjYWxlZC5qcGciLCJzbGlkZXNob3ciOiJmNTExZjViIn0%3D\" href='https:\/\/savegrain-cer.com\/wp-content\/uploads\/2024\/06\/D1_24Mag15-3-scaled.jpg'><img loading=\"lazy\" decoding=\"async\" width=\"150\" height=\"150\" src=\"https:\/\/savegrain-cer.com\/wp-content\/uploads\/2024\/06\/D1_24Mag15-3-150x150.jpg\" class=\"attachment-thumbnail size-thumbnail\" alt=\"\" \/><\/a>\n\t\t\t<\/div><\/figure>\n\t\t<\/div>\n\t\t<\/div>\n\t\t\t\t\t\t<\/div>\n\t\t\t\t<\/div>\n\t\t\t\t<\/div>\n\t\t\t\t<\/div>\n\t\t<div class=\"elementor-element elementor-element-0a0fdce e-con-full e-flex e-con e-child\" data-id=\"0a0fdce\" data-element_type=\"container\">\n\t\t\t\t<div class=\"elementor-element elementor-element-6f8b4b2 elementor-arrows-position-inside elementor-pagination-position-outside elementor-widget elementor-widget-image-carousel\" data-id=\"6f8b4b2\" data-element_type=\"widget\" data-settings=\"{&quot;slides_to_show&quot;:&quot;1&quot;,&quot;navigation&quot;:&quot;both&quot;,&quot;autoplay&quot;:&quot;yes&quot;,&quot;pause_on_hover&quot;:&quot;yes&quot;,&quot;pause_on_interaction&quot;:&quot;yes&quot;,&quot;autoplay_speed&quot;:5000,&quot;infinite&quot;:&quot;yes&quot;,&quot;effect&quot;:&quot;slide&quot;,&quot;speed&quot;:500}\" data-widget_type=\"image-carousel.default\">\n\t\t\t\t<div class=\"elementor-widget-container\">\n\t\t\t\t\t\t\t<div class=\"elementor-image-carousel-wrapper swiper\" role=\"region\" aria-roledescription=\"carousel\" aria-label=\"Carosello d&#039;immagini\" dir=\"ltr\">\n\t\t\t<div class=\"elementor-image-carousel swiper-wrapper\" aria-live=\"off\">\n\t\t\t\t\t\t\t\t<div class=\"swiper-slide\" role=\"group\" aria-roledescription=\"slide\" aria-label=\"1 di 2\"><figure class=\"swiper-slide-inner\"><img decoding=\"async\" class=\"swiper-slide-image\" src=\"https:\/\/savegrain-cer.com\/wp-content\/uploads\/2024\/06\/Senza-titolo-8.png\" alt=\"Senza titolo\" \/><\/figure><\/div><div class=\"swiper-slide\" role=\"group\" aria-roledescription=\"slide\" aria-label=\"2 di 2\"><figure class=\"swiper-slide-inner\"><img decoding=\"async\" class=\"swiper-slide-image\" src=\"https:\/\/savegrain-cer.com\/wp-content\/uploads\/2024\/06\/Senza-titolo-7.png\" alt=\"Senza titolo.\" \/><\/figure><\/div>\t\t\t<\/div>\n\t\t\t\t\t\t\t\t\t\t\t\t<div class=\"elementor-swiper-button elementor-swiper-button-prev\" role=\"button\" tabindex=\"0\">\n\t\t\t\t\t\t<svg aria-hidden=\"true\" class=\"e-font-icon-svg e-eicon-chevron-left\" viewBox=\"0 0 1000 1000\" xmlns=\"http:\/\/www.w3.org\/2000\/svg\"><path d=\"M646 125C629 125 613 133 604 142L308 442C296 454 292 471 292 487 292 504 296 521 308 533L604 854C617 867 629 875 646 875 663 875 679 871 692 858 704 846 713 829 713 812 713 796 708 779 692 767L438 487 692 225C700 217 708 204 708 187 708 171 704 154 692 142 675 129 663 125 646 125Z\"><\/path><\/svg>\t\t\t\t\t<\/div>\n\t\t\t\t\t<div class=\"elementor-swiper-button elementor-swiper-button-next\" role=\"button\" tabindex=\"0\">\n\t\t\t\t\t\t<svg aria-hidden=\"true\" class=\"e-font-icon-svg e-eicon-chevron-right\" viewBox=\"0 0 1000 1000\" xmlns=\"http:\/\/www.w3.org\/2000\/svg\"><path d=\"M696 533C708 521 713 504 713 487 713 471 708 454 696 446L400 146C388 133 375 125 354 125 338 125 325 129 313 142 300 154 292 171 292 187 292 204 296 221 308 233L563 492 304 771C292 783 288 800 288 817 288 833 296 850 308 863 321 871 338 875 354 875 371 875 388 867 400 854L696 533Z\"><\/path><\/svg>\t\t\t\t\t<\/div>\n\t\t\t\t\n\t\t\t\t\t\t\t\t\t<div class=\"swiper-pagination\"><\/div>\n\t\t\t\t\t\t\t\t\t<\/div>\n\t\t\t\t\t\t<\/div>\n\t\t\t\t<\/div>\n\t\t\t\t<div class=\"elementor-element elementor-element-102f92e elementor-widget elementor-widget-spacer\" data-id=\"102f92e\" data-element_type=\"widget\" data-widget_type=\"spacer.default\">\n\t\t\t\t<div class=\"elementor-widget-container\">\n\t\t\t\t\t\t\t<div class=\"elementor-spacer\">\n\t\t\t<div class=\"elementor-spacer-inner\"><\/div>\n\t\t<\/div>\n\t\t\t\t\t\t<\/div>\n\t\t\t\t<\/div>\n\t\t\t\t<div class=\"elementor-element elementor-element-df05394 elementor-widget elementor-widget-progress\" data-id=\"df05394\" data-element_type=\"widget\" data-widget_type=\"progress.default\">\n\t\t\t\t<div class=\"elementor-widget-container\">\n\t\t\t\t\t\t\t\t<span class=\"elementor-title\" id=\"elementor-progress-bar-df05394\">\n\t\t\t\tCont. Proteico (g\/100g)\t\t\t<\/span>\n\t\t\n\t\t<div aria-labelledby=\"elementor-progress-bar-df05394\" class=\"elementor-progress-wrapper\" role=\"progressbar\" aria-valuemin=\"0\" aria-valuemax=\"100\" aria-valuenow=\"15.5\">\n\t\t\t<div class=\"elementor-progress-bar\" data-max=\"15.5\">\n\t\t\t\t<span class=\"elementor-progress-text\"><\/span>\n\t\t\t\t\t\t\t\t\t<span class=\"elementor-progress-percentage\">15.5%<\/span>\n\t\t\t\t\t\t\t<\/div>\n\t\t<\/div>\n\t\t\t\t\t\t<\/div>\n\t\t\t\t<\/div>\n\t\t\t\t<div class=\"elementor-element elementor-element-19ce81a elementor-widget elementor-widget-progress\" data-id=\"19ce81a\" data-element_type=\"widget\" data-widget_type=\"progress.default\">\n\t\t\t\t<div class=\"elementor-widget-container\">\n\t\t\t\t\t\t\t\t<span class=\"elementor-title\" id=\"elementor-progress-bar-19ce81a\">\n\t\t\t\tAllettamento alla raccolta\t\t\t<\/span>\n\t\t\n\t\t<div aria-labelledby=\"elementor-progress-bar-19ce81a\" class=\"elementor-progress-wrapper\" role=\"progressbar\" aria-valuemin=\"0\" aria-valuemax=\"100\" aria-valuenow=\"70\">\n\t\t\t<div class=\"elementor-progress-bar\" data-max=\"70\">\n\t\t\t\t<span class=\"elementor-progress-text\"><\/span>\n\t\t\t\t\t\t\t<\/div>\n\t\t<\/div>\n\t\t\t\t\t\t<\/div>\n\t\t\t\t<\/div>\n\t\t\t\t<div class=\"elementor-element elementor-element-852b3a8 elementor-widget elementor-widget-progress\" data-id=\"852b3a8\" data-element_type=\"widget\" data-widget_type=\"progress.default\">\n\t\t\t\t<div class=\"elementor-widget-container\">\n\t\t\t\t\t\t\t\t<span class=\"elementor-title\" id=\"elementor-progress-bar-852b3a8\">\n\t\t\t\tResistenza al freddo\t\t\t<\/span>\n\t\t\n\t\t<div aria-labelledby=\"elementor-progress-bar-852b3a8\" class=\"elementor-progress-wrapper\" role=\"progressbar\" aria-valuemin=\"0\" aria-valuemax=\"100\" aria-valuenow=\"70\">\n\t\t\t<div class=\"elementor-progress-bar\" data-max=\"70\">\n\t\t\t\t<span class=\"elementor-progress-text\"><\/span>\n\t\t\t\t\t\t\t<\/div>\n\t\t<\/div>\n\t\t\t\t\t\t<\/div>\n\t\t\t\t<\/div>\n\t\t\t\t<div class=\"elementor-element elementor-element-04aa72d elementor-widget elementor-widget-spacer\" data-id=\"04aa72d\" data-element_type=\"widget\" data-widget_type=\"spacer.default\">\n\t\t\t\t<div class=\"elementor-widget-container\">\n\t\t\t\t\t\t\t<div class=\"elementor-spacer\">\n\t\t\t<div class=\"elementor-spacer-inner\"><\/div>\n\t\t<\/div>\n\t\t\t\t\t\t<\/div>\n\t\t\t\t<\/div>\n\t\t\t\t<div class=\"elementor-element elementor-element-9daecce elementor-widget elementor-widget-google_maps\" data-id=\"9daecce\" data-element_type=\"widget\" data-widget_type=\"google_maps.default\">\n\t\t\t\t<div class=\"elementor-widget-container\">\n\t\t\t\t\t\t\t<div class=\"elementor-custom-embed\">\n\t\t\t<iframe loading=\"lazy\"\n\t\t\t\t\tsrc=\"https:\/\/maps.google.com\/maps?q=puglia&#038;t=m&#038;z=8&#038;output=embed&#038;iwloc=near\"\n\t\t\t\t\ttitle=\"puglia\"\n\t\t\t\t\taria-label=\"puglia\"\n\t\t\t><\/iframe>\n\t\t<\/div>\n\t\t\t\t\t\t<\/div>\n\t\t\t\t<\/div>\n\t\t\t\t<\/div>\n\t\t\t\t<\/div>\n\t\t\t\t<\/div>\n\t\t\t\t<\/div>\n\t\t\t\t\t<\/div>\n\t\t\t\t<\/div>\n\t\t\t\t\t<\/div>\n\t\t\t\t<\/div>\n\t\t\t\t\t<\/div>\n\t\t\t\t<\/div>\n\t\t\t\t<\/div>\n\t\t","protected":false},"excerpt":{"rendered":"<p>Triticum durum Desf. Storia e curiosit\u00e0 Il grano duro Carlantino nell\u2019&#8221;L\u2019Economia rustica del Regno di Napoli&#8221; del 1835, \u00e8 riportato tra le colture della Daunia presenti nei \u201cpoderi arabili\u201d, \u201cmasserie di campo\u201d caratterizzate da terreni estesissimi e \u201cversurieri\u201d da terreni di piccole dimensioni, come frumento somigliantissimo alla Saragolla dalla quale differisce per \u201ci grani pi\u00f9&#8230;<\/p>\n","protected":false},"author":1,"featured_media":0,"parent":602,"menu_order":0,"comment_status":"closed","ping_status":"closed","template":"","meta":{"om_disable_all_campaigns":false,"_monsterinsights_skip_tracking":false,"_monsterinsights_sitenote_active":false,"_monsterinsights_sitenote_note":"","_monsterinsights_sitenote_category":0,"ngg_post_thumbnail":0,"footnotes":""},"class_list":["post-1199","page","type-page","status-publish","hentry"],"aioseo_notices":[],"_links":{"self":[{"href":"https:\/\/savegrain-cer.com\/index.php\/wp-json\/wp\/v2\/pages\/1199","targetHints":{"allow":["GET"]}}],"collection":[{"href":"https:\/\/savegrain-cer.com\/index.php\/wp-json\/wp\/v2\/pages"}],"about":[{"href":"https:\/\/savegrain-cer.com\/index.php\/wp-json\/wp\/v2\/types\/page"}],"author":[{"embeddable":true,"href":"https:\/\/savegrain-cer.com\/index.php\/wp-json\/wp\/v2\/users\/1"}],"replies":[{"embeddable":true,"href":"https:\/\/savegrain-cer.com\/index.php\/wp-json\/wp\/v2\/comments?post=1199"}],"version-history":[{"count":10,"href":"https:\/\/savegrain-cer.com\/index.php\/wp-json\/wp\/v2\/pages\/1199\/revisions"}],"predecessor-version":[{"id":1257,"href":"https:\/\/savegrain-cer.com\/index.php\/wp-json\/wp\/v2\/pages\/1199\/revisions\/1257"}],"up":[{"embeddable":true,"href":"https:\/\/savegrain-cer.com\/index.php\/wp-json\/wp\/v2\/pages\/602"}],"wp:attachment":[{"href":"https:\/\/savegrain-cer.com\/index.php\/wp-json\/wp\/v2\/media?parent=1199"}],"curies":[{"name":"wp","href":"https:\/\/api.w.org\/{rel}","templated":true}]}}