{"id":1217,"date":"2024-06-21T10:58:00","date_gmt":"2024-06-21T08:58:00","guid":{"rendered":"https:\/\/savegrain-cer.com\/?page_id=1217"},"modified":"2024-06-21T11:15:02","modified_gmt":"2024-06-21T09:15:02","slug":"grano-duro-dauno-iii","status":"publish","type":"page","link":"https:\/\/savegrain-cer.com\/index.php\/grano-duro-dauno-iii\/","title":{"rendered":"GRANO DURO DAUNO III"},"content":{"rendered":"\t\t<div data-elementor-type=\"wp-page\" data-elementor-id=\"1217\" class=\"elementor elementor-1217\">\n\t\t\t\t<div class=\"elementor-element elementor-element-058fb9a e-flex e-con-boxed e-con e-parent\" data-id=\"058fb9a\" data-element_type=\"container\">\n\t\t\t\t\t<div class=\"e-con-inner\">\n\t\t\t\t<div class=\"elementor-element elementor-element-cedf707 elementor-widget elementor-widget-heading\" data-id=\"cedf707\" data-element_type=\"widget\" data-widget_type=\"heading.default\">\n\t\t\t\t<div class=\"elementor-widget-container\">\n\t\t\t\t\t<h4 class=\"elementor-heading-title elementor-size-default\"><i>Triticum durum <\/i>Desf.<i><\/i><\/h4>\t\t\t\t<\/div>\n\t\t\t\t<\/div>\n\t\t\t\t\t<\/div>\n\t\t\t\t<\/div>\n\t\t<div class=\"elementor-element elementor-element-6a38a8a e-flex e-con-boxed e-con e-parent\" data-id=\"6a38a8a\" data-element_type=\"container\">\n\t\t\t\t\t<div class=\"e-con-inner\">\n\t\t<div class=\"elementor-element elementor-element-33dc517 e-flex e-con-boxed e-con e-child\" data-id=\"33dc517\" data-element_type=\"container\">\n\t\t\t\t\t<div class=\"e-con-inner\">\n\t\t<div class=\"elementor-element elementor-element-31d592b e-flex e-con-boxed e-con e-child\" data-id=\"31d592b\" data-element_type=\"container\">\n\t\t\t\t\t<div class=\"e-con-inner\">\n\t\t<div class=\"elementor-element elementor-element-a6ffd97 e-con-full e-flex e-con e-child\" data-id=\"a6ffd97\" data-element_type=\"container\">\n\t\t<div class=\"elementor-element elementor-element-0d22f33 e-con-full e-flex e-con e-child\" data-id=\"0d22f33\" data-element_type=\"container\">\n\t\t<div class=\"elementor-element elementor-element-a2c5a81 e-grid e-con-full e-con e-child\" data-id=\"a2c5a81\" data-element_type=\"container\">\n\t\t<div class=\"elementor-element elementor-element-8bc4624 e-con-full e-flex e-con e-child\" data-id=\"8bc4624\" data-element_type=\"container\">\n\t\t\t\t<div class=\"elementor-element elementor-element-ff8255a elementor-widget elementor-widget-text-editor\" data-id=\"ff8255a\" data-element_type=\"widget\" data-widget_type=\"text-editor.default\">\n\t\t\t\t<div class=\"elementor-widget-container\">\n\t\t\t\t\t\t\t\t\t<p><span style=\"color: #ff9900;\"><strong>Storia e curiosit\u00e0<\/strong><\/span><\/p><p>Il Dauno III appartiene al gruppo di variet\u00e0 selezionate da Nazareno Strampelli a Foggia a partire dal 1908 in seguito ad ibridazione con parentali sconosciuti e contraddistinte con i numeri da I a VIII. Tra tutte le variet\u00e0 appartenenti a questo gruppo, il Dauno III \u00e8 quello che si \u00e8 adattato meglio alle aree delle regioni Meridionali gi\u00e0 a partire dagli inizi degli anni \u201820.<br \/>L\u2019areale di coltivazione preminente \u00e8 sempre stato quello di collina e pianura dove prevalgono terreni spesso argillosi oppure argilloso\/calcarei ma comunque dotati di un discreto livello di fertilit\u00e0. In queste condizioni la materia prima presentava le caratteristiche ideali per la produzione di paste alimentari.<br \/>Le piante possono raggiungere anche 1,70 m di altezza ed hanno un buon potere di accestimento,<br \/>certamente superiore a quello del grano duro Cappelli. In condizioni di buona vegetazione il Dauno III \u00e8 particolarmente suscettibile all\u2019allettamento e questo compromette la qualit\u00e0 della granella e le operazioni di raccolta. La spiga \u00e8 fusiforme con le glume<br \/>tendenti al rosso e le reste bianche. Le cariossidi sono di colore giallo-ambrate, di grandi dimensioni e con una scarsa attitudine alla bianconatura. Il monitoraggio del territorio ha consentito di stabilire che attualmente viene coltivato in alcune aree del subappennino Dauno (FG) per la produzione di semole\/sfarinati da destinare alla produzione locale di pane e pasta. Purtroppo, la scarsa tenacit\u00e0 del glutine richiede una grande professionalit\u00e0 nella preparazione dei prodotti trasformati.<\/p>\t\t\t\t\t\t\t\t<\/div>\n\t\t\t\t<\/div>\n\t\t\t\t<div class=\"elementor-element elementor-element-16ae1cc elementor-widget elementor-widget-spacer\" data-id=\"16ae1cc\" data-element_type=\"widget\" data-widget_type=\"spacer.default\">\n\t\t\t\t<div class=\"elementor-widget-container\">\n\t\t\t\t\t\t\t<div class=\"elementor-spacer\">\n\t\t\t<div class=\"elementor-spacer-inner\"><\/div>\n\t\t<\/div>\n\t\t\t\t\t\t<\/div>\n\t\t\t\t<\/div>\n\t\t\t\t<div class=\"elementor-element elementor-element-80051ad elementor-widget elementor-widget-accordion\" data-id=\"80051ad\" data-element_type=\"widget\" data-widget_type=\"accordion.default\">\n\t\t\t\t<div class=\"elementor-widget-container\">\n\t\t\t\t\t\t\t<div class=\"elementor-accordion\">\n\t\t\t\t\t\t\t<div class=\"elementor-accordion-item\">\n\t\t\t\t\t<div id=\"elementor-tab-title-1341\" class=\"elementor-tab-title\" data-tab=\"1\" role=\"button\" aria-controls=\"elementor-tab-content-1341\" aria-expanded=\"false\">\n\t\t\t\t\t\t\t\t\t\t\t\t\t<span class=\"elementor-accordion-icon elementor-accordion-icon-left\" aria-hidden=\"true\">\n\t\t\t\t\t\t\t\t\t\t\t\t\t\t\t<span class=\"elementor-accordion-icon-closed\"><svg class=\"e-font-icon-svg e-fas-plus\" viewBox=\"0 0 448 512\" xmlns=\"http:\/\/www.w3.org\/2000\/svg\"><path d=\"M416 208H272V64c0-17.67-14.33-32-32-32h-32c-17.67 0-32 14.33-32 32v144H32c-17.67 0-32 14.33-32 32v32c0 17.67 14.33 32 32 32h144v144c0 17.67 14.33 32 32 32h32c17.67 0 32-14.33 32-32V304h144c17.67 0 32-14.33 32-32v-32c0-17.67-14.33-32-32-32z\"><\/path><\/svg><\/span>\n\t\t\t\t\t\t\t\t<span class=\"elementor-accordion-icon-opened\"><svg class=\"e-font-icon-svg e-fas-minus\" viewBox=\"0 0 448 512\" xmlns=\"http:\/\/www.w3.org\/2000\/svg\"><path d=\"M416 208H32c-17.67 0-32 14.33-32 32v32c0 17.67 14.33 32 32 32h384c17.67 0 32-14.33 32-32v-32c0-17.67-14.33-32-32-32z\"><\/path><\/svg><\/span>\n\t\t\t\t\t\t\t\t\t\t\t\t\t\t<\/span>\n\t\t\t\t\t\t\t\t\t\t\t\t<a class=\"elementor-accordion-title\" tabindex=\"0\">DESCRIZIONE MORFOLOGICA<\/a>\n\t\t\t\t\t<\/div>\n\t\t\t\t\t<div id=\"elementor-tab-content-1341\" class=\"elementor-tab-content elementor-clearfix\" data-tab=\"1\" role=\"region\" aria-labelledby=\"elementor-tab-title-1341\"><h5><span style=\"color: #000000;\"><strong>Pianta<\/strong><\/span><\/h5><ul><li><span style=\"color: #ff9900;\"><em>Portamento<\/em><\/span>: eretto<\/li><li><span style=\"color: #ff9900;\"><em>Altezza (culmo, spiga e reste) (cm)<\/em><\/span>: 145-155 cm<\/li><li><span style=\"color: #ff9900;\"><em>Glaucescenza spiga<\/em><\/span>: debole<\/li><\/ul><h5><span style=\"color: #000000;\"><strong>Spiga<\/strong><\/span><\/h5><ul><li><span style=\"color: #ff9900;\"><em>Colorazione delle reste<\/em><\/span>: biancastro<\/li><li><span style=\"color: #ff9900;\"><em>Colore a maturazione<\/em><\/span>: leggermente colorata<\/li><li><span style=\"color: #ff9900;\"><em>Forma<\/em><\/span>: fusiforme<\/li><li><span style=\"color: #ff9900;\"><em>Densit\u00e0<\/em><\/span>: media<\/li><\/ul><h5><span style=\"color: #000000;\"><strong>Cariosside<\/strong><\/span><\/h5><ul><li><span style=\"color: #ff9900;\"><em>Forma<\/em><\/span>: semi-allungata<\/li><li><span style=\"color: #ff9900;\"><em>Colore<\/em><\/span>: giallo-ambrato<\/li><\/ul><\/div>\n\t\t\t\t<\/div>\n\t\t\t\t\t\t\t<div class=\"elementor-accordion-item\">\n\t\t\t\t\t<div id=\"elementor-tab-title-1342\" class=\"elementor-tab-title\" data-tab=\"2\" role=\"button\" aria-controls=\"elementor-tab-content-1342\" aria-expanded=\"false\">\n\t\t\t\t\t\t\t\t\t\t\t\t\t<span class=\"elementor-accordion-icon elementor-accordion-icon-left\" aria-hidden=\"true\">\n\t\t\t\t\t\t\t\t\t\t\t\t\t\t\t<span class=\"elementor-accordion-icon-closed\"><svg class=\"e-font-icon-svg e-fas-plus\" viewBox=\"0 0 448 512\" xmlns=\"http:\/\/www.w3.org\/2000\/svg\"><path d=\"M416 208H272V64c0-17.67-14.33-32-32-32h-32c-17.67 0-32 14.33-32 32v144H32c-17.67 0-32 14.33-32 32v32c0 17.67 14.33 32 32 32h144v144c0 17.67 14.33 32 32 32h32c17.67 0 32-14.33 32-32V304h144c17.67 0 32-14.33 32-32v-32c0-17.67-14.33-32-32-32z\"><\/path><\/svg><\/span>\n\t\t\t\t\t\t\t\t<span class=\"elementor-accordion-icon-opened\"><svg class=\"e-font-icon-svg e-fas-minus\" viewBox=\"0 0 448 512\" xmlns=\"http:\/\/www.w3.org\/2000\/svg\"><path d=\"M416 208H32c-17.67 0-32 14.33-32 32v32c0 17.67 14.33 32 32 32h384c17.67 0 32-14.33 32-32v-32c0-17.67-14.33-32-32-32z\"><\/path><\/svg><\/span>\n\t\t\t\t\t\t\t\t\t\t\t\t\t\t<\/span>\n\t\t\t\t\t\t\t\t\t\t\t\t<a class=\"elementor-accordion-title\" tabindex=\"0\">TIPO DI SVILUPPO<\/a>\n\t\t\t\t\t<\/div>\n\t\t\t\t\t<div id=\"elementor-tab-content-1342\" class=\"elementor-tab-content elementor-clearfix\" data-tab=\"2\" role=\"region\" aria-labelledby=\"elementor-tab-title-1342\"><ul><li>Invernale<\/li><\/ul><\/div>\n\t\t\t\t<\/div>\n\t\t\t\t\t\t\t<div class=\"elementor-accordion-item\">\n\t\t\t\t\t<div id=\"elementor-tab-title-1343\" class=\"elementor-tab-title\" data-tab=\"3\" role=\"button\" aria-controls=\"elementor-tab-content-1343\" aria-expanded=\"false\">\n\t\t\t\t\t\t\t\t\t\t\t\t\t<span class=\"elementor-accordion-icon elementor-accordion-icon-left\" aria-hidden=\"true\">\n\t\t\t\t\t\t\t\t\t\t\t\t\t\t\t<span class=\"elementor-accordion-icon-closed\"><svg class=\"e-font-icon-svg e-fas-plus\" viewBox=\"0 0 448 512\" xmlns=\"http:\/\/www.w3.org\/2000\/svg\"><path d=\"M416 208H272V64c0-17.67-14.33-32-32-32h-32c-17.67 0-32 14.33-32 32v144H32c-17.67 0-32 14.33-32 32v32c0 17.67 14.33 32 32 32h144v144c0 17.67 14.33 32 32 32h32c17.67 0 32-14.33 32-32V304h144c17.67 0 32-14.33 32-32v-32c0-17.67-14.33-32-32-32z\"><\/path><\/svg><\/span>\n\t\t\t\t\t\t\t\t<span class=\"elementor-accordion-icon-opened\"><svg class=\"e-font-icon-svg e-fas-minus\" viewBox=\"0 0 448 512\" xmlns=\"http:\/\/www.w3.org\/2000\/svg\"><path d=\"M416 208H32c-17.67 0-32 14.33-32 32v32c0 17.67 14.33 32 32 32h384c17.67 0 32-14.33 32-32v-32c0-17.67-14.33-32-32-32z\"><\/path><\/svg><\/span>\n\t\t\t\t\t\t\t\t\t\t\t\t\t\t<\/span>\n\t\t\t\t\t\t\t\t\t\t\t\t<a class=\"elementor-accordion-title\" tabindex=\"0\">CARATTERI PRODUTTIVI<\/a>\n\t\t\t\t\t<\/div>\n\t\t\t\t\t<div id=\"elementor-tab-content-1343\" class=\"elementor-tab-content elementor-clearfix\" data-tab=\"3\" role=\"region\" aria-labelledby=\"elementor-tab-title-1343\"><ul><li><span style=\"color: #ff9900;\"><em>Epoca di spigatura (gg da 01.04)<\/em><\/span>: 38-45<\/li><li><span style=\"color: #ff9900;\"><em>Peso mille semi<\/em><\/span>: 43-54 g<\/li><\/ul><\/div>\n\t\t\t\t<\/div>\n\t\t\t\t\t\t\t\t<\/div>\n\t\t\t\t\t\t<\/div>\n\t\t\t\t<\/div>\n\t\t<div class=\"elementor-element elementor-element-c48c00a e-con-full e-flex e-con e-child\" data-id=\"c48c00a\" data-element_type=\"container\">\n\t\t\t\t<div class=\"elementor-element elementor-element-4ccb121 elementor-widget elementor-widget-image-gallery\" data-id=\"4ccb121\" data-element_type=\"widget\" data-widget_type=\"image-gallery.default\">\n\t\t\t\t<div class=\"elementor-widget-container\">\n\t\t\t\t\t\t\t<div class=\"elementor-image-gallery\">\n\t\t\t<div id='gallery-18' class='gallery galleryid-1217 gallery-columns-4 gallery-size-thumbnail'><figure class='gallery-item'>\n\t\t\t<div class='gallery-icon landscape'>\n\t\t\t\t<a data-elementor-open-lightbox=\"yes\" data-elementor-lightbox-slideshow=\"4ccb121\" data-elementor-lightbox-title=\"DSCN1278\" data-e-action-hash=\"#elementor-action%3Aaction%3Dlightbox%26settings%3DeyJpZCI6MTIyOSwidXJsIjoiaHR0cHM6XC9cL3NhdmVncmFpbi1jZXIuY29tXC93cC1jb250ZW50XC91cGxvYWRzXC8yMDI0XC8wNlwvRFNDTjEyNzgtc2NhbGVkLmpwZyIsInNsaWRlc2hvdyI6IjRjY2IxMjEifQ%3D%3D\" href='https:\/\/savegrain-cer.com\/wp-content\/uploads\/2024\/06\/DSCN1278-scaled.jpg'><img decoding=\"async\" width=\"150\" height=\"150\" src=\"https:\/\/savegrain-cer.com\/wp-content\/uploads\/2024\/06\/DSCN1278-150x150.jpg\" class=\"attachment-thumbnail size-thumbnail\" alt=\"\" \/><\/a>\n\t\t\t<\/div><\/figure><figure class='gallery-item'>\n\t\t\t<div class='gallery-icon landscape'>\n\t\t\t\t<a data-elementor-open-lightbox=\"yes\" data-elementor-lightbox-slideshow=\"4ccb121\" data-elementor-lightbox-title=\"D3_14mar2015 (1)\" data-e-action-hash=\"#elementor-action%3Aaction%3Dlightbox%26settings%3DeyJpZCI6MTIyNiwidXJsIjoiaHR0cHM6XC9cL3NhdmVncmFpbi1jZXIuY29tXC93cC1jb250ZW50XC91cGxvYWRzXC8yMDI0XC8wNlwvRDNfMTRtYXIyMDE1LTEtc2NhbGVkLmpwZyIsInNsaWRlc2hvdyI6IjRjY2IxMjEifQ%3D%3D\" href='https:\/\/savegrain-cer.com\/wp-content\/uploads\/2024\/06\/D3_14mar2015-1-scaled.jpg'><img decoding=\"async\" width=\"150\" height=\"150\" src=\"https:\/\/savegrain-cer.com\/wp-content\/uploads\/2024\/06\/D3_14mar2015-1-150x150.jpg\" class=\"attachment-thumbnail size-thumbnail\" alt=\"\" \/><\/a>\n\t\t\t<\/div><\/figure><figure class='gallery-item'>\n\t\t\t<div class='gallery-icon landscape'>\n\t\t\t\t<a data-elementor-open-lightbox=\"yes\" data-elementor-lightbox-slideshow=\"4ccb121\" data-elementor-lightbox-title=\"D3_24Mag15 (5)\" data-e-action-hash=\"#elementor-action%3Aaction%3Dlightbox%26settings%3DeyJpZCI6MTIyOCwidXJsIjoiaHR0cHM6XC9cL3NhdmVncmFpbi1jZXIuY29tXC93cC1jb250ZW50XC91cGxvYWRzXC8yMDI0XC8wNlwvRDNfMjRNYWcxNS01LXNjYWxlZC5qcGciLCJzbGlkZXNob3ciOiI0Y2NiMTIxIn0%3D\" href='https:\/\/savegrain-cer.com\/wp-content\/uploads\/2024\/06\/D3_24Mag15-5-scaled.jpg'><img decoding=\"async\" width=\"150\" height=\"150\" src=\"https:\/\/savegrain-cer.com\/wp-content\/uploads\/2024\/06\/D3_24Mag15-5-150x150.jpg\" class=\"attachment-thumbnail size-thumbnail\" alt=\"\" \/><\/a>\n\t\t\t<\/div><\/figure><figure class='gallery-item'>\n\t\t\t<div class='gallery-icon landscape'>\n\t\t\t\t<a data-elementor-open-lightbox=\"yes\" data-elementor-lightbox-slideshow=\"4ccb121\" data-elementor-lightbox-title=\"D3_01Mag2015 (4)\" data-e-action-hash=\"#elementor-action%3Aaction%3Dlightbox%26settings%3DeyJpZCI6MTIyNSwidXJsIjoiaHR0cHM6XC9cL3NhdmVncmFpbi1jZXIuY29tXC93cC1jb250ZW50XC91cGxvYWRzXC8yMDI0XC8wNlwvRDNfMDFNYWcyMDE1LTQtc2NhbGVkLmpwZyIsInNsaWRlc2hvdyI6IjRjY2IxMjEifQ%3D%3D\" href='https:\/\/savegrain-cer.com\/wp-content\/uploads\/2024\/06\/D3_01Mag2015-4-scaled.jpg'><img loading=\"lazy\" decoding=\"async\" width=\"150\" height=\"150\" src=\"https:\/\/savegrain-cer.com\/wp-content\/uploads\/2024\/06\/D3_01Mag2015-4-150x150.jpg\" class=\"attachment-thumbnail size-thumbnail\" alt=\"\" \/><\/a>\n\t\t\t<\/div><\/figure><figure class='gallery-item'>\n\t\t\t<div class='gallery-icon portrait'>\n\t\t\t\t<a data-elementor-open-lightbox=\"yes\" data-elementor-lightbox-slideshow=\"4ccb121\" data-elementor-lightbox-title=\"D3_24Mag15 (1)\" data-e-action-hash=\"#elementor-action%3Aaction%3Dlightbox%26settings%3DeyJpZCI6MTIyNywidXJsIjoiaHR0cHM6XC9cL3NhdmVncmFpbi1jZXIuY29tXC93cC1jb250ZW50XC91cGxvYWRzXC8yMDI0XC8wNlwvRDNfMjRNYWcxNS0xLXNjYWxlZC5qcGciLCJzbGlkZXNob3ciOiI0Y2NiMTIxIn0%3D\" href='https:\/\/savegrain-cer.com\/wp-content\/uploads\/2024\/06\/D3_24Mag15-1-scaled.jpg'><img loading=\"lazy\" decoding=\"async\" width=\"150\" height=\"150\" src=\"https:\/\/savegrain-cer.com\/wp-content\/uploads\/2024\/06\/D3_24Mag15-1-150x150.jpg\" class=\"attachment-thumbnail size-thumbnail\" alt=\"\" \/><\/a>\n\t\t\t<\/div><\/figure>\n\t\t<\/div>\n\t\t<\/div>\n\t\t\t\t\t\t<\/div>\n\t\t\t\t<\/div>\n\t\t\t\t<\/div>\n\t\t\t\t<\/div>\n\t\t<div class=\"elementor-element elementor-element-8ba9f20 e-con-full e-flex e-con e-child\" data-id=\"8ba9f20\" data-element_type=\"container\">\n\t\t\t\t<div class=\"elementor-element elementor-element-f366926 elementor-arrows-position-inside elementor-pagination-position-outside elementor-widget elementor-widget-image-carousel\" data-id=\"f366926\" data-element_type=\"widget\" data-settings=\"{&quot;slides_to_show&quot;:&quot;1&quot;,&quot;navigation&quot;:&quot;both&quot;,&quot;autoplay&quot;:&quot;yes&quot;,&quot;pause_on_hover&quot;:&quot;yes&quot;,&quot;pause_on_interaction&quot;:&quot;yes&quot;,&quot;autoplay_speed&quot;:5000,&quot;infinite&quot;:&quot;yes&quot;,&quot;effect&quot;:&quot;slide&quot;,&quot;speed&quot;:500}\" data-widget_type=\"image-carousel.default\">\n\t\t\t\t<div class=\"elementor-widget-container\">\n\t\t\t\t\t\t\t<div class=\"elementor-image-carousel-wrapper swiper\" role=\"region\" aria-roledescription=\"carousel\" aria-label=\"Carosello d&#039;immagini\" dir=\"ltr\">\n\t\t\t<div class=\"elementor-image-carousel swiper-wrapper\" aria-live=\"off\">\n\t\t\t\t\t\t\t\t<div class=\"swiper-slide\" role=\"group\" aria-roledescription=\"slide\" aria-label=\"1 di 1\"><figure class=\"swiper-slide-inner\"><img decoding=\"async\" class=\"swiper-slide-image\" src=\"https:\/\/savegrain-cer.com\/wp-content\/uploads\/2024\/06\/Senza-titolo-11.png\" alt=\"Senza titolo\" \/><\/figure><\/div>\t\t\t<\/div>\n\t\t\t\t\t<\/div>\n\t\t\t\t\t\t<\/div>\n\t\t\t\t<\/div>\n\t\t\t\t<div class=\"elementor-element elementor-element-67fe763 elementor-widget elementor-widget-spacer\" data-id=\"67fe763\" data-element_type=\"widget\" data-widget_type=\"spacer.default\">\n\t\t\t\t<div class=\"elementor-widget-container\">\n\t\t\t\t\t\t\t<div class=\"elementor-spacer\">\n\t\t\t<div class=\"elementor-spacer-inner\"><\/div>\n\t\t<\/div>\n\t\t\t\t\t\t<\/div>\n\t\t\t\t<\/div>\n\t\t\t\t<div class=\"elementor-element elementor-element-f824808 elementor-widget elementor-widget-progress\" data-id=\"f824808\" data-element_type=\"widget\" data-widget_type=\"progress.default\">\n\t\t\t\t<div class=\"elementor-widget-container\">\n\t\t\t\t\t\t\t\t<span class=\"elementor-title\" id=\"elementor-progress-bar-f824808\">\n\t\t\t\tCont. Proteico (g\/100g)\t\t\t<\/span>\n\t\t\n\t\t<div aria-labelledby=\"elementor-progress-bar-f824808\" class=\"elementor-progress-wrapper\" role=\"progressbar\" aria-valuemin=\"0\" aria-valuemax=\"100\" aria-valuenow=\"13.6\">\n\t\t\t<div class=\"elementor-progress-bar\" data-max=\"13.6\">\n\t\t\t\t<span class=\"elementor-progress-text\"><\/span>\n\t\t\t\t\t\t\t\t\t<span class=\"elementor-progress-percentage\">13.6%<\/span>\n\t\t\t\t\t\t\t<\/div>\n\t\t<\/div>\n\t\t\t\t\t\t<\/div>\n\t\t\t\t<\/div>\n\t\t\t\t<div class=\"elementor-element elementor-element-848893e elementor-widget elementor-widget-progress\" data-id=\"848893e\" data-element_type=\"widget\" data-widget_type=\"progress.default\">\n\t\t\t\t<div class=\"elementor-widget-container\">\n\t\t\t\t\t\t\t\t<span class=\"elementor-title\" id=\"elementor-progress-bar-848893e\">\n\t\t\t\tAllettamento alla raccolta\t\t\t<\/span>\n\t\t\n\t\t<div aria-labelledby=\"elementor-progress-bar-848893e\" class=\"elementor-progress-wrapper\" role=\"progressbar\" aria-valuemin=\"0\" aria-valuemax=\"100\" aria-valuenow=\"95\">\n\t\t\t<div class=\"elementor-progress-bar\" data-max=\"95\">\n\t\t\t\t<span class=\"elementor-progress-text\"><\/span>\n\t\t\t\t\t\t\t<\/div>\n\t\t<\/div>\n\t\t\t\t\t\t<\/div>\n\t\t\t\t<\/div>\n\t\t\t\t<div class=\"elementor-element elementor-element-e696613 elementor-widget elementor-widget-progress\" data-id=\"e696613\" data-element_type=\"widget\" data-widget_type=\"progress.default\">\n\t\t\t\t<div class=\"elementor-widget-container\">\n\t\t\t\t\t\t\t\t<span class=\"elementor-title\" id=\"elementor-progress-bar-e696613\">\n\t\t\t\tResistenza al freddo\t\t\t<\/span>\n\t\t\n\t\t<div aria-labelledby=\"elementor-progress-bar-e696613\" class=\"elementor-progress-wrapper\" role=\"progressbar\" aria-valuemin=\"0\" aria-valuemax=\"100\" aria-valuenow=\"65\">\n\t\t\t<div class=\"elementor-progress-bar\" data-max=\"65\">\n\t\t\t\t<span class=\"elementor-progress-text\"><\/span>\n\t\t\t\t\t\t\t<\/div>\n\t\t<\/div>\n\t\t\t\t\t\t<\/div>\n\t\t\t\t<\/div>\n\t\t\t\t<div class=\"elementor-element elementor-element-7a690a3 elementor-widget elementor-widget-progress\" data-id=\"7a690a3\" data-element_type=\"widget\" data-widget_type=\"progress.default\">\n\t\t\t\t<div class=\"elementor-widget-container\">\n\t\t\t\t\t\t\t\t<span class=\"elementor-title\" id=\"elementor-progress-bar-7a690a3\">\n\t\t\t\tResistenza al mal bianco\t\t\t<\/span>\n\t\t\n\t\t<div aria-labelledby=\"elementor-progress-bar-7a690a3\" class=\"elementor-progress-wrapper\" role=\"progressbar\" aria-valuemin=\"0\" aria-valuemax=\"100\" aria-valuenow=\"80\">\n\t\t\t<div class=\"elementor-progress-bar\" data-max=\"80\">\n\t\t\t\t<span class=\"elementor-progress-text\"><\/span>\n\t\t\t\t\t\t\t<\/div>\n\t\t<\/div>\n\t\t\t\t\t\t<\/div>\n\t\t\t\t<\/div>\n\t\t\t\t<div class=\"elementor-element elementor-element-c7a158b elementor-widget elementor-widget-spacer\" data-id=\"c7a158b\" data-element_type=\"widget\" data-widget_type=\"spacer.default\">\n\t\t\t\t<div class=\"elementor-widget-container\">\n\t\t\t\t\t\t\t<div class=\"elementor-spacer\">\n\t\t\t<div class=\"elementor-spacer-inner\"><\/div>\n\t\t<\/div>\n\t\t\t\t\t\t<\/div>\n\t\t\t\t<\/div>\n\t\t\t\t<div class=\"elementor-element elementor-element-6cfe07a elementor-widget elementor-widget-google_maps\" data-id=\"6cfe07a\" data-element_type=\"widget\" data-widget_type=\"google_maps.default\">\n\t\t\t\t<div class=\"elementor-widget-container\">\n\t\t\t\t\t\t\t<div class=\"elementor-custom-embed\">\n\t\t\t<iframe loading=\"lazy\"\n\t\t\t\t\tsrc=\"https:\/\/maps.google.com\/maps?q=puglia&#038;t=m&#038;z=8&#038;output=embed&#038;iwloc=near\"\n\t\t\t\t\ttitle=\"puglia\"\n\t\t\t\t\taria-label=\"puglia\"\n\t\t\t><\/iframe>\n\t\t<\/div>\n\t\t\t\t\t\t<\/div>\n\t\t\t\t<\/div>\n\t\t\t\t<\/div>\n\t\t\t\t<\/div>\n\t\t\t\t<\/div>\n\t\t\t\t<\/div>\n\t\t\t\t\t<\/div>\n\t\t\t\t<\/div>\n\t\t\t\t\t<\/div>\n\t\t\t\t<\/div>\n\t\t\t\t\t<\/div>\n\t\t\t\t<\/div>\n\t\t<div class=\"elementor-element elementor-element-2e22a26 e-con-full e-flex e-con e-parent\" data-id=\"2e22a26\" data-element_type=\"container\">\n\t\t\t\t<div class=\"elementor-element elementor-element-1b789aa elementor-widget elementor-widget-image\" data-id=\"1b789aa\" data-element_type=\"widget\" data-widget_type=\"image.default\">\n\t\t\t\t<div class=\"elementor-widget-container\">\n\t\t\t\t\t\t\t\t\t\t\t\t\t\t\t<img loading=\"lazy\" decoding=\"async\" width=\"1024\" height=\"424\" src=\"https:\/\/savegrain-cer.com\/wp-content\/uploads\/2024\/06\/Senza-titolo-12-1024x424.png\" class=\"attachment-large size-large wp-image-1230\" alt=\"\" srcset=\"https:\/\/savegrain-cer.com\/wp-content\/uploads\/2024\/06\/Senza-titolo-12-1024x424.png 1024w, https:\/\/savegrain-cer.com\/wp-content\/uploads\/2024\/06\/Senza-titolo-12-300x124.png 300w, https:\/\/savegrain-cer.com\/wp-content\/uploads\/2024\/06\/Senza-titolo-12-768x318.png 768w, https:\/\/savegrain-cer.com\/wp-content\/uploads\/2024\/06\/Senza-titolo-12.png 1043w\" sizes=\"(max-width: 1024px) 100vw, 1024px\" \/>\t\t\t\t\t\t\t\t\t\t\t\t\t\t\t<\/div>\n\t\t\t\t<\/div>\n\t\t\t\t<\/div>\n\t\t\t\t<\/div>\n\t\t","protected":false},"excerpt":{"rendered":"<p>Triticum durum Desf. Storia e curiosit\u00e0 Il Dauno III appartiene al gruppo di variet\u00e0 selezionate da Nazareno Strampelli a Foggia a partire dal 1908 in seguito ad ibridazione con parentali sconosciuti e contraddistinte con i numeri da I a VIII. Tra tutte le variet\u00e0 appartenenti a questo gruppo, il Dauno III \u00e8 quello che si&#8230;<\/p>\n","protected":false},"author":1,"featured_media":0,"parent":0,"menu_order":0,"comment_status":"closed","ping_status":"closed","template":"","meta":{"om_disable_all_campaigns":false,"_monsterinsights_skip_tracking":false,"_monsterinsights_sitenote_active":false,"_monsterinsights_sitenote_note":"","_monsterinsights_sitenote_category":0,"ngg_post_thumbnail":0,"footnotes":""},"class_list":["post-1217","page","type-page","status-publish","hentry"],"aioseo_notices":[],"_links":{"self":[{"href":"https:\/\/savegrain-cer.com\/index.php\/wp-json\/wp\/v2\/pages\/1217","targetHints":{"allow":["GET"]}}],"collection":[{"href":"https:\/\/savegrain-cer.com\/index.php\/wp-json\/wp\/v2\/pages"}],"about":[{"href":"https:\/\/savegrain-cer.com\/index.php\/wp-json\/wp\/v2\/types\/page"}],"author":[{"embeddable":true,"href":"https:\/\/savegrain-cer.com\/index.php\/wp-json\/wp\/v2\/users\/1"}],"replies":[{"embeddable":true,"href":"https:\/\/savegrain-cer.com\/index.php\/wp-json\/wp\/v2\/comments?post=1217"}],"version-history":[{"count":6,"href":"https:\/\/savegrain-cer.com\/index.php\/wp-json\/wp\/v2\/pages\/1217\/revisions"}],"predecessor-version":[{"id":1233,"href":"https:\/\/savegrain-cer.com\/index.php\/wp-json\/wp\/v2\/pages\/1217\/revisions\/1233"}],"wp:attachment":[{"href":"https:\/\/savegrain-cer.com\/index.php\/wp-json\/wp\/v2\/media?parent=1217"}],"curies":[{"name":"wp","href":"https:\/\/api.w.org\/{rel}","templated":true}]}}