{"id":1237,"date":"2024-06-21T15:34:08","date_gmt":"2024-06-21T13:34:08","guid":{"rendered":"https:\/\/savegrain-cer.com\/?page_id=1237"},"modified":"2024-06-21T15:34:26","modified_gmt":"2024-06-21T13:34:26","slug":"grano-duro-garigliano","status":"publish","type":"page","link":"https:\/\/savegrain-cer.com\/index.php\/grano-duro-garigliano\/","title":{"rendered":"GRANO DURO GARIGLIANO"},"content":{"rendered":"\t\t<div data-elementor-type=\"wp-page\" data-elementor-id=\"1237\" class=\"elementor elementor-1237\">\n\t\t\t\t<div class=\"elementor-element elementor-element-bf5b7b8 e-flex e-con-boxed e-con e-parent\" data-id=\"bf5b7b8\" data-element_type=\"container\">\n\t\t\t\t\t<div class=\"e-con-inner\">\n\t\t\t\t<div class=\"elementor-element elementor-element-5721a53 elementor-widget elementor-widget-heading\" data-id=\"5721a53\" data-element_type=\"widget\" data-widget_type=\"heading.default\">\n\t\t\t\t<div class=\"elementor-widget-container\">\n\t\t\t\t\t<h4 class=\"elementor-heading-title elementor-size-default\"><i>Triticum durum <\/i>Desf.<i><\/i><\/h4>\t\t\t\t<\/div>\n\t\t\t\t<\/div>\n\t\t\t\t\t<\/div>\n\t\t\t\t<\/div>\n\t\t<div class=\"elementor-element elementor-element-a37c610 e-flex e-con-boxed e-con e-parent\" data-id=\"a37c610\" data-element_type=\"container\">\n\t\t\t\t\t<div class=\"e-con-inner\">\n\t\t<div class=\"elementor-element elementor-element-c7a36a1 e-flex e-con-boxed e-con e-child\" data-id=\"c7a36a1\" data-element_type=\"container\">\n\t\t\t\t\t<div class=\"e-con-inner\">\n\t\t<div class=\"elementor-element elementor-element-9fff266 e-flex e-con-boxed e-con e-child\" data-id=\"9fff266\" data-element_type=\"container\">\n\t\t\t\t\t<div class=\"e-con-inner\">\n\t\t<div class=\"elementor-element elementor-element-8a9aada e-con-full e-flex e-con e-child\" data-id=\"8a9aada\" data-element_type=\"container\">\n\t\t<div class=\"elementor-element elementor-element-75a684c e-con-full e-flex e-con e-child\" data-id=\"75a684c\" data-element_type=\"container\">\n\t\t<div class=\"elementor-element elementor-element-0949f7e e-grid e-con-full e-con e-child\" data-id=\"0949f7e\" data-element_type=\"container\">\n\t\t<div class=\"elementor-element elementor-element-f2cc411 e-con-full e-flex e-con e-child\" data-id=\"f2cc411\" data-element_type=\"container\">\n\t\t\t\t<div class=\"elementor-element elementor-element-15fb2dd elementor-widget elementor-widget-text-editor\" data-id=\"15fb2dd\" data-element_type=\"widget\" data-widget_type=\"text-editor.default\">\n\t\t\t\t<div class=\"elementor-widget-container\">\n\t\t\t\t\t\t\t\t\t<p><span style=\"color: #ff9900;\"><strong>Storia e curiosit\u00e0<\/strong><\/span><\/p><p>Il grano duro Garigliano \u00e8 una delle variet\u00e0 selezionate da Nazareno Strampelli a Foggia nel 1924 frutto dell\u2019incrocio tra le variet\u00e0 Tripolino e Cappelli. Nel tempo, le migliori performance produttive e la maggiore precocit\u00e0 di spigatura hanno consentito a tale variet\u00e0 di occupare una parte della superficie precedentemente destinata al grano duro Cappelli. Tuttavia, pur<br \/>essendo 10-15 cm pi\u00f9 basso del Cappelli \u00e8 meno resistente all\u2019allettamento ha una scarsa capacit\u00e0 di accestimento. La spiga \u00e8 piatta e serrata, le glume bianche e glabre. Anche le caratteristiche<br \/>della granella sono meno interessanti dal punto di vista qualitativo. Il Garigliano si adatta molto bene nei terreni leggeri e storicamente, in provincia di Foggia, veniva impiegato molto spesso in successione ad altri frumenti nonostante questa pratica sia notoriamente non consigliabile. La variet\u00e0 \u00e8 da tempo conservata presso la l\u2019Azienda Sperimentale \u201cManfredini\u201d CREA Centro di Ricerca Cerealicoltura e colture Industriali di Foggia.<\/p>\t\t\t\t\t\t\t\t<\/div>\n\t\t\t\t<\/div>\n\t\t\t\t<div class=\"elementor-element elementor-element-17e747e elementor-widget elementor-widget-spacer\" data-id=\"17e747e\" data-element_type=\"widget\" data-widget_type=\"spacer.default\">\n\t\t\t\t<div class=\"elementor-widget-container\">\n\t\t\t\t\t\t\t<div class=\"elementor-spacer\">\n\t\t\t<div class=\"elementor-spacer-inner\"><\/div>\n\t\t<\/div>\n\t\t\t\t\t\t<\/div>\n\t\t\t\t<\/div>\n\t\t\t\t<div class=\"elementor-element elementor-element-039e300 elementor-widget elementor-widget-accordion\" data-id=\"039e300\" data-element_type=\"widget\" data-widget_type=\"accordion.default\">\n\t\t\t\t<div class=\"elementor-widget-container\">\n\t\t\t\t\t\t\t<div class=\"elementor-accordion\">\n\t\t\t\t\t\t\t<div class=\"elementor-accordion-item\">\n\t\t\t\t\t<div id=\"elementor-tab-title-3791\" class=\"elementor-tab-title\" data-tab=\"1\" role=\"button\" aria-controls=\"elementor-tab-content-3791\" aria-expanded=\"false\">\n\t\t\t\t\t\t\t\t\t\t\t\t\t<span class=\"elementor-accordion-icon elementor-accordion-icon-left\" aria-hidden=\"true\">\n\t\t\t\t\t\t\t\t\t\t\t\t\t\t\t<span class=\"elementor-accordion-icon-closed\"><svg class=\"e-font-icon-svg e-fas-plus\" viewBox=\"0 0 448 512\" xmlns=\"http:\/\/www.w3.org\/2000\/svg\"><path d=\"M416 208H272V64c0-17.67-14.33-32-32-32h-32c-17.67 0-32 14.33-32 32v144H32c-17.67 0-32 14.33-32 32v32c0 17.67 14.33 32 32 32h144v144c0 17.67 14.33 32 32 32h32c17.67 0 32-14.33 32-32V304h144c17.67 0 32-14.33 32-32v-32c0-17.67-14.33-32-32-32z\"><\/path><\/svg><\/span>\n\t\t\t\t\t\t\t\t<span class=\"elementor-accordion-icon-opened\"><svg class=\"e-font-icon-svg e-fas-minus\" viewBox=\"0 0 448 512\" xmlns=\"http:\/\/www.w3.org\/2000\/svg\"><path d=\"M416 208H32c-17.67 0-32 14.33-32 32v32c0 17.67 14.33 32 32 32h384c17.67 0 32-14.33 32-32v-32c0-17.67-14.33-32-32-32z\"><\/path><\/svg><\/span>\n\t\t\t\t\t\t\t\t\t\t\t\t\t\t<\/span>\n\t\t\t\t\t\t\t\t\t\t\t\t<a class=\"elementor-accordion-title\" tabindex=\"0\">DESCRIZIONE MORFOLOGICA<\/a>\n\t\t\t\t\t<\/div>\n\t\t\t\t\t<div id=\"elementor-tab-content-3791\" class=\"elementor-tab-content elementor-clearfix\" data-tab=\"1\" role=\"region\" aria-labelledby=\"elementor-tab-title-3791\"><h5><span style=\"color: #000000;\"><strong>Pianta<\/strong><\/span><\/h5><ul><li><span style=\"color: #ff9900;\"><em>Portamento<\/em><\/span>: eretto<\/li><li><span style=\"color: #ff9900;\"><em>Altezza (culmo, spiga e reste) (cm)<\/em><\/span>: 115-125 cm<\/li><li><span style=\"color: #ff9900;\"><em>Glaucescenza spiga<\/em><\/span>: debole<\/li><\/ul><h5><span style=\"color: #000000;\"><strong>Spiga<\/strong><\/span><\/h5><ul><li><span style=\"color: #ff9900;\"><em>Colorazione delle reste<\/em><\/span>: nere alla base e biancastre all&#8217;apice con riflessi rossastri<\/li><li><span style=\"color: #ff9900;\"><em>Colore a maturazione<\/em><\/span>: leggermente colorata<\/li><li><span style=\"color: #ff9900;\"><em>Forma<\/em><\/span>: fusiforme piatta e serrata<\/li><li><span style=\"color: #ff9900;\"><em>Densit\u00e0<\/em><\/span>: alta<\/li><\/ul><h5><span style=\"color: #000000;\"><strong>Cariosside<\/strong><\/span><\/h5><ul><li><span style=\"color: #ff9900;\"><em>Forma<\/em><\/span>: semi-allungata<\/li><li><span style=\"color: #ff9900;\"><em>Colore<\/em><\/span>: giallo-ambrato<\/li><\/ul><\/div>\n\t\t\t\t<\/div>\n\t\t\t\t\t\t\t<div class=\"elementor-accordion-item\">\n\t\t\t\t\t<div id=\"elementor-tab-title-3792\" class=\"elementor-tab-title\" data-tab=\"2\" role=\"button\" aria-controls=\"elementor-tab-content-3792\" aria-expanded=\"false\">\n\t\t\t\t\t\t\t\t\t\t\t\t\t<span class=\"elementor-accordion-icon elementor-accordion-icon-left\" aria-hidden=\"true\">\n\t\t\t\t\t\t\t\t\t\t\t\t\t\t\t<span class=\"elementor-accordion-icon-closed\"><svg class=\"e-font-icon-svg e-fas-plus\" viewBox=\"0 0 448 512\" xmlns=\"http:\/\/www.w3.org\/2000\/svg\"><path d=\"M416 208H272V64c0-17.67-14.33-32-32-32h-32c-17.67 0-32 14.33-32 32v144H32c-17.67 0-32 14.33-32 32v32c0 17.67 14.33 32 32 32h144v144c0 17.67 14.33 32 32 32h32c17.67 0 32-14.33 32-32V304h144c17.67 0 32-14.33 32-32v-32c0-17.67-14.33-32-32-32z\"><\/path><\/svg><\/span>\n\t\t\t\t\t\t\t\t<span class=\"elementor-accordion-icon-opened\"><svg class=\"e-font-icon-svg e-fas-minus\" viewBox=\"0 0 448 512\" xmlns=\"http:\/\/www.w3.org\/2000\/svg\"><path d=\"M416 208H32c-17.67 0-32 14.33-32 32v32c0 17.67 14.33 32 32 32h384c17.67 0 32-14.33 32-32v-32c0-17.67-14.33-32-32-32z\"><\/path><\/svg><\/span>\n\t\t\t\t\t\t\t\t\t\t\t\t\t\t<\/span>\n\t\t\t\t\t\t\t\t\t\t\t\t<a class=\"elementor-accordion-title\" tabindex=\"0\">TIPO DI SVILUPPO<\/a>\n\t\t\t\t\t<\/div>\n\t\t\t\t\t<div id=\"elementor-tab-content-3792\" class=\"elementor-tab-content elementor-clearfix\" data-tab=\"2\" role=\"region\" aria-labelledby=\"elementor-tab-title-3792\"><ul><li>Invernale<\/li><\/ul><\/div>\n\t\t\t\t<\/div>\n\t\t\t\t\t\t\t<div class=\"elementor-accordion-item\">\n\t\t\t\t\t<div id=\"elementor-tab-title-3793\" class=\"elementor-tab-title\" data-tab=\"3\" role=\"button\" aria-controls=\"elementor-tab-content-3793\" aria-expanded=\"false\">\n\t\t\t\t\t\t\t\t\t\t\t\t\t<span class=\"elementor-accordion-icon elementor-accordion-icon-left\" aria-hidden=\"true\">\n\t\t\t\t\t\t\t\t\t\t\t\t\t\t\t<span class=\"elementor-accordion-icon-closed\"><svg class=\"e-font-icon-svg e-fas-plus\" viewBox=\"0 0 448 512\" xmlns=\"http:\/\/www.w3.org\/2000\/svg\"><path d=\"M416 208H272V64c0-17.67-14.33-32-32-32h-32c-17.67 0-32 14.33-32 32v144H32c-17.67 0-32 14.33-32 32v32c0 17.67 14.33 32 32 32h144v144c0 17.67 14.33 32 32 32h32c17.67 0 32-14.33 32-32V304h144c17.67 0 32-14.33 32-32v-32c0-17.67-14.33-32-32-32z\"><\/path><\/svg><\/span>\n\t\t\t\t\t\t\t\t<span class=\"elementor-accordion-icon-opened\"><svg class=\"e-font-icon-svg e-fas-minus\" viewBox=\"0 0 448 512\" xmlns=\"http:\/\/www.w3.org\/2000\/svg\"><path d=\"M416 208H32c-17.67 0-32 14.33-32 32v32c0 17.67 14.33 32 32 32h384c17.67 0 32-14.33 32-32v-32c0-17.67-14.33-32-32-32z\"><\/path><\/svg><\/span>\n\t\t\t\t\t\t\t\t\t\t\t\t\t\t<\/span>\n\t\t\t\t\t\t\t\t\t\t\t\t<a class=\"elementor-accordion-title\" tabindex=\"0\">CARATTERI PRODUTTIVI<\/a>\n\t\t\t\t\t<\/div>\n\t\t\t\t\t<div id=\"elementor-tab-content-3793\" class=\"elementor-tab-content elementor-clearfix\" data-tab=\"3\" role=\"region\" aria-labelledby=\"elementor-tab-title-3793\"><ul><li><span style=\"color: #ff9900;\"><em>Epoca di spigatura (gg da 01.04)<\/em><\/span>: 38-39<\/li><li><span style=\"color: #ff9900;\"><em>Peso mille semi<\/em><\/span>: 54-55 g<\/li><\/ul><\/div>\n\t\t\t\t<\/div>\n\t\t\t\t\t\t\t\t<\/div>\n\t\t\t\t\t\t<\/div>\n\t\t\t\t<\/div>\n\t\t<div class=\"elementor-element elementor-element-e1a4cfe e-con-full e-flex e-con e-child\" data-id=\"e1a4cfe\" data-element_type=\"container\">\n\t\t\t\t<div class=\"elementor-element elementor-element-4810cd5 elementor-widget elementor-widget-image-gallery\" data-id=\"4810cd5\" data-element_type=\"widget\" data-widget_type=\"image-gallery.default\">\n\t\t\t\t<div class=\"elementor-widget-container\">\n\t\t\t\t\t\t\t<div class=\"elementor-image-gallery\">\n\t\t\t<div id='gallery-17' class='gallery galleryid-1237 gallery-columns-4 gallery-size-thumbnail'><figure class='gallery-item'>\n\t\t\t<div class='gallery-icon landscape'>\n\t\t\t\t<a data-elementor-open-lightbox=\"yes\" data-elementor-lightbox-slideshow=\"4810cd5\" data-elementor-lightbox-title=\"63_Garigliano_2\" data-e-action-hash=\"#elementor-action%3Aaction%3Dlightbox%26settings%3DeyJpZCI6MTI0MCwidXJsIjoiaHR0cHM6XC9cL3NhdmVncmFpbi1jZXIuY29tXC93cC1jb250ZW50XC91cGxvYWRzXC8yMDI0XC8wNlwvNjNfR2FyaWdsaWFub18yLXNjYWxlZC5qcGciLCJzbGlkZXNob3ciOiI0ODEwY2Q1In0%3D\" href='https:\/\/savegrain-cer.com\/wp-content\/uploads\/2024\/06\/63_Garigliano_2-scaled.jpg'><img decoding=\"async\" width=\"150\" height=\"150\" src=\"https:\/\/savegrain-cer.com\/wp-content\/uploads\/2024\/06\/63_Garigliano_2-150x150.jpg\" class=\"attachment-thumbnail size-thumbnail\" alt=\"\" \/><\/a>\n\t\t\t<\/div><\/figure><figure class='gallery-item'>\n\t\t\t<div class='gallery-icon landscape'>\n\t\t\t\t<a data-elementor-open-lightbox=\"yes\" data-elementor-lightbox-slideshow=\"4810cd5\" data-elementor-lightbox-title=\"63_Garigliano_4\" data-e-action-hash=\"#elementor-action%3Aaction%3Dlightbox%26settings%3DeyJpZCI6MTI0MiwidXJsIjoiaHR0cHM6XC9cL3NhdmVncmFpbi1jZXIuY29tXC93cC1jb250ZW50XC91cGxvYWRzXC8yMDI0XC8wNlwvNjNfR2FyaWdsaWFub180LXNjYWxlZC5qcGciLCJzbGlkZXNob3ciOiI0ODEwY2Q1In0%3D\" href='https:\/\/savegrain-cer.com\/wp-content\/uploads\/2024\/06\/63_Garigliano_4-scaled.jpg'><img decoding=\"async\" width=\"150\" height=\"150\" src=\"https:\/\/savegrain-cer.com\/wp-content\/uploads\/2024\/06\/63_Garigliano_4-150x150.jpg\" class=\"attachment-thumbnail size-thumbnail\" alt=\"\" \/><\/a>\n\t\t\t<\/div><\/figure><figure class='gallery-item'>\n\t\t\t<div class='gallery-icon portrait'>\n\t\t\t\t<a data-elementor-open-lightbox=\"yes\" data-elementor-lightbox-slideshow=\"4810cd5\" data-elementor-lightbox-title=\"63_Garigliano_3\" data-e-action-hash=\"#elementor-action%3Aaction%3Dlightbox%26settings%3DeyJpZCI6MTI0MSwidXJsIjoiaHR0cHM6XC9cL3NhdmVncmFpbi1jZXIuY29tXC93cC1jb250ZW50XC91cGxvYWRzXC8yMDI0XC8wNlwvNjNfR2FyaWdsaWFub18zLXNjYWxlZC5qcGciLCJzbGlkZXNob3ciOiI0ODEwY2Q1In0%3D\" href='https:\/\/savegrain-cer.com\/wp-content\/uploads\/2024\/06\/63_Garigliano_3-scaled.jpg'><img decoding=\"async\" width=\"150\" height=\"150\" src=\"https:\/\/savegrain-cer.com\/wp-content\/uploads\/2024\/06\/63_Garigliano_3-150x150.jpg\" class=\"attachment-thumbnail size-thumbnail\" alt=\"\" \/><\/a>\n\t\t\t<\/div><\/figure><figure class='gallery-item'>\n\t\t\t<div class='gallery-icon portrait'>\n\t\t\t\t<a data-elementor-open-lightbox=\"yes\" data-elementor-lightbox-slideshow=\"4810cd5\" data-elementor-lightbox-title=\"63_Garigliano_6\" data-e-action-hash=\"#elementor-action%3Aaction%3Dlightbox%26settings%3DeyJpZCI6MTI0MywidXJsIjoiaHR0cHM6XC9cL3NhdmVncmFpbi1jZXIuY29tXC93cC1jb250ZW50XC91cGxvYWRzXC8yMDI0XC8wNlwvNjNfR2FyaWdsaWFub182LXNjYWxlZC5qcGciLCJzbGlkZXNob3ciOiI0ODEwY2Q1In0%3D\" href='https:\/\/savegrain-cer.com\/wp-content\/uploads\/2024\/06\/63_Garigliano_6-scaled.jpg'><img loading=\"lazy\" decoding=\"async\" width=\"150\" height=\"150\" src=\"https:\/\/savegrain-cer.com\/wp-content\/uploads\/2024\/06\/63_Garigliano_6-150x150.jpg\" class=\"attachment-thumbnail size-thumbnail\" alt=\"\" \/><\/a>\n\t\t\t<\/div><\/figure>\n\t\t<\/div>\n\t\t<\/div>\n\t\t\t\t\t\t<\/div>\n\t\t\t\t<\/div>\n\t\t\t\t<\/div>\n\t\t\t\t<\/div>\n\t\t<div class=\"elementor-element elementor-element-694da38 e-con-full e-flex e-con e-child\" data-id=\"694da38\" data-element_type=\"container\">\n\t\t\t\t<div class=\"elementor-element elementor-element-377a642 elementor-arrows-position-inside elementor-pagination-position-outside elementor-widget elementor-widget-image-carousel\" data-id=\"377a642\" data-element_type=\"widget\" data-settings=\"{&quot;slides_to_show&quot;:&quot;1&quot;,&quot;navigation&quot;:&quot;both&quot;,&quot;autoplay&quot;:&quot;yes&quot;,&quot;pause_on_hover&quot;:&quot;yes&quot;,&quot;pause_on_interaction&quot;:&quot;yes&quot;,&quot;autoplay_speed&quot;:5000,&quot;infinite&quot;:&quot;yes&quot;,&quot;effect&quot;:&quot;slide&quot;,&quot;speed&quot;:500}\" data-widget_type=\"image-carousel.default\">\n\t\t\t\t<div class=\"elementor-widget-container\">\n\t\t\t\t\t\t\t<div class=\"elementor-image-carousel-wrapper swiper\" role=\"region\" aria-roledescription=\"carousel\" aria-label=\"Carosello d&#039;immagini\" dir=\"ltr\">\n\t\t\t<div class=\"elementor-image-carousel swiper-wrapper\" aria-live=\"off\">\n\t\t\t\t\t\t\t\t<div class=\"swiper-slide\" role=\"group\" aria-roledescription=\"slide\" aria-label=\"1 di 1\"><figure class=\"swiper-slide-inner\"><img decoding=\"async\" class=\"swiper-slide-image\" src=\"https:\/\/savegrain-cer.com\/wp-content\/uploads\/2024\/06\/Senza-titolo-14.png\" alt=\"Senza titolo\" \/><\/figure><\/div>\t\t\t<\/div>\n\t\t\t\t\t<\/div>\n\t\t\t\t\t\t<\/div>\n\t\t\t\t<\/div>\n\t\t\t\t<div class=\"elementor-element elementor-element-ee40e56 elementor-widget elementor-widget-spacer\" data-id=\"ee40e56\" data-element_type=\"widget\" data-widget_type=\"spacer.default\">\n\t\t\t\t<div class=\"elementor-widget-container\">\n\t\t\t\t\t\t\t<div class=\"elementor-spacer\">\n\t\t\t<div class=\"elementor-spacer-inner\"><\/div>\n\t\t<\/div>\n\t\t\t\t\t\t<\/div>\n\t\t\t\t<\/div>\n\t\t\t\t<div class=\"elementor-element elementor-element-f9f51c4 elementor-widget elementor-widget-progress\" data-id=\"f9f51c4\" data-element_type=\"widget\" data-widget_type=\"progress.default\">\n\t\t\t\t<div class=\"elementor-widget-container\">\n\t\t\t\t\t\t\t\t<span class=\"elementor-title\" id=\"elementor-progress-bar-f9f51c4\">\n\t\t\t\tCont. Proteico (g\/100g)\t\t\t<\/span>\n\t\t\n\t\t<div aria-labelledby=\"elementor-progress-bar-f9f51c4\" class=\"elementor-progress-wrapper\" role=\"progressbar\" aria-valuemin=\"0\" aria-valuemax=\"100\" aria-valuenow=\"15.5\">\n\t\t\t<div class=\"elementor-progress-bar\" data-max=\"15.5\">\n\t\t\t\t<span class=\"elementor-progress-text\"><\/span>\n\t\t\t\t\t\t\t\t\t<span class=\"elementor-progress-percentage\">15.5%<\/span>\n\t\t\t\t\t\t\t<\/div>\n\t\t<\/div>\n\t\t\t\t\t\t<\/div>\n\t\t\t\t<\/div>\n\t\t\t\t<div class=\"elementor-element elementor-element-37bd5c4 elementor-widget elementor-widget-progress\" data-id=\"37bd5c4\" data-element_type=\"widget\" data-widget_type=\"progress.default\">\n\t\t\t\t<div class=\"elementor-widget-container\">\n\t\t\t\t\t\t\t\t<span class=\"elementor-title\" id=\"elementor-progress-bar-37bd5c4\">\n\t\t\t\tAllettamento alla raccolta\t\t\t<\/span>\n\t\t\n\t\t<div aria-labelledby=\"elementor-progress-bar-37bd5c4\" class=\"elementor-progress-wrapper\" role=\"progressbar\" aria-valuemin=\"0\" aria-valuemax=\"100\" aria-valuenow=\"85\">\n\t\t\t<div class=\"elementor-progress-bar\" data-max=\"85\">\n\t\t\t\t<span class=\"elementor-progress-text\"><\/span>\n\t\t\t\t\t\t\t<\/div>\n\t\t<\/div>\n\t\t\t\t\t\t<\/div>\n\t\t\t\t<\/div>\n\t\t\t\t<div class=\"elementor-element elementor-element-0721599 elementor-widget elementor-widget-progress\" data-id=\"0721599\" data-element_type=\"widget\" data-widget_type=\"progress.default\">\n\t\t\t\t<div class=\"elementor-widget-container\">\n\t\t\t\t\t\t\t\t<span class=\"elementor-title\" id=\"elementor-progress-bar-0721599\">\n\t\t\t\tResistenza al freddo\t\t\t<\/span>\n\t\t\n\t\t<div aria-labelledby=\"elementor-progress-bar-0721599\" class=\"elementor-progress-wrapper\" role=\"progressbar\" aria-valuemin=\"0\" aria-valuemax=\"100\" aria-valuenow=\"50\">\n\t\t\t<div class=\"elementor-progress-bar\" data-max=\"50\">\n\t\t\t\t<span class=\"elementor-progress-text\"><\/span>\n\t\t\t\t\t\t\t<\/div>\n\t\t<\/div>\n\t\t\t\t\t\t<\/div>\n\t\t\t\t<\/div>\n\t\t\t\t<div class=\"elementor-element elementor-element-d83681d elementor-widget elementor-widget-progress\" data-id=\"d83681d\" data-element_type=\"widget\" data-widget_type=\"progress.default\">\n\t\t\t\t<div class=\"elementor-widget-container\">\n\t\t\t\t\t\t\t\t<span class=\"elementor-title\" id=\"elementor-progress-bar-d83681d\">\n\t\t\t\tResistenza al mal bianco\t\t\t<\/span>\n\t\t\n\t\t<div aria-labelledby=\"elementor-progress-bar-d83681d\" class=\"elementor-progress-wrapper\" role=\"progressbar\" aria-valuemin=\"0\" aria-valuemax=\"100\" aria-valuenow=\"37.5\">\n\t\t\t<div class=\"elementor-progress-bar\" data-max=\"37.5\">\n\t\t\t\t<span class=\"elementor-progress-text\"><\/span>\n\t\t\t\t\t\t\t<\/div>\n\t\t<\/div>\n\t\t\t\t\t\t<\/div>\n\t\t\t\t<\/div>\n\t\t\t\t<div class=\"elementor-element elementor-element-8c613aa elementor-widget elementor-widget-spacer\" data-id=\"8c613aa\" data-element_type=\"widget\" data-widget_type=\"spacer.default\">\n\t\t\t\t<div class=\"elementor-widget-container\">\n\t\t\t\t\t\t\t<div class=\"elementor-spacer\">\n\t\t\t<div class=\"elementor-spacer-inner\"><\/div>\n\t\t<\/div>\n\t\t\t\t\t\t<\/div>\n\t\t\t\t<\/div>\n\t\t\t\t<div class=\"elementor-element elementor-element-26e138e elementor-widget elementor-widget-google_maps\" data-id=\"26e138e\" data-element_type=\"widget\" data-widget_type=\"google_maps.default\">\n\t\t\t\t<div class=\"elementor-widget-container\">\n\t\t\t\t\t\t\t<div class=\"elementor-custom-embed\">\n\t\t\t<iframe loading=\"lazy\"\n\t\t\t\t\tsrc=\"https:\/\/maps.google.com\/maps?q=puglia&#038;t=m&#038;z=8&#038;output=embed&#038;iwloc=near\"\n\t\t\t\t\ttitle=\"puglia\"\n\t\t\t\t\taria-label=\"puglia\"\n\t\t\t><\/iframe>\n\t\t<\/div>\n\t\t\t\t\t\t<\/div>\n\t\t\t\t<\/div>\n\t\t\t\t<\/div>\n\t\t\t\t<\/div>\n\t\t\t\t<\/div>\n\t\t\t\t<\/div>\n\t\t\t\t\t<\/div>\n\t\t\t\t<\/div>\n\t\t\t\t\t<\/div>\n\t\t\t\t<\/div>\n\t\t\t\t\t<\/div>\n\t\t\t\t<\/div>\n\t\t<div class=\"elementor-element elementor-element-8a660b1 e-con-full e-flex e-con e-parent\" data-id=\"8a660b1\" data-element_type=\"container\">\n\t\t\t\t<div class=\"elementor-element elementor-element-ec7e710 elementor-widget elementor-widget-image\" data-id=\"ec7e710\" data-element_type=\"widget\" data-widget_type=\"image.default\">\n\t\t\t\t<div class=\"elementor-widget-container\">\n\t\t\t\t\t\t\t\t\t\t\t\t\t\t\t<img loading=\"lazy\" decoding=\"async\" width=\"1024\" height=\"429\" src=\"https:\/\/savegrain-cer.com\/wp-content\/uploads\/2024\/06\/Senza-titolo-13-1024x429.png\" class=\"attachment-large size-large wp-image-1238\" alt=\"\" srcset=\"https:\/\/savegrain-cer.com\/wp-content\/uploads\/2024\/06\/Senza-titolo-13-1024x429.png 1024w, https:\/\/savegrain-cer.com\/wp-content\/uploads\/2024\/06\/Senza-titolo-13-300x126.png 300w, https:\/\/savegrain-cer.com\/wp-content\/uploads\/2024\/06\/Senza-titolo-13-768x322.png 768w, https:\/\/savegrain-cer.com\/wp-content\/uploads\/2024\/06\/Senza-titolo-13.png 1072w\" sizes=\"(max-width: 1024px) 100vw, 1024px\" \/>\t\t\t\t\t\t\t\t\t\t\t\t\t\t\t<\/div>\n\t\t\t\t<\/div>\n\t\t\t\t<\/div>\n\t\t\t\t<\/div>\n\t\t","protected":false},"excerpt":{"rendered":"<p>Triticum durum Desf. Storia e curiosit\u00e0 Il grano duro Garigliano \u00e8 una delle variet\u00e0 selezionate da Nazareno Strampelli a Foggia nel 1924 frutto dell\u2019incrocio tra le variet\u00e0 Tripolino e Cappelli. Nel tempo, le migliori performance produttive e la maggiore precocit\u00e0 di spigatura hanno consentito a tale variet\u00e0 di occupare una parte della superficie precedentemente destinata&#8230;<\/p>\n","protected":false},"author":1,"featured_media":0,"parent":0,"menu_order":0,"comment_status":"closed","ping_status":"closed","template":"","meta":{"om_disable_all_campaigns":false,"_monsterinsights_skip_tracking":false,"_monsterinsights_sitenote_active":false,"_monsterinsights_sitenote_note":"","_monsterinsights_sitenote_category":0,"ngg_post_thumbnail":0,"footnotes":""},"class_list":["post-1237","page","type-page","status-publish","hentry"],"aioseo_notices":[],"_links":{"self":[{"href":"https:\/\/savegrain-cer.com\/index.php\/wp-json\/wp\/v2\/pages\/1237","targetHints":{"allow":["GET"]}}],"collection":[{"href":"https:\/\/savegrain-cer.com\/index.php\/wp-json\/wp\/v2\/pages"}],"about":[{"href":"https:\/\/savegrain-cer.com\/index.php\/wp-json\/wp\/v2\/types\/page"}],"author":[{"embeddable":true,"href":"https:\/\/savegrain-cer.com\/index.php\/wp-json\/wp\/v2\/users\/1"}],"replies":[{"embeddable":true,"href":"https:\/\/savegrain-cer.com\/index.php\/wp-json\/wp\/v2\/comments?post=1237"}],"version-history":[{"count":3,"href":"https:\/\/savegrain-cer.com\/index.php\/wp-json\/wp\/v2\/pages\/1237\/revisions"}],"predecessor-version":[{"id":1247,"href":"https:\/\/savegrain-cer.com\/index.php\/wp-json\/wp\/v2\/pages\/1237\/revisions\/1247"}],"wp:attachment":[{"href":"https:\/\/savegrain-cer.com\/index.php\/wp-json\/wp\/v2\/media?parent=1237"}],"curies":[{"name":"wp","href":"https:\/\/api.w.org\/{rel}","templated":true}]}}