{"id":1345,"date":"2024-07-12T11:50:59","date_gmt":"2024-07-12T09:50:59","guid":{"rendered":"https:\/\/savegrain-cer.com\/?page_id=1345"},"modified":"2024-11-22T20:26:17","modified_gmt":"2024-11-22T18:26:17","slug":"intervento-rgv-1","status":"publish","type":"page","link":"https:\/\/savegrain-cer.com\/index.php\/progetto-savegrain\/intervento-rgv-1\/","title":{"rendered":"INTERVENTO RGV 1"},"content":{"rendered":"\t\t<div data-elementor-type=\"wp-page\" data-elementor-id=\"1345\" class=\"elementor elementor-1345\">\n\t\t\t\t<div class=\"elementor-element elementor-element-78d9821b e-con-full e-flex e-con e-parent\" data-id=\"78d9821b\" data-element_type=\"container\">\n\t\t\t\t<div class=\"elementor-element elementor-element-542663b elementor-widget elementor-widget-heading\" data-id=\"542663b\" data-element_type=\"widget\" data-widget_type=\"heading.default\">\n\t\t\t\t<div class=\"elementor-widget-container\">\n\t\t\t\t\t<h4 class=\"elementor-heading-title elementor-size-default\"><i>Indagini bibliografiche e prospezioni connesse alla provenienza e alla presenza sul territorio, agli habitat, alle peculiari conoscenze sulla coltivazione, alle tradizioni, alla cultura e agli usi, agli utilizzi non alimentari, alle preparazioni alimentari, alle economie locali.<\/i><\/h4>\t\t\t\t<\/div>\n\t\t\t\t<\/div>\n\t\t<div class=\"elementor-element elementor-element-6585c084 e-grid e-con-full e-con e-child\" data-id=\"6585c084\" data-element_type=\"container\">\n\t\t<div class=\"elementor-element elementor-element-303b8186 e-con-full e-flex e-con e-child\" data-id=\"303b8186\" data-element_type=\"container\">\n\t\t\t\t<div class=\"elementor-element elementor-element-493162e4 elementor-widget elementor-widget-text-editor\" data-id=\"493162e4\" data-element_type=\"widget\" data-widget_type=\"text-editor.default\">\n\t\t\t\t<div class=\"elementor-widget-container\">\n\t\t\t\t\t\t\t\t\t<p><span style=\"color: var( --e-global-color-text ); font-family: var( --e-global-typography-text-font-family ), Sans-serif; font-weight: var( --e-global-typography-text-font-weight ); font-size: var(--wp--preset--font-size--big); background-color: var(--wp--preset--color--background-alt);\">La finalit\u00e0 di questa attivit\u00e0 \u00e8 quella di acquisire informazioni su variet\u00e0 cerealicole a rischio di erosione genetica sia attraverso indagini bibliografiche che attraverso interviste a operatori della filiera cerealicola. Il capofila si occuper\u00e0 di coordinare le attivit\u00e0 di indagine mediante la definizione di una metodologia condivisa al fine di uniformare la raccolta dei contenuti.<\/span><\/p><p><b>A1 \u2212 Indagini bibliografiche e prospezioni territoriali \u2013 Partner: 01\/C, 01\/ES, 02\/ES,04\/ES<\/b><\/p><p>La natura geopedologica, I\u2019 estensione e le condizioni climatiche di cui gode la Puglia hanno determinato la presenza di una molteplicit\u00e0 di ambienti ed ecosistemi agrari con microclimi molto diversi tra loro. Nel tempo l\u2019abilit\u00e0 dei contadini di tali diversi contesti geografici ha portato al radicamento in ciascuno di essi, di diversi gruppi di variet\u00e0 locali. Per individuare il germoplasma di specie cerealicole ad alto rischio di erosione genetica associato a ciascun comprensorio e ricostruirne la storia sino ai giorni nostri, saranno svolte una serie di azioni che vedranno impegnati vari partner del progetto. Il passaggio preliminare \u00e8 la zonazione del territorio regionale in comprensori che tengano conto delle diversit\u00e0 ambientali, sociali e culturali presenti nella nostra regione. A titolo di esempio l\u2019Arco Jonico, la Murgia dei Trulli, la Puglia Centrale possono sicuramente vantare diversit\u00e0 storiche e sociali che si riflettono sulla tipologia di specie agrarie tipiche presenti in ciascun comprensorio. Le indagini bibliografiche tramite consultazione di archivi storici e pubblicazioni conservate presso biblioteche pubbliche e private, archivi di giornali locali, istituti scolastici, enti morali, ecc. sono essenziali per reperire materiale redatto in passato che descriva l\u2019economia agricola e le RGV locali maggiormente coltivate nelle diverse epoche storiche in ciascun comprensorio. Le informazioni raccolte saranno utilizzate per ricostruire, nei limiti del possibile, l\u2019introduzione e l&#8217;evoluzione della coltivazione di ciascuna variet\u00e0 di cereale locale in un certo territorio, la sua valenza economica e le tradizioni eventualmente ad essa connesse. La consistenza numerica dei comprensori e l\u2019entit\u00e0 del materiale da consultare, in generale scarsamente informatizzato, rende necessaria la suddivisione di queste indagini tra diversi partners. Pertanto, i partner 01\/C, 01\/E.S., 02\/E.S., 04\/E.S. opereranno in maniera coordinata nei diversi comprensori identificati e in funzione di una ripartizione varietale. Si prospetta il recupero di informazioni storiche di almeno 20 specie tra:<\/p><ul style=\"margin-block: 0px; color: #4d4d4d; font-family: 'Public Sans', sans-serif; text-align: start;\"><li>01\/C : Triticum e Hordeum, cereali minori per la Puglia (es. miglio, panico, sorgo, mais, riso) in particolare nelle province di Taranto, Lecce e BAT.<\/li><li>01\/ES: frumento tenero (Gentil Rosso, Mentana, Risciola) e frumento duro (Zingarello, Saragolla_Zingaresca, Carlatno) nelle zone del Subappennino Dauno, Gargano e Tavoliere delle Puglie e strutture extraregionali (Roma).<\/li><li>02\/ES: orzo e avena locali, farro, grano tenero (Maiorca, Gentil rosso), grano duro (Russarda, Saragolla, Capinera, Trimin\u00eca) nelle zone del Salento geografico, incluse le provincie di Brindisi e Taranto.<\/li><li>04\/ES: Frumento duro, frumento tenero, avena e orzo nella Puglia Centrale, Arco Jonico e Murgia dei trulli (AP2)<\/li><\/ul><p>L\u2019approccio metodologico con cui ci si propone di acquisire informazioni storiche non si limiter\u00e0 alla consultazione dei testi ma prevedr\u00e0 l\u2019incontro con operatori della filiera cerealicola con particolare riferimento agli anziani che conservano memoria storica sulla coltivazione di antichi cereali pugliesi. Molti di loro hanno dedicato gran parte della vita alle attivit\u00e0 agricole e quindi sono custodi unici di informazioni su alcune variet\u00e0 di cereali poco o per nulla coltivate e di tutte le problematiche connesse alla loro coltivazione. Essi sono delle vere e proprie biblioteche viventi cui attingere in una finestra temporale che va sempre pi\u00f9 restringendosi. I partner coinvolti in questa attivit\u00e0 opereranno in base alla suddivisione territoriale e varietale coordinata per raccogliere tramite almeno 10 interviste per partner coinvolti nell\u2019RGV1 (totale 40), le informazioni inerenti agli antichi grani pugliesi a rischio di erosione genetica presenti sul territorio, oltre che reperire informazioni sugli habitat, le tradizioni, la cultura, gli usi e gli utilizzi alimentari e non, e alle economie locali. L\u2019indagine partir\u00e0 dai risultati individuati attraverso la letteratura per approfondire queste conoscenze e individuare eventuali altre variet\u00e0.<\/p><p><span style=\"font-family: 'Public Sans', sans-serif; text-align: start; font-size: var(--wp--preset--font-size--big); background-color: var(--wp--preset--color--background-alt);\">Tutti i dati rilevati ed i materiali acquisiti saranno catalogati, informatizzati ed inseriti nel database e nel GIS di progetto con tutte le informazioni geografiche e temporali seguendo le indicazioni del capofila e della Regione Puglia, gestore finale di tali dati\/informazioni.<\/span><span style=\"color: #4d4d4d; font-family: 'Public Sans', sans-serif; text-align: start; font-weight: var( --e-global-typography-text-font-weight ); font-size: var(--wp--preset--font-size--big); background-color: var(--wp--preset--color--background-alt);\"><br \/><\/span><span style=\"color: var( --e-global-color-text ); font-family: var( --e-global-typography-text-font-family ), Sans-serif; font-weight: var( --e-global-typography-text-font-weight ); font-size: var(--wp--preset--font-size--big); background-color: var(--wp--preset--color--background-alt);\">Tradizionalmente impiegato per scopi alimentari, il \u201cGrano buono\u201d \u00e8 da sempre coltivato <\/span><span style=\"color: var( --e-global-color-text ); font-family: var( --e-global-typography-text-font-family ), Sans-serif; font-weight: var( --e-global-typography-text-font-weight ); text-align: var(--text-align); font-size: var(--wp--preset--font-size--big); background-color: var(--wp--preset--color--background-alt);\">dagli agricoltori locali per consumo familiare e per la preparazione di piatti tipici, come la minestra\u00a0<\/span><span style=\"color: var( --e-global-color-text ); font-family: var( --e-global-typography-text-font-family ), Sans-serif; font-weight: var( --e-global-typography-text-font-weight ); text-align: var(--text-align); font-size: var(--wp--preset--font-size--big); background-color: var(--wp--preset--color--background-alt);\">di grano e legumi, con utilizzo diretto delle cariossidi intere. Tale utilizzo, come dimostrato\u00a0<\/span><span style=\"color: var( --e-global-color-text ); font-family: var( --e-global-typography-text-font-family ), Sans-serif; font-weight: var( --e-global-typography-text-font-weight ); text-align: var(--text-align); font-size: var(--wp--preset--font-size--big); background-color: var(--wp--preset--color--background-alt);\">da prove effettuate in laboratorio, \u00e8 giustificato dalla risposta alla cottura: la quantit\u00e0\u00a0<\/span><span style=\"color: var( --e-global-color-text ); font-family: var( --e-global-typography-text-font-family ), Sans-serif; font-weight: var( --e-global-typography-text-font-weight ); text-align: var(--text-align); font-size: var(--wp--preset--font-size--big); background-color: var(--wp--preset--color--background-alt);\">di acqua assorbita e l\u2019incremento in peso delle cariossidi risultano infatti inferiori rispetto a\u00a0<\/span><span style=\"color: var( --e-global-color-text ); font-family: var( --e-global-typography-text-font-family ), Sans-serif; font-weight: var( --e-global-typography-text-font-weight ); text-align: var(--text-align); font-size: var(--wp--preset--font-size--big); background-color: var(--wp--preset--color--background-alt);\">quelle riscontrabili per le cariossidi di grani moderni. Gli attori locali (Comune di Rutigliano,\u00a0<\/span><span style=\"color: var( --e-global-color-text ); font-family: var( --e-global-typography-text-font-family ), Sans-serif; font-weight: var( --e-global-typography-text-font-weight ); text-align: var(--text-align); font-size: var(--wp--preset--font-size--big); background-color: var(--wp--preset--color--background-alt);\">Associazione Portanuova e Gruppo di Azione Locale del Sud-Est Barese), considerato l\u2019elevato\u00a0<\/span><span style=\"color: var( --e-global-color-text ); font-family: var( --e-global-typography-text-font-family ), Sans-serif; font-weight: var( --e-global-typography-text-font-weight ); text-align: var(--text-align); font-size: var(--wp--preset--font-size--big); background-color: var(--wp--preset--color--background-alt);\">interesse del mercato per i prodotti di nicchia e le materie prime della gastronomia\u00a0<\/span><span style=\"color: var( --e-global-color-text ); font-family: var( --e-global-typography-text-font-family ), Sans-serif; font-weight: var( --e-global-typography-text-font-weight ); text-align: var(--text-align); font-size: var(--wp--preset--font-size--big); background-color: var(--wp--preset--color--background-alt);\">tradizionali, hanno pi\u00f9 volte discusso in merito alle potenzialit\u00e0 qualitative ed economiche\u00a0<\/span><span style=\"color: var( --e-global-color-text ); font-family: var( --e-global-typography-text-font-family ), Sans-serif; font-weight: var( --e-global-typography-text-font-weight ); text-align: var(--text-align); font-size: var(--wp--preset--font-size--big); background-color: var(--wp--preset--color--background-alt);\">del \u201cGrano Buono di Rutigliano\u201d, stilando e sottoscrivendo un \u201cProtocollo d\u2019intesa\u201d in collaborazione\u00a0<\/span><span style=\"color: var( --e-global-color-text ); font-family: var( --e-global-typography-text-font-family ), Sans-serif; font-weight: var( --e-global-typography-text-font-weight ); text-align: var(--text-align); font-size: var(--wp--preset--font-size--big); background-color: var(--wp--preset--color--background-alt);\">con Enti Pubblici di Ricerca di Bari quali il Consiglio per la Ricerca in Agricoltura\u00a0<\/span><span style=\"color: var( --e-global-color-text ); font-family: var( --e-global-typography-text-font-family ), Sans-serif; font-weight: var( --e-global-typography-text-font-weight ); text-align: var(--text-align); font-size: var(--wp--preset--font-size--big); background-color: var(--wp--preset--color--background-alt);\">(CREA-AA, Sede di Bari), il Consiglio Nazionale delle Ricerche-Istituto di Bioscienze e BioRisorse\u00a0<\/span><span style=\"color: var( --e-global-color-text ); font-family: var( --e-global-typography-text-font-family ), Sans-serif; font-weight: var( --e-global-typography-text-font-weight ); text-align: var(--text-align); font-size: var(--wp--preset--font-size--big); background-color: var(--wp--preset--color--background-alt);\">(CNR-IBBR), l\u2019Universit\u00e0 degli Studi \u201cAldo Moro\u201d e il Politecnico di Bari. Fine ultimo del\u00a0<\/span><span style=\"color: var( --e-global-color-text ); font-family: var( --e-global-typography-text-font-family ), Sans-serif; font-weight: var( --e-global-typography-text-font-weight ); text-align: var(--text-align); font-size: var(--wp--preset--font-size--big); background-color: var(--wp--preset--color--background-alt);\">protocollo, nell\u2019ambito del quale sono state previste attivit\u00e0 di ricerca multidisciplinari, a\u00a0<\/span><span style=\"color: var( --e-global-color-text ); font-family: var( --e-global-typography-text-font-family ), Sans-serif; font-weight: var( --e-global-typography-text-font-weight ); text-align: var(--text-align); font-size: var(--wp--preset--font-size--big); background-color: var(--wp--preset--color--background-alt);\">cura di pi\u00f9 ricercatori, \u00e8 stato quello di definire le caratteristiche che contraddistinguono\u00a0<\/span><span style=\"color: var( --e-global-color-text ); font-family: var( --e-global-typography-text-font-family ), Sans-serif; font-weight: var( --e-global-typography-text-font-weight ); text-align: var(--text-align); font-size: var(--wp--preset--font-size--big); background-color: var(--wp--preset--color--background-alt);\">questo grano duro in maniera univoca agevolando il processo di valorizzazione.<\/span><\/p>\t\t\t\t\t\t\t\t<\/div>\n\t\t\t\t<\/div>\n\t\t\t\t<\/div>\n\t\t<div class=\"elementor-element elementor-element-6f28a50a e-con-full e-flex e-con e-child\" data-id=\"6f28a50a\" data-element_type=\"container\">\n\t\t\t\t<div class=\"elementor-element elementor-element-918dca3 elementor-pagination-position-outside elementor-widget elementor-widget-image-carousel\" data-id=\"918dca3\" data-element_type=\"widget\" data-settings=\"{&quot;slides_to_show&quot;:&quot;1&quot;,&quot;navigation&quot;:&quot;dots&quot;,&quot;autoplay&quot;:&quot;yes&quot;,&quot;pause_on_hover&quot;:&quot;yes&quot;,&quot;pause_on_interaction&quot;:&quot;yes&quot;,&quot;autoplay_speed&quot;:5000,&quot;infinite&quot;:&quot;yes&quot;,&quot;effect&quot;:&quot;slide&quot;,&quot;speed&quot;:500}\" data-widget_type=\"image-carousel.default\">\n\t\t\t\t<div class=\"elementor-widget-container\">\n\t\t\t\t\t\t\t<div class=\"elementor-image-carousel-wrapper swiper\" role=\"region\" aria-roledescription=\"carousel\" aria-label=\"Carosello d&#039;immagini\" dir=\"ltr\">\n\t\t\t<div class=\"elementor-image-carousel swiper-wrapper\" aria-live=\"off\">\n\t\t\t\t\t\t\t\t<div class=\"swiper-slide\" role=\"group\" aria-roledescription=\"slide\" aria-label=\"1 di 3\"><figure class=\"swiper-slide-inner\"><img decoding=\"async\" class=\"swiper-slide-image\" src=\"https:\/\/savegrain-cer.com\/wp-content\/uploads\/2024\/03\/DSCN8734-768x1024.jpeg\" alt=\"DSCN8734\" \/><\/figure><\/div><div class=\"swiper-slide\" role=\"group\" aria-roledescription=\"slide\" aria-label=\"2 di 3\"><figure class=\"swiper-slide-inner\"><img decoding=\"async\" class=\"swiper-slide-image\" src=\"https:\/\/savegrain-cer.com\/wp-content\/uploads\/2024\/03\/DSCN8426-768x1024.jpeg\" alt=\"DSCN8426\" \/><\/figure><\/div><div class=\"swiper-slide\" role=\"group\" aria-roledescription=\"slide\" aria-label=\"3 di 3\"><figure class=\"swiper-slide-inner\"><img decoding=\"async\" class=\"swiper-slide-image\" src=\"https:\/\/savegrain-cer.com\/wp-content\/uploads\/2024\/03\/IMG_20161006_133729-768x1152.jpg\" alt=\"IMG_20161006_133729\" \/><\/figure><\/div>\t\t\t<\/div>\n\t\t\t\t\t\t\t\n\t\t\t\t\t\t\t\t\t<div class=\"swiper-pagination\"><\/div>\n\t\t\t\t\t\t\t\t\t<\/div>\n\t\t\t\t\t\t<\/div>\n\t\t\t\t<\/div>\n\t\t\t\t<div class=\"elementor-element elementor-element-179b237b elementor-widget elementor-widget-spacer\" data-id=\"179b237b\" data-element_type=\"widget\" data-widget_type=\"spacer.default\">\n\t\t\t\t<div class=\"elementor-widget-container\">\n\t\t\t\t\t\t\t<div class=\"elementor-spacer\">\n\t\t\t<div class=\"elementor-spacer-inner\"><\/div>\n\t\t<\/div>\n\t\t\t\t\t\t<\/div>\n\t\t\t\t<\/div>\n\t\t<div class=\"elementor-element elementor-element-241837e e-con-full e-flex e-con e-child\" data-id=\"241837e\" data-element_type=\"container\">\n\t\t\t\t<div class=\"elementor-element elementor-element-de7fbe8 elementor-widget elementor-widget-shortcode\" data-id=\"de7fbe8\" data-element_type=\"widget\" data-widget_type=\"shortcode.default\">\n\t\t\t\t<div class=\"elementor-widget-container\">\n\t\t\t\t\t\t\t<div class=\"elementor-shortcode\"><div style=\"display:block\">\n<!-- FlowPaper PDF flipbook plugin v.2.0.6 wordpress.org\/plugins\/flowpaper\/ -->\n<iframe title=\"FlowPaper flipbook pdf viewer\" width=\"100%\" height=\"1000\" scrolling=\"no\" class=\"flowpaper-class\" frameborder=\"0\" allowFullScreen=\"true\" lightbox=\"false\" cover id src = \"https:\/\/flowpaper.com\/flipbook\/?pdf=https:\/\/savegrain-cer.com\/wp-content\/uploads\/2024\/09\/RTF_-SAVEGRAIN_CER.pdf?wp-hosted=1&title=&header=&theme=light&singlepage=&thumbs=1&modified=241122826\" seamless=\"seamless\" style=\"margin-bottom:0;display:block;\">Your browser does not seem to support iframes. <a href=\"https:\/\/flowpaper.com\/flipbook\/?pdf=https:\/\/savegrain-cer.com\/wp-content\/uploads\/2024\/09\/RTF_-SAVEGRAIN_CER.pdf?wp-hosted=1\" target=\"_blank\">Click here to read this PDF<\/a>.<\/iframe>\n<div id=\"flowpaper-logo-bottom\" class=\"flowpaper-logo-bg\" style=\"background:linear-gradient(to right, rgba(0,0,0,0.65) 0%,rgba(0,0,0,0) 200px);width:100%;height:19px; padding-bottom: 1px; padding-left: 5px; padding-right: 10px; display: flex; align-items: center;z-index:9999\"><span style=\"height: 37px; padding-left: 6px;width:90%\"> <a id=\"flowpaper-link\" style=\"fill: #fff\" alt=\"FlowPaper logotype\" title=\"FlowPaper logotype\" href=\"https:\/\/flowpaper.com\" target=\"_blank\"> <img decoding=\"async\" alt=\"Publish PDF flipbooks online\" style=\"height:17px;width:auto;margin-top:11px;\" src=\"https:\/\/savegrain-cer.com\/wp-content\/plugins\/flowpaper-lite-pdf-flipbook\/assets\/flowpaper-logo.png\" border=\"0\"> <\/a> <\/span><span style=\" float: right; right: 0; font-size: 10px; white-space: nowrap; opacity:0.8\"><a href=\"https:\/\/flowpaper.com\/flipbook-maker\/\" target=\"_new\" style=\"text-decoration:none;border-bottom:none;\">Created using FlowPaper Flipbook Maker &#8599;<\/a><\/span><\/div><\/div>\r\n                <script>\r\n                document.addEventListener(\"DOMContentLoaded\", function(){\r\n                    var target_element, iframe_element;\r\n                    iframe_element = document.querySelector(\"iframe.flowpaper-class\");\r\n                    target_element = document.querySelector(\"\");\r\n                    iframe_element.style.height = target_element.offsetHeight + \"px\";\r\n                });\r\n                <\/script>\r\n            <\/div>\n\t\t\t\t\t\t<\/div>\n\t\t\t\t<\/div>\n\t\t\t\t<\/div>\n\t\t\t\t<\/div>\n\t\t<div class=\"elementor-element elementor-element-8263858 e-con-full e-flex e-con e-child\" data-id=\"8263858\" data-element_type=\"container\">\n\t\t\t\t<\/div>\n\t\t\t\t<\/div>\n\t\t\t\t<\/div>\n\t\t<div class=\"elementor-element elementor-element-31772c09 e-flex e-con-boxed e-con e-parent\" data-id=\"31772c09\" data-element_type=\"container\">\n\t\t\t\t\t<div class=\"e-con-inner\">\n\t\t\t\t<div class=\"elementor-element elementor-element-cd22fbe elementor-widget elementor-widget-heading\" data-id=\"cd22fbe\" data-element_type=\"widget\" data-widget_type=\"heading.default\">\n\t\t\t\t<div class=\"elementor-widget-container\">\n\t\t\t\t\t<h4 class=\"elementor-heading-title elementor-size-default\">Mappa Biblioteche<\/h4>\t\t\t\t<\/div>\n\t\t\t\t<\/div>\n\t\t\t\t<div class=\"elementor-element elementor-element-2879fcb0 elementor-widget elementor-widget-html\" data-id=\"2879fcb0\" data-element_type=\"widget\" data-widget_type=\"html.default\">\n\t\t\t\t<div class=\"elementor-widget-container\">\n\t\t\t\t\t<iframe src=\"\/wp-content\/gismaps_maps\/BIBLIO_PUGLIA\/index.html\" width=\"100%\" height=\"600px\"><\/iframe>\n\t\t\t\t<\/div>\n\t\t\t\t<\/div>\n\t\t\t\t\t<\/div>\n\t\t\t\t<\/div>\n\t\t\t\t<\/div>\n\t\t","protected":false},"excerpt":{"rendered":"<p>Indagini bibliografiche e prospezioni connesse alla provenienza e alla presenza sul territorio, agli habitat, alle peculiari conoscenze sulla coltivazione, alle tradizioni, alla cultura e agli usi, agli utilizzi non alimentari, alle preparazioni alimentari, alle economie locali. La finalit\u00e0 di questa attivit\u00e0 \u00e8 quella di acquisire informazioni su variet\u00e0 cerealicole a rischio di erosione genetica sia&#8230;<\/p>\n","protected":false},"author":1,"featured_media":0,"parent":232,"menu_order":0,"comment_status":"closed","ping_status":"closed","template":"","meta":{"om_disable_all_campaigns":false,"_monsterinsights_skip_tracking":false,"_monsterinsights_sitenote_active":false,"_monsterinsights_sitenote_note":"","_monsterinsights_sitenote_category":0,"ngg_post_thumbnail":0,"footnotes":""},"class_list":["post-1345","page","type-page","status-publish","hentry"],"aioseo_notices":[],"_links":{"self":[{"href":"https:\/\/savegrain-cer.com\/index.php\/wp-json\/wp\/v2\/pages\/1345","targetHints":{"allow":["GET"]}}],"collection":[{"href":"https:\/\/savegrain-cer.com\/index.php\/wp-json\/wp\/v2\/pages"}],"about":[{"href":"https:\/\/savegrain-cer.com\/index.php\/wp-json\/wp\/v2\/types\/page"}],"author":[{"embeddable":true,"href":"https:\/\/savegrain-cer.com\/index.php\/wp-json\/wp\/v2\/users\/1"}],"replies":[{"embeddable":true,"href":"https:\/\/savegrain-cer.com\/index.php\/wp-json\/wp\/v2\/comments?post=1345"}],"version-history":[{"count":34,"href":"https:\/\/savegrain-cer.com\/index.php\/wp-json\/wp\/v2\/pages\/1345\/revisions"}],"predecessor-version":[{"id":1923,"href":"https:\/\/savegrain-cer.com\/index.php\/wp-json\/wp\/v2\/pages\/1345\/revisions\/1923"}],"up":[{"embeddable":true,"href":"https:\/\/savegrain-cer.com\/index.php\/wp-json\/wp\/v2\/pages\/232"}],"wp:attachment":[{"href":"https:\/\/savegrain-cer.com\/index.php\/wp-json\/wp\/v2\/media?parent=1345"}],"curies":[{"name":"wp","href":"https:\/\/api.w.org\/{rel}","templated":true}]}}