{"id":1634,"date":"2024-08-19T11:25:47","date_gmt":"2024-08-19T09:25:47","guid":{"rendered":"https:\/\/savegrain-cer.com\/?page_id=1634"},"modified":"2024-08-19T11:29:07","modified_gmt":"2024-08-19T09:29:07","slug":"segale-jurmana","status":"publish","type":"page","link":"https:\/\/savegrain-cer.com\/index.php\/segale-jurmana\/","title":{"rendered":"SEGALE JURMANA"},"content":{"rendered":"\t\t<div data-elementor-type=\"wp-page\" data-elementor-id=\"1634\" class=\"elementor elementor-1634\">\n\t\t\t\t<div class=\"elementor-element elementor-element-56489f72 e-flex e-con-boxed e-con e-parent\" data-id=\"56489f72\" data-element_type=\"container\">\n\t\t\t\t\t<div class=\"e-con-inner\">\n\t\t\t\t<div class=\"elementor-element elementor-element-96cbef elementor-widget elementor-widget-heading\" data-id=\"96cbef\" data-element_type=\"widget\" data-widget_type=\"heading.default\">\n\t\t\t\t<div class=\"elementor-widget-container\">\n\t\t\t\t\t<h4 class=\"elementor-heading-title elementor-size-default\"><i>Secale cereale <\/i>L.<i><\/i><\/h4>\t\t\t\t<\/div>\n\t\t\t\t<\/div>\n\t\t\t\t\t<\/div>\n\t\t\t\t<\/div>\n\t\t<div class=\"elementor-element elementor-element-590cdac7 e-con-full e-flex e-con e-parent\" data-id=\"590cdac7\" data-element_type=\"container\">\n\t\t<div class=\"elementor-element elementor-element-2ea961a3 e-con-full e-flex e-con e-child\" data-id=\"2ea961a3\" data-element_type=\"container\">\n\t\t<div class=\"elementor-element elementor-element-7e81c6ac e-grid e-con-full e-con e-child\" data-id=\"7e81c6ac\" data-element_type=\"container\">\n\t\t<div class=\"elementor-element elementor-element-5ad358a6 e-con-full e-flex e-con e-child\" data-id=\"5ad358a6\" data-element_type=\"container\">\n\t\t\t\t<div class=\"elementor-element elementor-element-3f6751ab elementor-widget elementor-widget-text-editor\" data-id=\"3f6751ab\" data-element_type=\"widget\" data-widget_type=\"text-editor.default\">\n\t\t\t\t<div class=\"elementor-widget-container\">\n\t\t\t\t\t\t\t\t\t<p><span style=\"color: #ff9900;\"><strong>Storia e curiosit\u00e0<\/strong><\/span><\/p><p>La segale jurmana \u00e8 stata introdotta in Italia 4 secoli fa da Carlo V (1494-1559) direttamente dalla Germania dove veniva ampiamente coltivata e per questa ragione, probabilmente, chiamata anche germana o grano germano. Il \u201cvocabolario domestico napoletano\u201d (Gargano G., 1841) indica la Segale Jurmana come una specie di biada che si coltiva nei luoghi freddi o sopra i monti, di colore pi\u00f9 scuro del grano, impiegata da sola o mista con il frumento per la produzione di pane e con propriet\u00e0 \u201crinfrescanti\u201d. \u00c8 comunque una specie cerealicola la cui coltivazione anticamente era limitata alle aree montane e ai terreni marginali poco fertili. Nelle regioni meridionali crebbero la produzione ed il consumo, anche se molto contenuto rispetto a quello del frumento, soprattutto a partire dall\u2019Alto Medioevo, tra la popolazione pi\u00f9 povera e nei monasteri. In Capitanata, cos\u00ec come in tante altre regioni meridionali, spesso veniva coltivata in miscuglio con il grano. La segale jurmana si caratterizza in modo particolare per la precocit\u00e0 del suo ciclo colturale. \u00c8 probabilmente questo il motivo che l\u2019ha resa particolarmente adatta agli ambienti meridionali sia di montagna che di pianura. Rispetto al frumento richiede meno attenzioni per la sua coltivazione. La pianta presenta un culmo molto lungo e flessibile e la sua sezione all\u2019altezza dell\u2019ultimo internodo, a met\u00e0 tra la base della spiga ed il primo nodo sottostante \u00e8 vuoto. L\u2019altezza della pianta oscilla tra i 140 ed i 180 cm e l\u2019epoca di spigatura \u00e8 pi\u00f9 precoce rispetto alle variet\u00e0 di segale comunemente coltivate in Italia. Il portamento della pianta alla fine dell\u2019accestimento \u00e8 prostrato e nonostante la taglia alta riesce a completare il ciclo resistendo molto bene all\u2019allettamento. La spiga \u00e8 compatta, di forma fusiforme, lunga, leggermente colorata a maturazione. Le reste, distribuite su tutta la spiga, sono di colore bruno chiaro e non molto lunghe. Le cariossidi sono di forma allungata e di colore dal giallo al bruno-olivastro. La granella viene utilizzata prevalentemente per la preparazione del pane che assume una colorazione nera ed un sapore caratteristico. Il \u201cpane nero\u201d di segale anticamente veniva considerato pane dei poveri in quanto conservava sempre una certa viscosit\u00e0, un odore poco gradevole, era difficile da digerire tanto da cagionare coliche in coloro che non erano avvezzi a mangiarlo. Poich\u00e9 difficile anche da lavorare per la manifattura del pane spesso veniva mescolato con una porzione di grano e per questo detto pane segalato. Oggetto di recupero e valorizzazione non solo in Capitanata, ancora oggi \u00e8 spesso utilizzata come un tempo in miscela con la farina di frumento tenero. Le caratteristiche un tempo Oggi, al contrario di un tempo, le caratteristiche peculiari della Segale la rendono particolarmente adatta a soddisfare le esigenze del moderno consumatore.<\/p>\t\t\t\t\t\t\t\t<\/div>\n\t\t\t\t<\/div>\n\t\t\t\t<div class=\"elementor-element elementor-element-74207c4f elementor-widget elementor-widget-spacer\" data-id=\"74207c4f\" data-element_type=\"widget\" data-widget_type=\"spacer.default\">\n\t\t\t\t<div class=\"elementor-widget-container\">\n\t\t\t\t\t\t\t<div class=\"elementor-spacer\">\n\t\t\t<div class=\"elementor-spacer-inner\"><\/div>\n\t\t<\/div>\n\t\t\t\t\t\t<\/div>\n\t\t\t\t<\/div>\n\t\t\t\t<div class=\"elementor-element elementor-element-7384c10d elementor-widget elementor-widget-accordion\" data-id=\"7384c10d\" data-element_type=\"widget\" data-widget_type=\"accordion.default\">\n\t\t\t\t<div class=\"elementor-widget-container\">\n\t\t\t\t\t\t\t<div class=\"elementor-accordion\">\n\t\t\t\t\t\t\t<div class=\"elementor-accordion-item\">\n\t\t\t\t\t<div id=\"elementor-tab-title-1931\" class=\"elementor-tab-title\" data-tab=\"1\" role=\"button\" aria-controls=\"elementor-tab-content-1931\" aria-expanded=\"false\">\n\t\t\t\t\t\t\t\t\t\t\t\t\t<span class=\"elementor-accordion-icon elementor-accordion-icon-left\" aria-hidden=\"true\">\n\t\t\t\t\t\t\t\t\t\t\t\t\t\t\t<span class=\"elementor-accordion-icon-closed\"><svg class=\"e-font-icon-svg e-fas-plus\" viewBox=\"0 0 448 512\" xmlns=\"http:\/\/www.w3.org\/2000\/svg\"><path d=\"M416 208H272V64c0-17.67-14.33-32-32-32h-32c-17.67 0-32 14.33-32 32v144H32c-17.67 0-32 14.33-32 32v32c0 17.67 14.33 32 32 32h144v144c0 17.67 14.33 32 32 32h32c17.67 0 32-14.33 32-32V304h144c17.67 0 32-14.33 32-32v-32c0-17.67-14.33-32-32-32z\"><\/path><\/svg><\/span>\n\t\t\t\t\t\t\t\t<span class=\"elementor-accordion-icon-opened\"><svg class=\"e-font-icon-svg e-fas-minus\" viewBox=\"0 0 448 512\" xmlns=\"http:\/\/www.w3.org\/2000\/svg\"><path d=\"M416 208H32c-17.67 0-32 14.33-32 32v32c0 17.67 14.33 32 32 32h384c17.67 0 32-14.33 32-32v-32c0-17.67-14.33-32-32-32z\"><\/path><\/svg><\/span>\n\t\t\t\t\t\t\t\t\t\t\t\t\t\t<\/span>\n\t\t\t\t\t\t\t\t\t\t\t\t<a class=\"elementor-accordion-title\" tabindex=\"0\">DESCRIZIONE MORFOLOGICA<\/a>\n\t\t\t\t\t<\/div>\n\t\t\t\t\t<div id=\"elementor-tab-content-1931\" class=\"elementor-tab-content elementor-clearfix\" data-tab=\"1\" role=\"region\" aria-labelledby=\"elementor-tab-title-1931\"><h5><span style=\"color: #000000;\"><strong>Ploidia<\/strong><\/span><\/h5><ul><li>Diploide<\/li><\/ul><h5><span style=\"color: #000000;\"><strong>Pianta<\/strong><\/span><\/h5><ul><li><span style=\"color: #ff9900;\"><em>Portamento<\/em><\/span>: eretto<\/li><li><span style=\"color: #ff9900;\"><em>Altezza (culmo, spiga e reste) (cm)<\/em><\/span>: 155-175 cm<\/li><li><span style=\"color: #ff9900;\"><em>Glaucescenza spiga<\/em><\/span>: debole<\/li><\/ul><h5><span style=\"color: #000000;\"><strong>Spiga<\/strong><\/span><\/h5><ul><li><span style=\"color: #ff9900;\"><em>Portamento<\/em><\/span>: ricadente<\/li><li><span style=\"color: #ff9900;\"><em>Densit\u00e0<\/em><\/span>: media<\/li><li><span style=\"color: #ff9900;\"><em>Glaucescenza spiga<\/em><\/span>: debole<\/li><\/ul><h5><span style=\"color: #000000;\"><strong>Cariosside<\/strong><\/span><\/h5><ul><li><span style=\"color: #ff9900;\"><em>Lunghezza<\/em><\/span>: 8-9 mm<\/li><li><span style=\"color: #ff9900;\"><em>Colore<\/em><\/span>: grigio-verde<\/li><\/ul><\/div>\n\t\t\t\t<\/div>\n\t\t\t\t\t\t\t<div class=\"elementor-accordion-item\">\n\t\t\t\t\t<div id=\"elementor-tab-title-1932\" class=\"elementor-tab-title\" data-tab=\"2\" role=\"button\" aria-controls=\"elementor-tab-content-1932\" aria-expanded=\"false\">\n\t\t\t\t\t\t\t\t\t\t\t\t\t<span class=\"elementor-accordion-icon elementor-accordion-icon-left\" aria-hidden=\"true\">\n\t\t\t\t\t\t\t\t\t\t\t\t\t\t\t<span class=\"elementor-accordion-icon-closed\"><svg class=\"e-font-icon-svg e-fas-plus\" viewBox=\"0 0 448 512\" xmlns=\"http:\/\/www.w3.org\/2000\/svg\"><path d=\"M416 208H272V64c0-17.67-14.33-32-32-32h-32c-17.67 0-32 14.33-32 32v144H32c-17.67 0-32 14.33-32 32v32c0 17.67 14.33 32 32 32h144v144c0 17.67 14.33 32 32 32h32c17.67 0 32-14.33 32-32V304h144c17.67 0 32-14.33 32-32v-32c0-17.67-14.33-32-32-32z\"><\/path><\/svg><\/span>\n\t\t\t\t\t\t\t\t<span class=\"elementor-accordion-icon-opened\"><svg class=\"e-font-icon-svg e-fas-minus\" viewBox=\"0 0 448 512\" xmlns=\"http:\/\/www.w3.org\/2000\/svg\"><path d=\"M416 208H32c-17.67 0-32 14.33-32 32v32c0 17.67 14.33 32 32 32h384c17.67 0 32-14.33 32-32v-32c0-17.67-14.33-32-32-32z\"><\/path><\/svg><\/span>\n\t\t\t\t\t\t\t\t\t\t\t\t\t\t<\/span>\n\t\t\t\t\t\t\t\t\t\t\t\t<a class=\"elementor-accordion-title\" tabindex=\"0\">TIPO DI SVILUPPO<\/a>\n\t\t\t\t\t<\/div>\n\t\t\t\t\t<div id=\"elementor-tab-content-1932\" class=\"elementor-tab-content elementor-clearfix\" data-tab=\"2\" role=\"region\" aria-labelledby=\"elementor-tab-title-1932\"><ul><li>Invernale<\/li><\/ul><\/div>\n\t\t\t\t<\/div>\n\t\t\t\t\t\t\t<div class=\"elementor-accordion-item\">\n\t\t\t\t\t<div id=\"elementor-tab-title-1933\" class=\"elementor-tab-title\" data-tab=\"3\" role=\"button\" aria-controls=\"elementor-tab-content-1933\" aria-expanded=\"false\">\n\t\t\t\t\t\t\t\t\t\t\t\t\t<span class=\"elementor-accordion-icon elementor-accordion-icon-left\" aria-hidden=\"true\">\n\t\t\t\t\t\t\t\t\t\t\t\t\t\t\t<span class=\"elementor-accordion-icon-closed\"><svg class=\"e-font-icon-svg e-fas-plus\" viewBox=\"0 0 448 512\" xmlns=\"http:\/\/www.w3.org\/2000\/svg\"><path d=\"M416 208H272V64c0-17.67-14.33-32-32-32h-32c-17.67 0-32 14.33-32 32v144H32c-17.67 0-32 14.33-32 32v32c0 17.67 14.33 32 32 32h144v144c0 17.67 14.33 32 32 32h32c17.67 0 32-14.33 32-32V304h144c17.67 0 32-14.33 32-32v-32c0-17.67-14.33-32-32-32z\"><\/path><\/svg><\/span>\n\t\t\t\t\t\t\t\t<span class=\"elementor-accordion-icon-opened\"><svg class=\"e-font-icon-svg e-fas-minus\" viewBox=\"0 0 448 512\" xmlns=\"http:\/\/www.w3.org\/2000\/svg\"><path d=\"M416 208H32c-17.67 0-32 14.33-32 32v32c0 17.67 14.33 32 32 32h384c17.67 0 32-14.33 32-32v-32c0-17.67-14.33-32-32-32z\"><\/path><\/svg><\/span>\n\t\t\t\t\t\t\t\t\t\t\t\t\t\t<\/span>\n\t\t\t\t\t\t\t\t\t\t\t\t<a class=\"elementor-accordion-title\" tabindex=\"0\">CARATTERI PRODUTTIVI<\/a>\n\t\t\t\t\t<\/div>\n\t\t\t\t\t<div id=\"elementor-tab-content-1933\" class=\"elementor-tab-content elementor-clearfix\" data-tab=\"3\" role=\"region\" aria-labelledby=\"elementor-tab-title-1933\"><ul><li><span style=\"color: #ff9900;\"><em>Epoca di spigatura (gg da 01.04)<\/em><\/span>: 24-33<\/li><li><span style=\"color: #ff9900;\"><em>Produzione spiga<\/em><\/span>: 2,05-2,14 g<\/li><li><span style=\"color: #ff9900;\"><em>Peso mille semi<\/em><\/span>: 38-43 g<\/li><\/ul><\/div>\n\t\t\t\t<\/div>\n\t\t\t\t\t\t\t\t<\/div>\n\t\t\t\t\t\t<\/div>\n\t\t\t\t<\/div>\n\t\t<div class=\"elementor-element elementor-element-4153a1aa e-con-full e-flex e-con e-child\" data-id=\"4153a1aa\" data-element_type=\"container\">\n\t\t\t\t<div class=\"elementor-element elementor-element-1faca49b elementor-widget elementor-widget-image-gallery\" data-id=\"1faca49b\" data-element_type=\"widget\" data-widget_type=\"image-gallery.default\">\n\t\t\t\t<div class=\"elementor-widget-container\">\n\t\t\t\t\t\t\t<div class=\"elementor-image-gallery\">\n\t\t\t<div id='gallery-4' class='gallery galleryid-1634 gallery-columns-4 gallery-size-thumbnail'><figure class='gallery-item'>\n\t\t\t<div class='gallery-icon landscape'>\n\t\t\t\t<a data-elementor-open-lightbox=\"yes\" data-elementor-lightbox-slideshow=\"1faca49b\" data-elementor-lightbox-title=\"23_Jurmana_2\" data-e-action-hash=\"#elementor-action%3Aaction%3Dlightbox%26settings%3DeyJpZCI6MTYzOCwidXJsIjoiaHR0cHM6XC9cL3NhdmVncmFpbi1jZXIuY29tXC93cC1jb250ZW50XC91cGxvYWRzXC8yMDI0XC8wOFwvMjNfSnVybWFuYV8yLXNjYWxlZC5qcGciLCJzbGlkZXNob3ciOiIxZmFjYTQ5YiJ9\" href='https:\/\/savegrain-cer.com\/wp-content\/uploads\/2024\/08\/23_Jurmana_2-scaled.jpg'><img decoding=\"async\" width=\"150\" height=\"150\" src=\"https:\/\/savegrain-cer.com\/wp-content\/uploads\/2024\/08\/23_Jurmana_2-150x150.jpg\" class=\"attachment-thumbnail size-thumbnail\" alt=\"\" \/><\/a>\n\t\t\t<\/div><\/figure><figure class='gallery-item'>\n\t\t\t<div class='gallery-icon landscape'>\n\t\t\t\t<a data-elementor-open-lightbox=\"yes\" data-elementor-lightbox-slideshow=\"1faca49b\" data-elementor-lightbox-title=\"23_Jurmana_4\" data-e-action-hash=\"#elementor-action%3Aaction%3Dlightbox%26settings%3DeyJpZCI6MTYzOSwidXJsIjoiaHR0cHM6XC9cL3NhdmVncmFpbi1jZXIuY29tXC93cC1jb250ZW50XC91cGxvYWRzXC8yMDI0XC8wOFwvMjNfSnVybWFuYV80LXNjYWxlZC5qcGciLCJzbGlkZXNob3ciOiIxZmFjYTQ5YiJ9\" href='https:\/\/savegrain-cer.com\/wp-content\/uploads\/2024\/08\/23_Jurmana_4-scaled.jpg'><img decoding=\"async\" width=\"150\" height=\"150\" src=\"https:\/\/savegrain-cer.com\/wp-content\/uploads\/2024\/08\/23_Jurmana_4-150x150.jpg\" class=\"attachment-thumbnail size-thumbnail\" alt=\"\" \/><\/a>\n\t\t\t<\/div><\/figure><figure class='gallery-item'>\n\t\t\t<div class='gallery-icon portrait'>\n\t\t\t\t<a data-elementor-open-lightbox=\"yes\" data-elementor-lightbox-slideshow=\"1faca49b\" data-elementor-lightbox-title=\"23_Jurmana_10\" data-e-action-hash=\"#elementor-action%3Aaction%3Dlightbox%26settings%3DeyJpZCI6MTY0MCwidXJsIjoiaHR0cHM6XC9cL3NhdmVncmFpbi1jZXIuY29tXC93cC1jb250ZW50XC91cGxvYWRzXC8yMDI0XC8wOFwvMjNfSnVybWFuYV8xMC1zY2FsZWQuanBnIiwic2xpZGVzaG93IjoiMWZhY2E0OWIifQ%3D%3D\" href='https:\/\/savegrain-cer.com\/wp-content\/uploads\/2024\/08\/23_Jurmana_10-scaled.jpg'><img decoding=\"async\" width=\"150\" height=\"150\" src=\"https:\/\/savegrain-cer.com\/wp-content\/uploads\/2024\/08\/23_Jurmana_10-150x150.jpg\" class=\"attachment-thumbnail size-thumbnail\" alt=\"\" \/><\/a>\n\t\t\t<\/div><\/figure><figure class='gallery-item'>\n\t\t\t<div class='gallery-icon landscape'>\n\t\t\t\t<a data-elementor-open-lightbox=\"yes\" data-elementor-lightbox-slideshow=\"1faca49b\" data-elementor-lightbox-title=\"23_Jurmana_14\" data-e-action-hash=\"#elementor-action%3Aaction%3Dlightbox%26settings%3DeyJpZCI6MTY0MSwidXJsIjoiaHR0cHM6XC9cL3NhdmVncmFpbi1jZXIuY29tXC93cC1jb250ZW50XC91cGxvYWRzXC8yMDI0XC8wOFwvMjNfSnVybWFuYV8xNC1zY2FsZWQuanBnIiwic2xpZGVzaG93IjoiMWZhY2E0OWIifQ%3D%3D\" href='https:\/\/savegrain-cer.com\/wp-content\/uploads\/2024\/08\/23_Jurmana_14-scaled.jpg'><img loading=\"lazy\" decoding=\"async\" width=\"150\" height=\"150\" src=\"https:\/\/savegrain-cer.com\/wp-content\/uploads\/2024\/08\/23_Jurmana_14-150x150.jpg\" class=\"attachment-thumbnail size-thumbnail\" alt=\"\" \/><\/a>\n\t\t\t<\/div><\/figure>\n\t\t<\/div>\n\t\t<\/div>\n\t\t\t\t\t\t<\/div>\n\t\t\t\t<\/div>\n\t\t\t\t<\/div>\n\t\t\t\t<\/div>\n\t\t<div class=\"elementor-element elementor-element-25a2d185 e-con-full e-flex e-con e-child\" data-id=\"25a2d185\" data-element_type=\"container\">\n\t\t\t\t<div class=\"elementor-element elementor-element-3bff7ab8 elementor-arrows-position-inside elementor-pagination-position-outside elementor-widget elementor-widget-image-carousel\" data-id=\"3bff7ab8\" data-element_type=\"widget\" data-settings=\"{&quot;slides_to_show&quot;:&quot;1&quot;,&quot;navigation&quot;:&quot;both&quot;,&quot;autoplay&quot;:&quot;yes&quot;,&quot;pause_on_hover&quot;:&quot;yes&quot;,&quot;pause_on_interaction&quot;:&quot;yes&quot;,&quot;autoplay_speed&quot;:5000,&quot;infinite&quot;:&quot;yes&quot;,&quot;effect&quot;:&quot;slide&quot;,&quot;speed&quot;:500}\" data-widget_type=\"image-carousel.default\">\n\t\t\t\t<div class=\"elementor-widget-container\">\n\t\t\t\t\t\t\t<div class=\"elementor-image-carousel-wrapper swiper\" role=\"region\" aria-roledescription=\"carousel\" aria-label=\"Carosello d&#039;immagini\" dir=\"ltr\">\n\t\t\t<div class=\"elementor-image-carousel swiper-wrapper\" aria-live=\"off\">\n\t\t\t\t\t\t\t\t<div class=\"swiper-slide\" role=\"group\" aria-roledescription=\"slide\" aria-label=\"1 di 2\"><figure class=\"swiper-slide-inner\"><img decoding=\"async\" class=\"swiper-slide-image\" src=\"https:\/\/savegrain-cer.com\/wp-content\/uploads\/2024\/08\/Senza-titolo-1.png\" alt=\"Senza titolo\" \/><\/figure><\/div><div class=\"swiper-slide\" role=\"group\" aria-roledescription=\"slide\" aria-label=\"2 di 2\"><figure class=\"swiper-slide-inner\"><img decoding=\"async\" class=\"swiper-slide-image\" src=\"https:\/\/savegrain-cer.com\/wp-content\/uploads\/2024\/08\/23_Jurmana-scaled.jpg\" alt=\"23_Jurmana\" \/><\/figure><\/div>\t\t\t<\/div>\n\t\t\t\t\t\t\t\t\t\t\t\t<div class=\"elementor-swiper-button elementor-swiper-button-prev\" role=\"button\" tabindex=\"0\">\n\t\t\t\t\t\t<svg aria-hidden=\"true\" class=\"e-font-icon-svg e-eicon-chevron-left\" viewBox=\"0 0 1000 1000\" xmlns=\"http:\/\/www.w3.org\/2000\/svg\"><path d=\"M646 125C629 125 613 133 604 142L308 442C296 454 292 471 292 487 292 504 296 521 308 533L604 854C617 867 629 875 646 875 663 875 679 871 692 858 704 846 713 829 713 812 713 796 708 779 692 767L438 487 692 225C700 217 708 204 708 187 708 171 704 154 692 142 675 129 663 125 646 125Z\"><\/path><\/svg>\t\t\t\t\t<\/div>\n\t\t\t\t\t<div class=\"elementor-swiper-button elementor-swiper-button-next\" role=\"button\" tabindex=\"0\">\n\t\t\t\t\t\t<svg aria-hidden=\"true\" class=\"e-font-icon-svg e-eicon-chevron-right\" viewBox=\"0 0 1000 1000\" xmlns=\"http:\/\/www.w3.org\/2000\/svg\"><path d=\"M696 533C708 521 713 504 713 487 713 471 708 454 696 446L400 146C388 133 375 125 354 125 338 125 325 129 313 142 300 154 292 171 292 187 292 204 296 221 308 233L563 492 304 771C292 783 288 800 288 817 288 833 296 850 308 863 321 871 338 875 354 875 371 875 388 867 400 854L696 533Z\"><\/path><\/svg>\t\t\t\t\t<\/div>\n\t\t\t\t\n\t\t\t\t\t\t\t\t\t<div class=\"swiper-pagination\"><\/div>\n\t\t\t\t\t\t\t\t\t<\/div>\n\t\t\t\t\t\t<\/div>\n\t\t\t\t<\/div>\n\t\t\t\t<div class=\"elementor-element elementor-element-dfc4e20 elementor-widget elementor-widget-spacer\" data-id=\"dfc4e20\" data-element_type=\"widget\" data-widget_type=\"spacer.default\">\n\t\t\t\t<div class=\"elementor-widget-container\">\n\t\t\t\t\t\t\t<div class=\"elementor-spacer\">\n\t\t\t<div class=\"elementor-spacer-inner\"><\/div>\n\t\t<\/div>\n\t\t\t\t\t\t<\/div>\n\t\t\t\t<\/div>\n\t\t\t\t<div class=\"elementor-element elementor-element-1035f667 elementor-widget elementor-widget-progress\" data-id=\"1035f667\" data-element_type=\"widget\" data-widget_type=\"progress.default\">\n\t\t\t\t<div class=\"elementor-widget-container\">\n\t\t\t\t\t\t\t\t<span class=\"elementor-title\" id=\"elementor-progress-bar-1035f667\">\n\t\t\t\tCont. Proteico (g\/100g)\t\t\t<\/span>\n\t\t\n\t\t<div aria-labelledby=\"elementor-progress-bar-1035f667\" class=\"elementor-progress-wrapper\" role=\"progressbar\" aria-valuemin=\"0\" aria-valuemax=\"100\" aria-valuenow=\"13.4\">\n\t\t\t<div class=\"elementor-progress-bar\" data-max=\"13.4\">\n\t\t\t\t<span class=\"elementor-progress-text\"><\/span>\n\t\t\t\t\t\t\t\t\t<span class=\"elementor-progress-percentage\">13.4%<\/span>\n\t\t\t\t\t\t\t<\/div>\n\t\t<\/div>\n\t\t\t\t\t\t<\/div>\n\t\t\t\t<\/div>\n\t\t\t\t<div class=\"elementor-element elementor-element-bbc364b elementor-widget elementor-widget-progress\" data-id=\"bbc364b\" data-element_type=\"widget\" data-widget_type=\"progress.default\">\n\t\t\t\t<div class=\"elementor-widget-container\">\n\t\t\t\t\t\t\t\t<span class=\"elementor-title\" id=\"elementor-progress-bar-bbc364b\">\n\t\t\t\tAllettamento alla raccolta\t\t\t<\/span>\n\t\t\n\t\t<div aria-labelledby=\"elementor-progress-bar-bbc364b\" class=\"elementor-progress-wrapper\" role=\"progressbar\" aria-valuemin=\"0\" aria-valuemax=\"100\" aria-valuenow=\"95\">\n\t\t\t<div class=\"elementor-progress-bar\" data-max=\"95\">\n\t\t\t\t<span class=\"elementor-progress-text\"><\/span>\n\t\t\t\t\t\t\t<\/div>\n\t\t<\/div>\n\t\t\t\t\t\t<\/div>\n\t\t\t\t<\/div>\n\t\t\t\t<div class=\"elementor-element elementor-element-4b18a8d2 elementor-widget elementor-widget-progress\" data-id=\"4b18a8d2\" data-element_type=\"widget\" data-widget_type=\"progress.default\">\n\t\t\t\t<div class=\"elementor-widget-container\">\n\t\t\t\t\t\t\t\t<span class=\"elementor-title\" id=\"elementor-progress-bar-4b18a8d2\">\n\t\t\t\tResistenza al freddo\t\t\t<\/span>\n\t\t\n\t\t<div aria-labelledby=\"elementor-progress-bar-4b18a8d2\" class=\"elementor-progress-wrapper\" role=\"progressbar\" aria-valuemin=\"0\" aria-valuemax=\"100\" aria-valuenow=\"95\">\n\t\t\t<div class=\"elementor-progress-bar\" data-max=\"95\">\n\t\t\t\t<span class=\"elementor-progress-text\"><\/span>\n\t\t\t\t\t\t\t<\/div>\n\t\t<\/div>\n\t\t\t\t\t\t<\/div>\n\t\t\t\t<\/div>\n\t\t\t\t<div class=\"elementor-element elementor-element-79b2e23f elementor-widget elementor-widget-spacer\" data-id=\"79b2e23f\" data-element_type=\"widget\" data-widget_type=\"spacer.default\">\n\t\t\t\t<div class=\"elementor-widget-container\">\n\t\t\t\t\t\t\t<div class=\"elementor-spacer\">\n\t\t\t<div class=\"elementor-spacer-inner\"><\/div>\n\t\t<\/div>\n\t\t\t\t\t\t<\/div>\n\t\t\t\t<\/div>\n\t\t\t\t<div class=\"elementor-element elementor-element-50a66c27 elementor-widget elementor-widget-google_maps\" data-id=\"50a66c27\" data-element_type=\"widget\" data-widget_type=\"google_maps.default\">\n\t\t\t\t<div class=\"elementor-widget-container\">\n\t\t\t\t\t\t\t<div class=\"elementor-custom-embed\">\n\t\t\t<iframe loading=\"lazy\"\n\t\t\t\t\tsrc=\"https:\/\/maps.google.com\/maps?q=puglia&#038;t=m&#038;z=8&#038;output=embed&#038;iwloc=near\"\n\t\t\t\t\ttitle=\"puglia\"\n\t\t\t\t\taria-label=\"puglia\"\n\t\t\t><\/iframe>\n\t\t<\/div>\n\t\t\t\t\t\t<\/div>\n\t\t\t\t<\/div>\n\t\t\t\t<\/div>\n\t\t\t\t<\/div>\n\t\t\t\t<\/div>\n\t\t\t\t<\/div>\n\t\t<div class=\"elementor-element elementor-element-3a4f4804 e-con-full e-flex e-con e-parent\" data-id=\"3a4f4804\" data-element_type=\"container\">\n\t\t\t\t<div class=\"elementor-element elementor-element-111a193c elementor-widget elementor-widget-image\" data-id=\"111a193c\" data-element_type=\"widget\" data-widget_type=\"image.default\">\n\t\t\t\t<div class=\"elementor-widget-container\">\n\t\t\t\t\t\t\t\t\t\t\t\t\t\t\t<img loading=\"lazy\" decoding=\"async\" width=\"1046\" height=\"440\" src=\"https:\/\/savegrain-cer.com\/wp-content\/uploads\/2024\/08\/Senza-titolo.png\" class=\"attachment-2048x2048 size-2048x2048 wp-image-1635\" alt=\"\" srcset=\"https:\/\/savegrain-cer.com\/wp-content\/uploads\/2024\/08\/Senza-titolo.png 1046w, https:\/\/savegrain-cer.com\/wp-content\/uploads\/2024\/08\/Senza-titolo-300x126.png 300w, https:\/\/savegrain-cer.com\/wp-content\/uploads\/2024\/08\/Senza-titolo-1024x431.png 1024w, https:\/\/savegrain-cer.com\/wp-content\/uploads\/2024\/08\/Senza-titolo-768x323.png 768w\" sizes=\"(max-width: 1046px) 100vw, 1046px\" \/>\t\t\t\t\t\t\t\t\t\t\t\t\t\t\t<\/div>\n\t\t\t\t<\/div>\n\t\t\t\t<\/div>\n\t\t<div class=\"elementor-element elementor-element-7ad61078 e-flex e-con-boxed e-con e-parent\" data-id=\"7ad61078\" data-element_type=\"container\">\n\t\t\t\t\t<div class=\"e-con-inner\">\n\t\t\t\t\t<\/div>\n\t\t\t\t<\/div>\n\t\t\t\t<\/div>\n\t\t","protected":false},"excerpt":{"rendered":"<p>Secale cereale L. Storia e curiosit\u00e0 La segale jurmana \u00e8 stata introdotta in Italia 4 secoli fa da Carlo V (1494-1559) direttamente dalla Germania dove veniva ampiamente coltivata e per questa ragione, probabilmente, chiamata anche germana o grano germano. Il \u201cvocabolario domestico napoletano\u201d (Gargano G., 1841) indica la Segale Jurmana come una specie di biada&#8230;<\/p>\n","protected":false},"author":1,"featured_media":0,"parent":0,"menu_order":0,"comment_status":"closed","ping_status":"closed","template":"","meta":{"om_disable_all_campaigns":false,"_monsterinsights_skip_tracking":false,"_monsterinsights_sitenote_active":false,"_monsterinsights_sitenote_note":"","_monsterinsights_sitenote_category":0,"ngg_post_thumbnail":0,"footnotes":""},"class_list":["post-1634","page","type-page","status-publish","hentry"],"aioseo_notices":[],"_links":{"self":[{"href":"https:\/\/savegrain-cer.com\/index.php\/wp-json\/wp\/v2\/pages\/1634","targetHints":{"allow":["GET"]}}],"collection":[{"href":"https:\/\/savegrain-cer.com\/index.php\/wp-json\/wp\/v2\/pages"}],"about":[{"href":"https:\/\/savegrain-cer.com\/index.php\/wp-json\/wp\/v2\/types\/page"}],"author":[{"embeddable":true,"href":"https:\/\/savegrain-cer.com\/index.php\/wp-json\/wp\/v2\/users\/1"}],"replies":[{"embeddable":true,"href":"https:\/\/savegrain-cer.com\/index.php\/wp-json\/wp\/v2\/comments?post=1634"}],"version-history":[{"count":3,"href":"https:\/\/savegrain-cer.com\/index.php\/wp-json\/wp\/v2\/pages\/1634\/revisions"}],"predecessor-version":[{"id":1644,"href":"https:\/\/savegrain-cer.com\/index.php\/wp-json\/wp\/v2\/pages\/1634\/revisions\/1644"}],"wp:attachment":[{"href":"https:\/\/savegrain-cer.com\/index.php\/wp-json\/wp\/v2\/media?parent=1634"}],"curies":[{"name":"wp","href":"https:\/\/api.w.org\/{rel}","templated":true}]}}