{"id":1721,"date":"2024-09-25T15:13:04","date_gmt":"2024-09-25T13:13:04","guid":{"rendered":"https:\/\/savegrain-cer.com\/?page_id=1721"},"modified":"2024-09-26T15:01:14","modified_gmt":"2024-09-26T13:01:14","slug":"intervento-rgv-6","status":"publish","type":"page","link":"https:\/\/savegrain-cer.com\/index.php\/progetto-savegrain\/intervento-rgv-6\/","title":{"rendered":"INTERVENTO RGV 6"},"content":{"rendered":"\t\t<div data-elementor-type=\"wp-page\" data-elementor-id=\"1721\" class=\"elementor elementor-1721\">\n\t\t\t\t<div class=\"elementor-element elementor-element-68a368e7 e-con-full e-flex e-con e-parent\" data-id=\"68a368e7\" data-element_type=\"container\">\n\t\t\t\t<div class=\"elementor-element elementor-element-27894b21 elementor-widget elementor-widget-heading\" data-id=\"27894b21\" data-element_type=\"widget\" data-widget_type=\"heading.default\">\n\t\t\t\t<div class=\"elementor-widget-container\">\n\t\t\t\t\t<h4 class=\"elementor-heading-title elementor-size-default\"><i>Risanamento fitosanitario del materiale di moltiplicazione (attraverso il miglioramento dello stato fitosanitario, la selezione sanitaria e preparazione di materiale sano (seme, barbatelle, astoni, portainnesti, ecc.) ai soli fini conservativi.<\/i><\/h4>\t\t\t\t<\/div>\n\t\t\t\t<\/div>\n\t\t\t\t<\/div>\n\t\t<div class=\"elementor-element elementor-element-8078036 e-flex e-con-boxed e-con e-parent\" data-id=\"8078036\" data-element_type=\"container\">\n\t\t\t\t\t<div class=\"e-con-inner\">\n\t\t\t\t<div class=\"elementor-element elementor-element-7f60784 elementor-widget elementor-widget-text-editor\" data-id=\"7f60784\" data-element_type=\"widget\" data-widget_type=\"text-editor.default\">\n\t\t\t\t<div class=\"elementor-widget-container\">\n\t\t\t\t\t\t\t\t\t<p><strong>A1 &#8211; Risanamento fitosanitario del materiale di moltiplicazione<\/strong><br \/><strong>Partner 05\/ES<\/strong><\/p><p>Per garantire una corretta ed efficiente conservazione delle cariossidi di frumento reperiti nel corso del progetto sar\u00e0 necessario monitorare lo stato fitosanitario del seme prevendo quindi anche il ricorso a tecniche di risanamento basate sull&#8217;uso di innovativi ed efficaci trattamenti chimici, fisici, biologici e al ricorso alla coltura in vitro di embrioni. In particolare, il seme sar\u00e0 valutato per contaminazioni fungine da Ustilago ssp. (agenti del carbone) e da Tilletia ssp. (agenti della carie). Saranno anche considerati alcuni possibili infestazioni da parte insetti tipici del post-raccolta come curculionidi (tra cui Sitophilus granaris), coleotteri (tra cui Tenebroides mautanicus) e lepidotteri che possono compromettere la vitalit\u00e0 del seme. Le attivit\u00e0 di risanamento fitosanitario saranno attuate in conformit\u00e0 a quanto previsto nel Piano Nazionale sulla Biodiversit\u00e0 di interesse agrario.<\/p>\t\t\t\t\t\t\t\t<\/div>\n\t\t\t\t<\/div>\n\t\t\t\t\t<\/div>\n\t\t\t\t<\/div>\n\t\t\t\t<\/div>\n\t\t","protected":false},"excerpt":{"rendered":"<p>Risanamento fitosanitario del materiale di moltiplicazione (attraverso il miglioramento dello stato fitosanitario, la selezione sanitaria e preparazione di materiale sano (seme, barbatelle, astoni, portainnesti, ecc.) ai soli fini conservativi. A1 &#8211; Risanamento fitosanitario del materiale di moltiplicazionePartner 05\/ES Per garantire una corretta ed efficiente conservazione delle cariossidi di frumento reperiti nel corso del progetto sar\u00e0&#8230;<\/p>\n","protected":false},"author":1,"featured_media":0,"parent":232,"menu_order":0,"comment_status":"closed","ping_status":"closed","template":"","meta":{"om_disable_all_campaigns":false,"_monsterinsights_skip_tracking":false,"_monsterinsights_sitenote_active":false,"_monsterinsights_sitenote_note":"","_monsterinsights_sitenote_category":0,"ngg_post_thumbnail":0,"footnotes":""},"class_list":["post-1721","page","type-page","status-publish","hentry"],"aioseo_notices":[],"_links":{"self":[{"href":"https:\/\/savegrain-cer.com\/index.php\/wp-json\/wp\/v2\/pages\/1721","targetHints":{"allow":["GET"]}}],"collection":[{"href":"https:\/\/savegrain-cer.com\/index.php\/wp-json\/wp\/v2\/pages"}],"about":[{"href":"https:\/\/savegrain-cer.com\/index.php\/wp-json\/wp\/v2\/types\/page"}],"author":[{"embeddable":true,"href":"https:\/\/savegrain-cer.com\/index.php\/wp-json\/wp\/v2\/users\/1"}],"replies":[{"embeddable":true,"href":"https:\/\/savegrain-cer.com\/index.php\/wp-json\/wp\/v2\/comments?post=1721"}],"version-history":[{"count":6,"href":"https:\/\/savegrain-cer.com\/index.php\/wp-json\/wp\/v2\/pages\/1721\/revisions"}],"predecessor-version":[{"id":1763,"href":"https:\/\/savegrain-cer.com\/index.php\/wp-json\/wp\/v2\/pages\/1721\/revisions\/1763"}],"up":[{"embeddable":true,"href":"https:\/\/savegrain-cer.com\/index.php\/wp-json\/wp\/v2\/pages\/232"}],"wp:attachment":[{"href":"https:\/\/savegrain-cer.com\/index.php\/wp-json\/wp\/v2\/media?parent=1721"}],"curies":[{"name":"wp","href":"https:\/\/api.w.org\/{rel}","templated":true}]}}