{"id":1795,"date":"2024-10-15T11:30:22","date_gmt":"2024-10-15T09:30:22","guid":{"rendered":"https:\/\/savegrain-cer.com\/?page_id=1795"},"modified":"2024-10-15T11:53:13","modified_gmt":"2024-10-15T09:53:13","slug":"intervento-rgv-10","status":"publish","type":"page","link":"https:\/\/savegrain-cer.com\/index.php\/progetto-savegrain\/intervento-rgv-10\/","title":{"rendered":"INTERVENTO RGV 10"},"content":{"rendered":"\t\t<div data-elementor-type=\"wp-page\" data-elementor-id=\"1795\" class=\"elementor elementor-1795\">\n\t\t\t\t<div class=\"elementor-element elementor-element-6a5c0e91 e-con-full e-flex e-con e-parent\" data-id=\"6a5c0e91\" data-element_type=\"container\">\n\t\t\t\t<div class=\"elementor-element elementor-element-7fb05958 elementor-widget elementor-widget-heading\" data-id=\"7fb05958\" data-element_type=\"widget\" data-widget_type=\"heading.default\">\n\t\t\t\t<div class=\"elementor-widget-container\">\n\t\t\t\t\t<h4 class=\"elementor-heading-title elementor-size-default\"><i>Valorizzazione delle risorse genetiche di interesse agrario e alimentare finalizzato alla sostenibilit\u00e0 economica della loro introduzione e utilizzo nei sistemi agricoli.<\/i><\/h4>\t\t\t\t<\/div>\n\t\t\t\t<\/div>\n\t\t\t\t<\/div>\n\t\t<div class=\"elementor-element elementor-element-36eab01 e-flex e-con-boxed e-con e-parent\" data-id=\"36eab01\" data-element_type=\"container\">\n\t\t\t\t\t<div class=\"e-con-inner\">\n\t\t\t\t<div class=\"elementor-element elementor-element-2397500 elementor-widget elementor-widget-text-editor\" data-id=\"2397500\" data-element_type=\"widget\" data-widget_type=\"text-editor.default\">\n\t\t\t\t<div class=\"elementor-widget-container\">\n\t\t\t\t\t\t\t\t\t<p><strong>RGV10 &#8211; Valorizzazione delle risorse genetiche<\/strong><br \/><strong>Partner: 01\/C, 01\/ES, 02\/ES, 04\/ES, 05\/ES<\/strong><\/p><p>Partendo dall&#8217;attivit\u00e0 di caratterizzazione agronomica, produttiva, tecnologica e qualitativa delle risorse genetiche gi\u00e0 caratterizzate geneticamente, verranno indentificate da ogni organismo di ricerca, 2 o 3 variet\u00e0 (tot. almeno 10), le pi\u00f9 promettenti, per valutare la creazione di una microfiliera produttiva capace<br \/>di competere sul mercato. Si produrr\u00e0 un report\/pubblicazione che contiene per ciascuna risorsa genetica selezionata (la struttura ed indice del report sar\u00e0 definita con il resp. Scientifico) una scheda sulla sostenibilit\u00e0 tecnico-economica: caratteristiche agronomiche, produttive e di qualit\u00e0; La misura degli effetti dell&#8217;agrobiodiversit\u00e0 funzionale dei cereali nell&#8217;ambito degli agroecosistemi regionali al fine di renderli meno dipendenti dagli input esterni e come tali pi\u00f9 sostenibili in termini economici ed ambientali; uno studio economico circa l&#8217;interesse che questi cereali possono avere sull&#8217;industria molitoria. Una parte del materiale genetico derivante dai campi collezione e una parte di quello derivante dalle aziende agricole, saranno utilizzati per la produzione di prodotti semilavorati (farine) e di prodotti finiti (pasta, pane, taralli o altri prodotti da forno). Almeno 2 o 3 dei succitati prodotti saranno sottoposti a panel test per individuarne il profilo sensoriale da confrontare con prodotti ottenuti con le stesse modalit\u00e0 di produzione, partendo per\u00f2 da cerali gi\u00e0 noti. I profili sensoriali ottenuti verranno condivisi con aziende produttive e questo servir\u00e0 a far conoscere le potenzialit\u00e0 delle variet\u00e0 di cereali a rischio di erosione genetica selezionate e a valutarne il loro interesse sia tecnico che economico.<br \/>Inoltre, i prodotti che hanno ottenuto un profilo sensoriale positivo, verranno valorizzati sottoposti al giudizio dei consumatori durante un Consumer test, un&#8217;esperienza di assaggio utile a studiare il loro atteggiamento nei confronti di questi prodotti e la loro propensione all&#8217;acquisto.<br \/>L&#8217;analisi dei dati ricavati da panel e consumer test permetteranno di valutare l&#8217;interesse di mercato da parte dei diversi attori della filiera, al fine di dimostrare la valorizzazione delle risorse genetiche e la loro sostenibilit\u00e0 tecnico economica nell&#8217;introduzione nelle aziende agricole.<br \/>Queste attivit\u00e0 dimostrative\/promozionali si svolgeranno nel secondo e\/o terzo anno del progetto e permetteranno la divulgazione dei risultati del progetto e la promozione delle variet\u00e0 elette come migliori per la loro reintroduzione nei sistemi agricoli pugliesi.<br \/>I partner scientifici lavoreranno per la realizzazione di pubblicazioni su riviste scientifiche internazionali e nazionali dei risultati delle attivit\u00e0 svolte.<\/p>\t\t\t\t\t\t\t\t<\/div>\n\t\t\t\t<\/div>\n\t\t\t\t\t<\/div>\n\t\t\t\t<\/div>\n\t\t\t\t<\/div>\n\t\t","protected":false},"excerpt":{"rendered":"<p>Valorizzazione delle risorse genetiche di interesse agrario e alimentare finalizzato alla sostenibilit\u00e0 economica della loro introduzione e utilizzo nei sistemi agricoli. RGV10 &#8211; Valorizzazione delle risorse genetiche Partner: 01\/C, 01\/ES, 02\/ES, 04\/ES, 05\/ES Partendo dall&#8217;attivit\u00e0 di caratterizzazione agronomica, produttiva, tecnologica e qualitativa delle risorse genetiche gi\u00e0 caratterizzate geneticamente, verranno indentificate da ogni organismo di ricerca,&#8230;<\/p>\n","protected":false},"author":1,"featured_media":0,"parent":232,"menu_order":0,"comment_status":"closed","ping_status":"closed","template":"","meta":{"om_disable_all_campaigns":false,"_monsterinsights_skip_tracking":false,"_monsterinsights_sitenote_active":false,"_monsterinsights_sitenote_note":"","_monsterinsights_sitenote_category":0,"ngg_post_thumbnail":0,"footnotes":""},"class_list":["post-1795","page","type-page","status-publish","hentry"],"aioseo_notices":[],"_links":{"self":[{"href":"https:\/\/savegrain-cer.com\/index.php\/wp-json\/wp\/v2\/pages\/1795","targetHints":{"allow":["GET"]}}],"collection":[{"href":"https:\/\/savegrain-cer.com\/index.php\/wp-json\/wp\/v2\/pages"}],"about":[{"href":"https:\/\/savegrain-cer.com\/index.php\/wp-json\/wp\/v2\/types\/page"}],"author":[{"embeddable":true,"href":"https:\/\/savegrain-cer.com\/index.php\/wp-json\/wp\/v2\/users\/1"}],"replies":[{"embeddable":true,"href":"https:\/\/savegrain-cer.com\/index.php\/wp-json\/wp\/v2\/comments?post=1795"}],"version-history":[{"count":4,"href":"https:\/\/savegrain-cer.com\/index.php\/wp-json\/wp\/v2\/pages\/1795\/revisions"}],"predecessor-version":[{"id":1801,"href":"https:\/\/savegrain-cer.com\/index.php\/wp-json\/wp\/v2\/pages\/1795\/revisions\/1801"}],"up":[{"embeddable":true,"href":"https:\/\/savegrain-cer.com\/index.php\/wp-json\/wp\/v2\/pages\/232"}],"wp:attachment":[{"href":"https:\/\/savegrain-cer.com\/index.php\/wp-json\/wp\/v2\/media?parent=1795"}],"curies":[{"name":"wp","href":"https:\/\/api.w.org\/{rel}","templated":true}]}}