{"id":2201,"date":"2025-03-01T16:16:24","date_gmt":"2025-03-01T14:16:24","guid":{"rendered":"https:\/\/savegrain-cer.com\/?page_id=2201"},"modified":"2025-08-30T18:58:25","modified_gmt":"2025-08-30T16:58:25","slug":"grano-tenero-germanella","status":"publish","type":"page","link":"https:\/\/savegrain-cer.com\/index.php\/grano-tenero-germanella\/","title":{"rendered":"GRANO TENERO GERMANELLA"},"content":{"rendered":"<p>L\u2019attivit\u00e0 di caratterizzazione e studio di questa variet\u00e0 \u00e8 tuttora in corso; i dati verranno inseriti al termine della stessa<\/p>\n","protected":false},"excerpt":{"rendered":"<p>L\u2019attivit\u00e0 di caratterizzazione e studio di questa variet\u00e0 \u00e8 tuttora in corso; i dati verranno inseriti al termine della stessa<\/p>\n","protected":false},"author":1,"featured_media":0,"parent":0,"menu_order":0,"comment_status":"closed","ping_status":"closed","template":"","meta":{"om_disable_all_campaigns":false,"_monsterinsights_skip_tracking":false,"_monsterinsights_sitenote_active":false,"_monsterinsights_sitenote_note":"","_monsterinsights_sitenote_category":0,"ngg_post_thumbnail":0,"footnotes":""},"class_list":["post-2201","page","type-page","status-publish","hentry"],"aioseo_notices":[],"_links":{"self":[{"href":"https:\/\/savegrain-cer.com\/index.php\/wp-json\/wp\/v2\/pages\/2201","targetHints":{"allow":["GET"]}}],"collection":[{"href":"https:\/\/savegrain-cer.com\/index.php\/wp-json\/wp\/v2\/pages"}],"about":[{"href":"https:\/\/savegrain-cer.com\/index.php\/wp-json\/wp\/v2\/types\/page"}],"author":[{"embeddable":true,"href":"https:\/\/savegrain-cer.com\/index.php\/wp-json\/wp\/v2\/users\/1"}],"replies":[{"embeddable":true,"href":"https:\/\/savegrain-cer.com\/index.php\/wp-json\/wp\/v2\/comments?post=2201"}],"version-history":[{"count":2,"href":"https:\/\/savegrain-cer.com\/index.php\/wp-json\/wp\/v2\/pages\/2201\/revisions"}],"predecessor-version":[{"id":2315,"href":"https:\/\/savegrain-cer.com\/index.php\/wp-json\/wp\/v2\/pages\/2201\/revisions\/2315"}],"wp:attachment":[{"href":"https:\/\/savegrain-cer.com\/index.php\/wp-json\/wp\/v2\/media?parent=2201"}],"curies":[{"name":"wp","href":"https:\/\/api.w.org\/{rel}","templated":true}]}}