{"id":2227,"date":"2025-03-01T16:26:52","date_gmt":"2025-03-01T14:26:52","guid":{"rendered":"https:\/\/savegrain-cer.com\/?page_id=2227"},"modified":"2025-08-30T18:49:38","modified_gmt":"2025-08-30T16:49:38","slug":"grano-duro-tondo-piccolo-nostrale","status":"publish","type":"page","link":"https:\/\/savegrain-cer.com\/index.php\/grano-duro-tondo-piccolo-nostrale\/","title":{"rendered":"GRANO DURO TONDO PICCOLO NOSTRALE"},"content":{"rendered":"<p>L\u2019attivit\u00e0 di caratterizzazione e studio di questa variet\u00e0 \u00e8 tuttora in corso; i dati verranno inseriti al termine della stessa<\/p>\n","protected":false},"excerpt":{"rendered":"<p>L\u2019attivit\u00e0 di caratterizzazione e studio di questa variet\u00e0 \u00e8 tuttora in corso; i dati verranno inseriti al termine della stessa<\/p>\n","protected":false},"author":1,"featured_media":0,"parent":0,"menu_order":0,"comment_status":"closed","ping_status":"closed","template":"","meta":{"om_disable_all_campaigns":false,"_monsterinsights_skip_tracking":false,"_monsterinsights_sitenote_active":false,"_monsterinsights_sitenote_note":"","_monsterinsights_sitenote_category":0,"ngg_post_thumbnail":0,"footnotes":""},"class_list":["post-2227","page","type-page","status-publish","hentry"],"aioseo_notices":[],"_links":{"self":[{"href":"https:\/\/savegrain-cer.com\/index.php\/wp-json\/wp\/v2\/pages\/2227","targetHints":{"allow":["GET"]}}],"collection":[{"href":"https:\/\/savegrain-cer.com\/index.php\/wp-json\/wp\/v2\/pages"}],"about":[{"href":"https:\/\/savegrain-cer.com\/index.php\/wp-json\/wp\/v2\/types\/page"}],"author":[{"embeddable":true,"href":"https:\/\/savegrain-cer.com\/index.php\/wp-json\/wp\/v2\/users\/1"}],"replies":[{"embeddable":true,"href":"https:\/\/savegrain-cer.com\/index.php\/wp-json\/wp\/v2\/comments?post=2227"}],"version-history":[{"count":2,"href":"https:\/\/savegrain-cer.com\/index.php\/wp-json\/wp\/v2\/pages\/2227\/revisions"}],"predecessor-version":[{"id":2308,"href":"https:\/\/savegrain-cer.com\/index.php\/wp-json\/wp\/v2\/pages\/2227\/revisions\/2308"}],"wp:attachment":[{"href":"https:\/\/savegrain-cer.com\/index.php\/wp-json\/wp\/v2\/media?parent=2227"}],"curies":[{"name":"wp","href":"https:\/\/api.w.org\/{rel}","templated":true}]}}