{"id":338,"date":"2024-02-22T21:35:55","date_gmt":"2024-02-22T21:35:55","guid":{"rendered":"https:\/\/savegrain-cer.com\/?page_id=338"},"modified":"2024-02-22T21:35:55","modified_gmt":"2024-02-22T21:35:55","slug":"03-e-s-ispa-cnr","status":"publish","type":"page","link":"https:\/\/savegrain-cer.com\/index.php\/partners\/03-e-s-ispa-cnr\/","title":{"rendered":"03\/E.S. ISPA-CNR"},"content":{"rendered":"<p>L&#8217;Istituto di Scienze delle Produzioni Alimentari (ISPA) \u00e8 un Istituto del Consiglio Nazionale delle Ricerche che ha come mission lo sviluppo di ricerca e il trasferimento di innovazione al comparto agrolimentare. L&#8217;ISPA partecipa a progetti di ricerca e trasferimento tecnologico per la valorizzazione delle principali filiere regionali. Sul tema della biodiversit\u00e0, l&#8217;Istituto \u00e8 coinvolto in numerosi progetti regionali e nazionali volti allo studio e alla valorizzazione della biodiversit\u00e0 vegetale avendo specifiche competenze e \u201dfacilities\u201d specifiche nella caratterizzazione del germoplasma vegetale mediante l&#8217;impiego di marcatori molecolari e biochimici, l&#8217;identificazione di composti bioattivi presenti nelle materie prime e nei prodotti agroalimentari derivati, e lo studio delle loro propriet\u00e0 biologiche e salutistiche, consultabili sul sito: <a href=\"http:\/\/www.ispacnr.it\/\">www.ispacnr.it. <\/a>L&#8217;Istituto ha inoltre avanzate competenze relative allo studio della biodiversit\u00e0 microbica<\/p>\n<p>e alle applicazioni di microrganismi autoctoni selezionati per il controllo di processo e il miglioramento della qualit\u00e0 e sicurezza delle principali produzioni agroalimentari regionali.<\/p>\n<p>Il personale ISPA ha come obiettivo primario la pubblicazione dei risultati delle ricerche su riviste scientifiche di eccellenza sottoposte a processo di peer reviewing e indicizzate Scopus\/WOS. Oltre alla produzione di pubblicazioni scientifiche su riviste specializzate, l&#8217;ISPA ha come obiettivo la diffusione delle conoscenze attraverso pubblicazioni divulgative, seminari, workshop, ecc.. La produzione scientifica dell&#8217;ISPA \u00e8 molto estesa essendo l&#8217;ISPA il pi\u00f9 grande istituto del Dipartimento di Scienze Bio- agroalimentari del CNR. Nella tabella in coda al presente documento sono state riportate solo le pubblicazioni recenti (ultimi 5 anni) che vedono tra gli autori i ricercatori che saranno coinvolti nella presente proposta progettuale.<\/p>\n<p>Come per le pubblicazioni, cos\u00ec anche per i progetti, nella tabella in coda, si riportano i progetti di ricerca, attinenti all&#8217;area tematica della biodiversit\u00e0 vegetale, in cui sono stati coinvolti i ricercatori che partecipano alla presente proposta.<\/p>\n","protected":false},"excerpt":{"rendered":"<p>L&#8217;Istituto di Scienze delle Produzioni Alimentari (ISPA) \u00e8 un Istituto del Consiglio Nazionale delle Ricerche che ha come mission lo sviluppo di ricerca e il trasferimento di innovazione al comparto agrolimentare. L&#8217;ISPA partecipa a progetti di ricerca e trasferimento tecnologico per la valorizzazione delle principali filiere regionali. Sul tema della biodiversit\u00e0, l&#8217;Istituto \u00e8 coinvolto in&#8230;<\/p>\n","protected":false},"author":1,"featured_media":0,"parent":276,"menu_order":0,"comment_status":"closed","ping_status":"closed","template":"","meta":{"om_disable_all_campaigns":false,"_monsterinsights_skip_tracking":false,"_monsterinsights_sitenote_active":false,"_monsterinsights_sitenote_note":"","_monsterinsights_sitenote_category":0,"ngg_post_thumbnail":0,"footnotes":""},"class_list":["post-338","page","type-page","status-publish","hentry"],"aioseo_notices":[],"_links":{"self":[{"href":"https:\/\/savegrain-cer.com\/index.php\/wp-json\/wp\/v2\/pages\/338","targetHints":{"allow":["GET"]}}],"collection":[{"href":"https:\/\/savegrain-cer.com\/index.php\/wp-json\/wp\/v2\/pages"}],"about":[{"href":"https:\/\/savegrain-cer.com\/index.php\/wp-json\/wp\/v2\/types\/page"}],"author":[{"embeddable":true,"href":"https:\/\/savegrain-cer.com\/index.php\/wp-json\/wp\/v2\/users\/1"}],"replies":[{"embeddable":true,"href":"https:\/\/savegrain-cer.com\/index.php\/wp-json\/wp\/v2\/comments?post=338"}],"version-history":[{"count":1,"href":"https:\/\/savegrain-cer.com\/index.php\/wp-json\/wp\/v2\/pages\/338\/revisions"}],"predecessor-version":[{"id":339,"href":"https:\/\/savegrain-cer.com\/index.php\/wp-json\/wp\/v2\/pages\/338\/revisions\/339"}],"up":[{"embeddable":true,"href":"https:\/\/savegrain-cer.com\/index.php\/wp-json\/wp\/v2\/pages\/276"}],"wp:attachment":[{"href":"https:\/\/savegrain-cer.com\/index.php\/wp-json\/wp\/v2\/media?parent=338"}],"curies":[{"name":"wp","href":"https:\/\/api.w.org\/{rel}","templated":true}]}}