{"id":343,"date":"2024-02-22T21:43:21","date_gmt":"2024-02-22T21:43:21","guid":{"rendered":"https:\/\/savegrain-cer.com\/?page_id=343"},"modified":"2024-02-22T21:43:21","modified_gmt":"2024-02-22T21:43:21","slug":"05-e-s-uniba-disspa","status":"publish","type":"page","link":"https:\/\/savegrain-cer.com\/index.php\/partners\/05-e-s-uniba-disspa\/","title":{"rendered":"05\/E.S. UNIBA DiSSPA"},"content":{"rendered":"<p>Il partner UNIBA DiSSPA (05\/E.S) \u00e8 costituito dal team di ricerca coordinato dalla prof.ssa Rosanna Simeone afferente alla sezione di Genetica e Miglioramento genetico del Dipartimento di Scienze del Suolo, della Pianta e degli Alimenti dell&#8217;Universit\u00e0 di Bari Aldo Moro. Il partner ha esperienza pluriennale in programmi di ricerche su tematiche legate alla biodiversit\u00e0 vegetale, alla genetica, al miglioramento genetico e alla tracciabilit\u00e0 di specie agrarie di prevalente interesse per gli ambienti mediterranei con riconosciuta specializzazione sui frumenti duri e teneri. Tali attivit\u00e0 sono articolate in una serie di progetti miranti ad acquisizioni di valore teorico (migliore e pi\u00f9 approfondita conoscenza della variabilit\u00e0 genetica e della genetica formale e molecolare delle specie agrarie, criteri e parametri di selezione, nuove procedure di miglioramento genetico, ecc.) e alla realizzazione di linee breeding o cultivar pi\u00f9 stabilmente produttive, dotate di granella di superiore qualit\u00e0 nutrizionale e tecnologica e maggiormente adatte alle condizioni ambientali.<\/p>\n<p>Negli anni pi\u00f9 recenti il partner E.S. 05 ha acquisito e sviluppato presso i propri laboratori o partecipando alle attivit\u00e0 di laboratori esteri tutte le competenze necessarie per programmi di valutazione, conservazione e valorizzazione di risorse genetiche vegetali, di genetica di popolazione, genetica quantitativa, miglioramento genetico, biotecnologie vegetali. In particolare il partner 05\/E.S si \u00e8 specializzato nella caratterizzazione di germoplasma pugliese in quanto direttamente coinvolto (come unit\u00e0 di ricerca) nei Progetti Integrati per la biodiversit\u00e0 PSR della Regione Puglia 2007-2013 (Misura 214, azione 4, sub-azione a) e Sottomisura 10.2). In particolare, con il progetto \u201dRecupero, caratterizzazione, salvaguardia e valorizzazione di leguminose, cereali da granella e foraggio in Puglia\u201d (SaVeGraINPuglia) ha acquisto competenze della conservazione in situ dei cereali, nella valutazione morfo-fisiologica di accessioni di frumento (duro e tenero) nonch\u00e9 nella tracciabilit\u00e0 della granella dei grani antichi. Nell&#8217;ambito di questo progetto \u00e8 stata condotta la conservazione in situ dell&#8217;accessione di frumento duro San Pasquale presso l&#8217;Azienda sperimentale del Centro Didattico Sperimentale Martucci di Valenzano (BA). Inoltre, sempre per l&#8217;accessione di frumento duro San Pasquale il partner ha anche contribuito alla redazione della scheda morfologica e contribuito all&#8217;iscrizione al registro delle variet\u00e0 da conservazione. Parallelamente il partner 05\/E.S. ha acquisto competenza ed esperienza nella gestione di campi catalogo che hanno permesso la valutazione morfologica del germoplasma pugliese raccolto nel progetto<\/p>\n<p>SaVeGraINPuglia. Il partner 05\/E.S all&#8217;interno del progetto SaVeGraINPuglia ha messo a disposizione tutto il suo know-how del settore della genetica agraria per condurre analisi genetico-molecolari finalizzate a stimare la struttura di popolazione dei frumenti pugliesi e a sviluppare sistemi innovativi di tracciabilit\u00e0 della materia prima. I risultati delle analisi genetiche sono stati oggetto di pubblicazioni scientifiche su riviste internazionali dotate di impact factor.<\/p>\n","protected":false},"excerpt":{"rendered":"<p>Il partner UNIBA DiSSPA (05\/E.S) \u00e8 costituito dal team di ricerca coordinato dalla prof.ssa Rosanna Simeone afferente alla sezione di Genetica e Miglioramento genetico del Dipartimento di Scienze del Suolo, della Pianta e degli Alimenti dell&#8217;Universit\u00e0 di Bari Aldo Moro. Il partner ha esperienza pluriennale in programmi di ricerche su tematiche legate alla biodiversit\u00e0 vegetale,&#8230;<\/p>\n","protected":false},"author":1,"featured_media":0,"parent":276,"menu_order":0,"comment_status":"closed","ping_status":"closed","template":"","meta":{"om_disable_all_campaigns":false,"_monsterinsights_skip_tracking":false,"_monsterinsights_sitenote_active":false,"_monsterinsights_sitenote_note":"","_monsterinsights_sitenote_category":0,"ngg_post_thumbnail":0,"footnotes":""},"class_list":["post-343","page","type-page","status-publish","hentry"],"aioseo_notices":[],"_links":{"self":[{"href":"https:\/\/savegrain-cer.com\/index.php\/wp-json\/wp\/v2\/pages\/343","targetHints":{"allow":["GET"]}}],"collection":[{"href":"https:\/\/savegrain-cer.com\/index.php\/wp-json\/wp\/v2\/pages"}],"about":[{"href":"https:\/\/savegrain-cer.com\/index.php\/wp-json\/wp\/v2\/types\/page"}],"author":[{"embeddable":true,"href":"https:\/\/savegrain-cer.com\/index.php\/wp-json\/wp\/v2\/users\/1"}],"replies":[{"embeddable":true,"href":"https:\/\/savegrain-cer.com\/index.php\/wp-json\/wp\/v2\/comments?post=343"}],"version-history":[{"count":1,"href":"https:\/\/savegrain-cer.com\/index.php\/wp-json\/wp\/v2\/pages\/343\/revisions"}],"predecessor-version":[{"id":344,"href":"https:\/\/savegrain-cer.com\/index.php\/wp-json\/wp\/v2\/pages\/343\/revisions\/344"}],"up":[{"embeddable":true,"href":"https:\/\/savegrain-cer.com\/index.php\/wp-json\/wp\/v2\/pages\/276"}],"wp:attachment":[{"href":"https:\/\/savegrain-cer.com\/index.php\/wp-json\/wp\/v2\/media?parent=343"}],"curies":[{"name":"wp","href":"https:\/\/api.w.org\/{rel}","templated":true}]}}