{"id":350,"date":"2024-02-22T21:46:34","date_gmt":"2024-02-22T21:46:34","guid":{"rendered":"https:\/\/savegrain-cer.com\/?page_id=350"},"modified":"2024-02-22T21:49:29","modified_gmt":"2024-02-22T21:49:29","slug":"03-aa-la-calcara","status":"publish","type":"page","link":"https:\/\/savegrain-cer.com\/index.php\/partners\/03-aa-la-calcara\/","title":{"rendered":"03\/AA LA CALCARA"},"content":{"rendered":"<p>L&#8217;azienda agricola La Calcara nasce nel 1988 a cura della famiglia Colonna. Nel 1988 viene riconosciuta come prima azienda agrituristica nel territorio barese e quinta a livello regionale. La produzione aziendale \u00e8 incentrata prevalentemente su due fronti, la cerealicoltura biologica e quella zootecnica, anche questa in biologico. Da molti anni si preoccupano di creare nella propria azienda biodiversit\u00e0 cerealicola, piantando variet\u00e0 di grano duro autoctono e biodiversit\u00e0 zootecnica. Parallelamente all&#8217;attivit\u00e0 agricola si occupano di un maneggio, un agriturismo e di lavorazione di latte e carni, puntando quindi sulla filiera corta. Hanno partecipato come partner ad altri progetti finanziati dalla Regione Puglia.<\/p>\n","protected":false},"excerpt":{"rendered":"<p>L&#8217;azienda agricola La Calcara nasce nel 1988 a cura della famiglia Colonna. Nel 1988 viene riconosciuta come prima azienda agrituristica nel territorio barese e quinta a livello regionale. La produzione aziendale \u00e8 incentrata prevalentemente su due fronti, la cerealicoltura biologica e quella zootecnica, anche questa in biologico. Da molti anni si preoccupano di creare nella&#8230;<\/p>\n","protected":false},"author":1,"featured_media":0,"parent":276,"menu_order":0,"comment_status":"closed","ping_status":"closed","template":"","meta":{"om_disable_all_campaigns":false,"_monsterinsights_skip_tracking":false,"_monsterinsights_sitenote_active":false,"_monsterinsights_sitenote_note":"","_monsterinsights_sitenote_category":0,"ngg_post_thumbnail":0,"footnotes":""},"class_list":["post-350","page","type-page","status-publish","hentry"],"aioseo_notices":[],"_links":{"self":[{"href":"https:\/\/savegrain-cer.com\/index.php\/wp-json\/wp\/v2\/pages\/350","targetHints":{"allow":["GET"]}}],"collection":[{"href":"https:\/\/savegrain-cer.com\/index.php\/wp-json\/wp\/v2\/pages"}],"about":[{"href":"https:\/\/savegrain-cer.com\/index.php\/wp-json\/wp\/v2\/types\/page"}],"author":[{"embeddable":true,"href":"https:\/\/savegrain-cer.com\/index.php\/wp-json\/wp\/v2\/users\/1"}],"replies":[{"embeddable":true,"href":"https:\/\/savegrain-cer.com\/index.php\/wp-json\/wp\/v2\/comments?post=350"}],"version-history":[{"count":1,"href":"https:\/\/savegrain-cer.com\/index.php\/wp-json\/wp\/v2\/pages\/350\/revisions"}],"predecessor-version":[{"id":351,"href":"https:\/\/savegrain-cer.com\/index.php\/wp-json\/wp\/v2\/pages\/350\/revisions\/351"}],"up":[{"embeddable":true,"href":"https:\/\/savegrain-cer.com\/index.php\/wp-json\/wp\/v2\/pages\/276"}],"wp:attachment":[{"href":"https:\/\/savegrain-cer.com\/index.php\/wp-json\/wp\/v2\/media?parent=350"}],"curies":[{"name":"wp","href":"https:\/\/api.w.org\/{rel}","templated":true}]}}