{"id":856,"date":"2024-06-02T18:47:43","date_gmt":"2024-06-02T16:47:43","guid":{"rendered":"https:\/\/savegrain-cer.com\/?page_id=856"},"modified":"2024-10-15T13:07:19","modified_gmt":"2024-10-15T11:07:19","slug":"grano-tenero-bianchetta","status":"publish","type":"page","link":"https:\/\/savegrain-cer.com\/index.php\/varieta-cereali\/grano-tenero-bianchetta\/","title":{"rendered":"GRANO TENERO BIANCHETTA"},"content":{"rendered":"\t\t<div data-elementor-type=\"wp-page\" data-elementor-id=\"856\" class=\"elementor elementor-856\">\n\t\t\t\t<div class=\"elementor-element elementor-element-644b663 e-flex e-con-boxed e-con e-parent\" data-id=\"644b663\" data-element_type=\"container\">\n\t\t\t\t\t<div class=\"e-con-inner\">\n\t\t\t\t<div class=\"elementor-element elementor-element-133f1cd elementor-widget elementor-widget-heading\" data-id=\"133f1cd\" data-element_type=\"widget\" data-widget_type=\"heading.default\">\n\t\t\t\t<div class=\"elementor-widget-container\">\n\t\t\t\t\t<h4 class=\"elementor-heading-title elementor-size-default\"><i>Triticum aestivum <\/i>L.<i><\/i><\/h4>\t\t\t\t<\/div>\n\t\t\t\t<\/div>\n\t\t\t\t\t<\/div>\n\t\t\t\t<\/div>\n\t\t<div class=\"elementor-element elementor-element-6c7c5716 e-con-full e-flex e-con e-parent\" data-id=\"6c7c5716\" data-element_type=\"container\">\n\t\t<div class=\"elementor-element elementor-element-1a103f0 e-con-full e-flex e-con e-child\" data-id=\"1a103f0\" data-element_type=\"container\">\n\t\t<div class=\"elementor-element elementor-element-35ae67b3 e-grid e-con-full e-con e-child\" data-id=\"35ae67b3\" data-element_type=\"container\">\n\t\t<div class=\"elementor-element elementor-element-56237d8d e-con-full e-flex e-con e-child\" data-id=\"56237d8d\" data-element_type=\"container\">\n\t\t\t\t<div class=\"elementor-element elementor-element-1520c6d elementor-widget elementor-widget-text-editor\" data-id=\"1520c6d\" data-element_type=\"widget\" data-widget_type=\"text-editor.default\">\n\t\t\t\t<div class=\"elementor-widget-container\">\n\t\t\t\t\t\t\t\t\t<p><span style=\"color: #ff9900;\"><strong>Storia e curiosit\u00e0<\/strong><\/span><\/p><p>La Bianchetta \u00e8 senza dubbio tra le variet\u00e0 locali di grano tenero quella pi\u00f9 diffusa in Puglia. La sua coltivazione risulta ampiamente documentata in testi di agronomia a partire dal 1784 (A. Ginori) e in monografie soprattutto negli anni \u201920, \u201930 redatte ad opera di agronomi e tecnici delle Stazioni Sperimentali di Agraria delle province di Bari e di Foggia. Da quanto segnalato (De Cillis, 1927) \u00e8 stata ed \u00e8 spesso confusa con altri grani teneri con caratteristiche molto simili, infatti sinonimi sono la Maiorca francese, Francesella, Maiorca bianca, Carosella. La diffusione sul territorio \u00e8 ancora associata alla preparazione del \u201cgrano dei morti\u201d a base di grano cotto, condito con vino cotto, scaglie di cioccolato, noci, mandorle e chicchi di melograno, prearata in onore dei morti la sera tra Ognissanti e la Commemorazione dei defunti, in particolare a Orsara, Sant\u2019Agata di Puglia dove \u00e8 nota come \u201cciccecuotte\u201d e Bisceglie come \u201ccolva\u201d.<\/p>\t\t\t\t\t\t\t\t<\/div>\n\t\t\t\t<\/div>\n\t\t\t\t<div class=\"elementor-element elementor-element-74ed703b elementor-widget elementor-widget-spacer\" data-id=\"74ed703b\" data-element_type=\"widget\" data-widget_type=\"spacer.default\">\n\t\t\t\t<div class=\"elementor-widget-container\">\n\t\t\t\t\t\t\t<div class=\"elementor-spacer\">\n\t\t\t<div class=\"elementor-spacer-inner\"><\/div>\n\t\t<\/div>\n\t\t\t\t\t\t<\/div>\n\t\t\t\t<\/div>\n\t\t\t\t<div class=\"elementor-element elementor-element-af199bb elementor-widget elementor-widget-accordion\" data-id=\"af199bb\" data-element_type=\"widget\" data-widget_type=\"accordion.default\">\n\t\t\t\t<div class=\"elementor-widget-container\">\n\t\t\t\t\t\t\t<div class=\"elementor-accordion\">\n\t\t\t\t\t\t\t<div class=\"elementor-accordion-item\">\n\t\t\t\t\t<div id=\"elementor-tab-title-1831\" class=\"elementor-tab-title\" data-tab=\"1\" role=\"button\" aria-controls=\"elementor-tab-content-1831\" aria-expanded=\"false\">\n\t\t\t\t\t\t\t\t\t\t\t\t\t<span class=\"elementor-accordion-icon elementor-accordion-icon-left\" aria-hidden=\"true\">\n\t\t\t\t\t\t\t\t\t\t\t\t\t\t\t<span class=\"elementor-accordion-icon-closed\"><svg class=\"e-font-icon-svg e-fas-plus\" viewBox=\"0 0 448 512\" xmlns=\"http:\/\/www.w3.org\/2000\/svg\"><path d=\"M416 208H272V64c0-17.67-14.33-32-32-32h-32c-17.67 0-32 14.33-32 32v144H32c-17.67 0-32 14.33-32 32v32c0 17.67 14.33 32 32 32h144v144c0 17.67 14.33 32 32 32h32c17.67 0 32-14.33 32-32V304h144c17.67 0 32-14.33 32-32v-32c0-17.67-14.33-32-32-32z\"><\/path><\/svg><\/span>\n\t\t\t\t\t\t\t\t<span class=\"elementor-accordion-icon-opened\"><svg class=\"e-font-icon-svg e-fas-minus\" viewBox=\"0 0 448 512\" xmlns=\"http:\/\/www.w3.org\/2000\/svg\"><path d=\"M416 208H32c-17.67 0-32 14.33-32 32v32c0 17.67 14.33 32 32 32h384c17.67 0 32-14.33 32-32v-32c0-17.67-14.33-32-32-32z\"><\/path><\/svg><\/span>\n\t\t\t\t\t\t\t\t\t\t\t\t\t\t<\/span>\n\t\t\t\t\t\t\t\t\t\t\t\t<a class=\"elementor-accordion-title\" tabindex=\"0\">DESCRIZIONE MORFOLOGICA<\/a>\n\t\t\t\t\t<\/div>\n\t\t\t\t\t<div id=\"elementor-tab-content-1831\" class=\"elementor-tab-content elementor-clearfix\" data-tab=\"1\" role=\"region\" aria-labelledby=\"elementor-tab-title-1831\"><h5><span style=\"color: #000000;\"><strong>Pianta<\/strong><\/span><\/h5><ul><li><span style=\"color: #ff9900;\"><em>Portamento<\/em><\/span>: da eretto a semi-eretto<\/li><li><span style=\"color: #ff9900;\"><em>Altezza (culmo, spiga e reste) (cm)<\/em><\/span>: 110-140 cm<\/li><li><span style=\"color: #ff9900;\"><em>Glaucescenza spiga<\/em><\/span>: da assente o molto debole a debole<\/li><\/ul><h5><span style=\"color: #000000;\"><strong>Spiga<\/strong><\/span><\/h5><ul><li><span style=\"color: #ff9900;\"><em>Reste o barbe<\/em><\/span>: entrambe assenti o barbe da molto corte a corte<\/li><li><span style=\"color: #ff9900;\"><em>Colore a maturazione<\/em><\/span>: bianca<\/li><li><span style=\"color: #ff9900;\"><em>Forma<\/em><\/span>: a bordi paralleli e fusiforme<\/li><li><span style=\"color: #ff9900;\"><em>Densit\u00e0<\/em><\/span>: da lassa a media<\/li><\/ul><h5><span style=\"color: #000000;\"><strong>Cariosside<\/strong><\/span><\/h5><ul><li><span style=\"color: #ff9900;\"><em>Forma<\/em><\/span>: da ovoide a semi-allungata<\/li><li><span style=\"color: #ff9900;\"><em>Colore<\/em><\/span>: bianca<\/li><\/ul><\/div>\n\t\t\t\t<\/div>\n\t\t\t\t\t\t\t<div class=\"elementor-accordion-item\">\n\t\t\t\t\t<div id=\"elementor-tab-title-1832\" class=\"elementor-tab-title\" data-tab=\"2\" role=\"button\" aria-controls=\"elementor-tab-content-1832\" aria-expanded=\"false\">\n\t\t\t\t\t\t\t\t\t\t\t\t\t<span class=\"elementor-accordion-icon elementor-accordion-icon-left\" aria-hidden=\"true\">\n\t\t\t\t\t\t\t\t\t\t\t\t\t\t\t<span class=\"elementor-accordion-icon-closed\"><svg class=\"e-font-icon-svg e-fas-plus\" viewBox=\"0 0 448 512\" xmlns=\"http:\/\/www.w3.org\/2000\/svg\"><path d=\"M416 208H272V64c0-17.67-14.33-32-32-32h-32c-17.67 0-32 14.33-32 32v144H32c-17.67 0-32 14.33-32 32v32c0 17.67 14.33 32 32 32h144v144c0 17.67 14.33 32 32 32h32c17.67 0 32-14.33 32-32V304h144c17.67 0 32-14.33 32-32v-32c0-17.67-14.33-32-32-32z\"><\/path><\/svg><\/span>\n\t\t\t\t\t\t\t\t<span class=\"elementor-accordion-icon-opened\"><svg class=\"e-font-icon-svg e-fas-minus\" viewBox=\"0 0 448 512\" xmlns=\"http:\/\/www.w3.org\/2000\/svg\"><path d=\"M416 208H32c-17.67 0-32 14.33-32 32v32c0 17.67 14.33 32 32 32h384c17.67 0 32-14.33 32-32v-32c0-17.67-14.33-32-32-32z\"><\/path><\/svg><\/span>\n\t\t\t\t\t\t\t\t\t\t\t\t\t\t<\/span>\n\t\t\t\t\t\t\t\t\t\t\t\t<a class=\"elementor-accordion-title\" tabindex=\"0\">TIPO DI SVILUPPO<\/a>\n\t\t\t\t\t<\/div>\n\t\t\t\t\t<div id=\"elementor-tab-content-1832\" class=\"elementor-tab-content elementor-clearfix\" data-tab=\"2\" role=\"region\" aria-labelledby=\"elementor-tab-title-1832\"><ul><li>Invernale<\/li><\/ul><\/div>\n\t\t\t\t<\/div>\n\t\t\t\t\t\t\t<div class=\"elementor-accordion-item\">\n\t\t\t\t\t<div id=\"elementor-tab-title-1833\" class=\"elementor-tab-title\" data-tab=\"3\" role=\"button\" aria-controls=\"elementor-tab-content-1833\" aria-expanded=\"false\">\n\t\t\t\t\t\t\t\t\t\t\t\t\t<span class=\"elementor-accordion-icon elementor-accordion-icon-left\" aria-hidden=\"true\">\n\t\t\t\t\t\t\t\t\t\t\t\t\t\t\t<span class=\"elementor-accordion-icon-closed\"><svg class=\"e-font-icon-svg e-fas-plus\" viewBox=\"0 0 448 512\" xmlns=\"http:\/\/www.w3.org\/2000\/svg\"><path d=\"M416 208H272V64c0-17.67-14.33-32-32-32h-32c-17.67 0-32 14.33-32 32v144H32c-17.67 0-32 14.33-32 32v32c0 17.67 14.33 32 32 32h144v144c0 17.67 14.33 32 32 32h32c17.67 0 32-14.33 32-32V304h144c17.67 0 32-14.33 32-32v-32c0-17.67-14.33-32-32-32z\"><\/path><\/svg><\/span>\n\t\t\t\t\t\t\t\t<span class=\"elementor-accordion-icon-opened\"><svg class=\"e-font-icon-svg e-fas-minus\" viewBox=\"0 0 448 512\" xmlns=\"http:\/\/www.w3.org\/2000\/svg\"><path d=\"M416 208H32c-17.67 0-32 14.33-32 32v32c0 17.67 14.33 32 32 32h384c17.67 0 32-14.33 32-32v-32c0-17.67-14.33-32-32-32z\"><\/path><\/svg><\/span>\n\t\t\t\t\t\t\t\t\t\t\t\t\t\t<\/span>\n\t\t\t\t\t\t\t\t\t\t\t\t<a class=\"elementor-accordion-title\" tabindex=\"0\">CARATTERI PRODUTTIVI<\/a>\n\t\t\t\t\t<\/div>\n\t\t\t\t\t<div id=\"elementor-tab-content-1833\" class=\"elementor-tab-content elementor-clearfix\" data-tab=\"3\" role=\"region\" aria-labelledby=\"elementor-tab-title-1833\"><ul><li><span style=\"color: #ff9900;\"><em>Epoca di spigatura (gg da 01.04)<\/em><\/span>: 32-46<\/li><li><span style=\"color: #ff9900;\"><em>Produzione spiga<\/em><\/span>: 1,4-2,2<\/li><li><span style=\"color: #ff9900;\"><em>Peso mille semi<\/em><\/span>: 31-57,9 g<\/li><\/ul><\/div>\n\t\t\t\t<\/div>\n\t\t\t\t\t\t\t\t<\/div>\n\t\t\t\t\t\t<\/div>\n\t\t\t\t<\/div>\n\t\t<div class=\"elementor-element elementor-element-1c7ca4c e-con-full e-flex e-con e-child\" data-id=\"1c7ca4c\" data-element_type=\"container\">\n\t\t\t\t<div class=\"elementor-element elementor-element-f2ea578 elementor-widget elementor-widget-image-gallery\" data-id=\"f2ea578\" data-element_type=\"widget\" data-widget_type=\"image-gallery.default\">\n\t\t\t\t<div class=\"elementor-widget-container\">\n\t\t\t\t\t\t\t<div class=\"elementor-image-gallery\">\n\t\t\t<div id='gallery-1' class='gallery galleryid-856 gallery-columns-4 gallery-size-thumbnail'><figure class='gallery-item'>\n\t\t\t<div class='gallery-icon landscape'>\n\t\t\t\t<a data-elementor-open-lightbox=\"yes\" data-elementor-lightbox-slideshow=\"f2ea578\" data-elementor-lightbox-title=\"T11_14mar2015 (1)\" data-e-action-hash=\"#elementor-action%3Aaction%3Dlightbox%26settings%3DeyJpZCI6MTA1MiwidXJsIjoiaHR0cHM6XC9cL3NhdmVncmFpbi1jZXIuY29tXC93cC1jb250ZW50XC91cGxvYWRzXC8yMDI0XC8wNlwvVDExXzE0bWFyMjAxNS0xLXNjYWxlZC5qcGciLCJzbGlkZXNob3ciOiJmMmVhNTc4In0%3D\" href='https:\/\/savegrain-cer.com\/wp-content\/uploads\/2024\/06\/T11_14mar2015-1-scaled.jpg'><img decoding=\"async\" width=\"150\" height=\"150\" src=\"https:\/\/savegrain-cer.com\/wp-content\/uploads\/2024\/06\/T11_14mar2015-1-150x150.jpg\" class=\"attachment-thumbnail size-thumbnail\" alt=\"\" \/><\/a>\n\t\t\t<\/div><\/figure><figure class='gallery-item'>\n\t\t\t<div class='gallery-icon landscape'>\n\t\t\t\t<a data-elementor-open-lightbox=\"yes\" data-elementor-lightbox-slideshow=\"f2ea578\" data-elementor-lightbox-title=\"T7_01Mag2015 (4)\" data-e-action-hash=\"#elementor-action%3Aaction%3Dlightbox%26settings%3DeyJpZCI6MTA1MywidXJsIjoiaHR0cHM6XC9cL3NhdmVncmFpbi1jZXIuY29tXC93cC1jb250ZW50XC91cGxvYWRzXC8yMDI0XC8wNlwvVDdfMDFNYWcyMDE1LTQtc2NhbGVkLmpwZyIsInNsaWRlc2hvdyI6ImYyZWE1NzgifQ%3D%3D\" href='https:\/\/savegrain-cer.com\/wp-content\/uploads\/2024\/06\/T7_01Mag2015-4-scaled.jpg'><img decoding=\"async\" width=\"150\" height=\"150\" src=\"https:\/\/savegrain-cer.com\/wp-content\/uploads\/2024\/06\/T7_01Mag2015-4-150x150.jpg\" class=\"attachment-thumbnail size-thumbnail\" alt=\"\" \/><\/a>\n\t\t\t<\/div><\/figure><figure class='gallery-item'>\n\t\t\t<div class='gallery-icon portrait'>\n\t\t\t\t<a data-elementor-open-lightbox=\"yes\" data-elementor-lightbox-slideshow=\"f2ea578\" data-elementor-lightbox-title=\"T11_24Mag15 (1)\" data-e-action-hash=\"#elementor-action%3Aaction%3Dlightbox%26settings%3DeyJpZCI6MTA1NCwidXJsIjoiaHR0cHM6XC9cL3NhdmVncmFpbi1jZXIuY29tXC93cC1jb250ZW50XC91cGxvYWRzXC8yMDI0XC8wNlwvVDExXzI0TWFnMTUtMS1zY2FsZWQuanBnIiwic2xpZGVzaG93IjoiZjJlYTU3OCJ9\" href='https:\/\/savegrain-cer.com\/wp-content\/uploads\/2024\/06\/T11_24Mag15-1-scaled.jpg'><img decoding=\"async\" width=\"150\" height=\"150\" src=\"https:\/\/savegrain-cer.com\/wp-content\/uploads\/2024\/06\/T11_24Mag15-1-150x150.jpg\" class=\"attachment-thumbnail size-thumbnail\" alt=\"\" \/><\/a>\n\t\t\t<\/div><\/figure><figure class='gallery-item'>\n\t\t\t<div class='gallery-icon landscape'>\n\t\t\t\t<a data-elementor-open-lightbox=\"yes\" data-elementor-lightbox-slideshow=\"f2ea578\" data-elementor-lightbox-title=\"T9_24Mag15 (3)\" data-e-action-hash=\"#elementor-action%3Aaction%3Dlightbox%26settings%3DeyJpZCI6MTA1NSwidXJsIjoiaHR0cHM6XC9cL3NhdmVncmFpbi1jZXIuY29tXC93cC1jb250ZW50XC91cGxvYWRzXC8yMDI0XC8wNlwvVDlfMjRNYWcxNS0zLXNjYWxlZC5qcGciLCJzbGlkZXNob3ciOiJmMmVhNTc4In0%3D\" href='https:\/\/savegrain-cer.com\/wp-content\/uploads\/2024\/06\/T9_24Mag15-3-scaled.jpg'><img loading=\"lazy\" decoding=\"async\" width=\"150\" height=\"150\" src=\"https:\/\/savegrain-cer.com\/wp-content\/uploads\/2024\/06\/T9_24Mag15-3-150x150.jpg\" class=\"attachment-thumbnail size-thumbnail\" alt=\"\" \/><\/a>\n\t\t\t<\/div><\/figure><figure class='gallery-item'>\n\t\t\t<div class='gallery-icon portrait'>\n\t\t\t\t<a data-elementor-open-lightbox=\"yes\" data-elementor-lightbox-slideshow=\"f2ea578\" data-elementor-lightbox-title=\"T6_24Mag15 (4)\" data-e-action-hash=\"#elementor-action%3Aaction%3Dlightbox%26settings%3DeyJpZCI6MTA1NiwidXJsIjoiaHR0cHM6XC9cL3NhdmVncmFpbi1jZXIuY29tXC93cC1jb250ZW50XC91cGxvYWRzXC8yMDI0XC8wNlwvVDZfMjRNYWcxNS00LXNjYWxlZC5qcGciLCJzbGlkZXNob3ciOiJmMmVhNTc4In0%3D\" href='https:\/\/savegrain-cer.com\/wp-content\/uploads\/2024\/06\/T6_24Mag15-4-scaled.jpg'><img loading=\"lazy\" decoding=\"async\" width=\"150\" height=\"150\" src=\"https:\/\/savegrain-cer.com\/wp-content\/uploads\/2024\/06\/T6_24Mag15-4-150x150.jpg\" class=\"attachment-thumbnail size-thumbnail\" alt=\"\" \/><\/a>\n\t\t\t<\/div><\/figure>\n\t\t<\/div>\n\t\t<\/div>\n\t\t\t\t\t\t<\/div>\n\t\t\t\t<\/div>\n\t\t\t\t<\/div>\n\t\t\t\t<\/div>\n\t\t<div class=\"elementor-element elementor-element-6fdb14a4 e-con-full e-flex e-con e-child\" data-id=\"6fdb14a4\" data-element_type=\"container\">\n\t\t\t\t<div class=\"elementor-element elementor-element-78322b8c elementor-arrows-position-inside elementor-pagination-position-outside elementor-widget elementor-widget-image-carousel\" data-id=\"78322b8c\" data-element_type=\"widget\" data-settings=\"{&quot;slides_to_show&quot;:&quot;1&quot;,&quot;navigation&quot;:&quot;both&quot;,&quot;autoplay&quot;:&quot;yes&quot;,&quot;pause_on_hover&quot;:&quot;yes&quot;,&quot;pause_on_interaction&quot;:&quot;yes&quot;,&quot;autoplay_speed&quot;:5000,&quot;infinite&quot;:&quot;yes&quot;,&quot;effect&quot;:&quot;slide&quot;,&quot;speed&quot;:500}\" data-widget_type=\"image-carousel.default\">\n\t\t\t\t<div class=\"elementor-widget-container\">\n\t\t\t\t\t\t\t<div class=\"elementor-image-carousel-wrapper swiper\" role=\"region\" aria-roledescription=\"carousel\" aria-label=\"Carosello d&#039;immagini\" dir=\"ltr\">\n\t\t\t<div class=\"elementor-image-carousel swiper-wrapper\" aria-live=\"off\">\n\t\t\t\t\t\t\t\t<div class=\"swiper-slide\" role=\"group\" aria-roledescription=\"slide\" aria-label=\"1 di 2\"><figure class=\"swiper-slide-inner\"><img decoding=\"async\" class=\"swiper-slide-image\" src=\"https:\/\/savegrain-cer.com\/wp-content\/uploads\/2024\/06\/Screenshot-2024-06-02-alle-19.59.04.png\" alt=\"Screenshot-2024-06-02-alle-19.59.04\" \/><\/figure><\/div><div class=\"swiper-slide\" role=\"group\" aria-roledescription=\"slide\" aria-label=\"2 di 2\"><figure class=\"swiper-slide-inner\"><img decoding=\"async\" class=\"swiper-slide-image\" src=\"https:\/\/savegrain-cer.com\/wp-content\/uploads\/2024\/06\/Screenshot-2024-06-02-alle-19.59.37.png\" alt=\"Screenshot-2024-06-02-alle-19.59.37\" \/><\/figure><\/div>\t\t\t<\/div>\n\t\t\t\t\t\t\t\t\t\t\t\t<div class=\"elementor-swiper-button elementor-swiper-button-prev\" role=\"button\" tabindex=\"0\">\n\t\t\t\t\t\t<svg aria-hidden=\"true\" class=\"e-font-icon-svg e-eicon-chevron-left\" viewBox=\"0 0 1000 1000\" xmlns=\"http:\/\/www.w3.org\/2000\/svg\"><path d=\"M646 125C629 125 613 133 604 142L308 442C296 454 292 471 292 487 292 504 296 521 308 533L604 854C617 867 629 875 646 875 663 875 679 871 692 858 704 846 713 829 713 812 713 796 708 779 692 767L438 487 692 225C700 217 708 204 708 187 708 171 704 154 692 142 675 129 663 125 646 125Z\"><\/path><\/svg>\t\t\t\t\t<\/div>\n\t\t\t\t\t<div class=\"elementor-swiper-button elementor-swiper-button-next\" role=\"button\" tabindex=\"0\">\n\t\t\t\t\t\t<svg aria-hidden=\"true\" class=\"e-font-icon-svg e-eicon-chevron-right\" viewBox=\"0 0 1000 1000\" xmlns=\"http:\/\/www.w3.org\/2000\/svg\"><path d=\"M696 533C708 521 713 504 713 487 713 471 708 454 696 446L400 146C388 133 375 125 354 125 338 125 325 129 313 142 300 154 292 171 292 187 292 204 296 221 308 233L563 492 304 771C292 783 288 800 288 817 288 833 296 850 308 863 321 871 338 875 354 875 371 875 388 867 400 854L696 533Z\"><\/path><\/svg>\t\t\t\t\t<\/div>\n\t\t\t\t\n\t\t\t\t\t\t\t\t\t<div class=\"swiper-pagination\"><\/div>\n\t\t\t\t\t\t\t\t\t<\/div>\n\t\t\t\t\t\t<\/div>\n\t\t\t\t<\/div>\n\t\t\t\t<div class=\"elementor-element elementor-element-3e5aa5d4 elementor-widget elementor-widget-spacer\" data-id=\"3e5aa5d4\" data-element_type=\"widget\" data-widget_type=\"spacer.default\">\n\t\t\t\t<div class=\"elementor-widget-container\">\n\t\t\t\t\t\t\t<div class=\"elementor-spacer\">\n\t\t\t<div class=\"elementor-spacer-inner\"><\/div>\n\t\t<\/div>\n\t\t\t\t\t\t<\/div>\n\t\t\t\t<\/div>\n\t\t\t\t<div class=\"elementor-element elementor-element-3fc61769 elementor-widget elementor-widget-progress\" data-id=\"3fc61769\" data-element_type=\"widget\" data-widget_type=\"progress.default\">\n\t\t\t\t<div class=\"elementor-widget-container\">\n\t\t\t\t\t\t\t\t<span class=\"elementor-title\" id=\"elementor-progress-bar-3fc61769\">\n\t\t\t\tCont. Proteico (g\/100g)\t\t\t<\/span>\n\t\t\n\t\t<div aria-labelledby=\"elementor-progress-bar-3fc61769\" class=\"elementor-progress-wrapper\" role=\"progressbar\" aria-valuemin=\"0\" aria-valuemax=\"100\" aria-valuenow=\"14.7\">\n\t\t\t<div class=\"elementor-progress-bar\" data-max=\"14.7\">\n\t\t\t\t<span class=\"elementor-progress-text\"><\/span>\n\t\t\t\t\t\t\t\t\t<span class=\"elementor-progress-percentage\">14.7%<\/span>\n\t\t\t\t\t\t\t<\/div>\n\t\t<\/div>\n\t\t\t\t\t\t<\/div>\n\t\t\t\t<\/div>\n\t\t\t\t<div class=\"elementor-element elementor-element-34f480ee elementor-widget elementor-widget-progress\" data-id=\"34f480ee\" data-element_type=\"widget\" data-widget_type=\"progress.default\">\n\t\t\t\t<div class=\"elementor-widget-container\">\n\t\t\t\t\t\t\t\t<span class=\"elementor-title\" id=\"elementor-progress-bar-34f480ee\">\n\t\t\t\tAllettamento alla raccolta\t\t\t<\/span>\n\t\t\n\t\t<div aria-labelledby=\"elementor-progress-bar-34f480ee\" class=\"elementor-progress-wrapper\" role=\"progressbar\" aria-valuemin=\"0\" aria-valuemax=\"100\" aria-valuenow=\"75\">\n\t\t\t<div class=\"elementor-progress-bar\" data-max=\"75\">\n\t\t\t\t<span class=\"elementor-progress-text\"><\/span>\n\t\t\t\t\t\t\t<\/div>\n\t\t<\/div>\n\t\t\t\t\t\t<\/div>\n\t\t\t\t<\/div>\n\t\t\t\t<div class=\"elementor-element elementor-element-78b1019 elementor-widget elementor-widget-progress\" data-id=\"78b1019\" data-element_type=\"widget\" data-widget_type=\"progress.default\">\n\t\t\t\t<div class=\"elementor-widget-container\">\n\t\t\t\t\t\t\t\t<span class=\"elementor-title\" id=\"elementor-progress-bar-78b1019\">\n\t\t\t\tResistenza al freddo\t\t\t<\/span>\n\t\t\n\t\t<div aria-labelledby=\"elementor-progress-bar-78b1019\" class=\"elementor-progress-wrapper\" role=\"progressbar\" aria-valuemin=\"0\" aria-valuemax=\"100\" aria-valuenow=\"55\">\n\t\t\t<div class=\"elementor-progress-bar\" data-max=\"55\">\n\t\t\t\t<span class=\"elementor-progress-text\"><\/span>\n\t\t\t\t\t\t\t<\/div>\n\t\t<\/div>\n\t\t\t\t\t\t<\/div>\n\t\t\t\t<\/div>\n\t\t\t\t<div class=\"elementor-element elementor-element-a8ac044 elementor-widget elementor-widget-progress\" data-id=\"a8ac044\" data-element_type=\"widget\" data-widget_type=\"progress.default\">\n\t\t\t\t<div class=\"elementor-widget-container\">\n\t\t\t\t\t\t\t\t<span class=\"elementor-title\" id=\"elementor-progress-bar-a8ac044\">\n\t\t\t\tResistenza al mal bianco\t\t\t<\/span>\n\t\t\n\t\t<div aria-labelledby=\"elementor-progress-bar-a8ac044\" class=\"elementor-progress-wrapper\" role=\"progressbar\" aria-valuemin=\"0\" aria-valuemax=\"100\" aria-valuenow=\"100\">\n\t\t\t<div class=\"elementor-progress-bar\" data-max=\"100\">\n\t\t\t\t<span class=\"elementor-progress-text\"><\/span>\n\t\t\t\t\t\t\t<\/div>\n\t\t<\/div>\n\t\t\t\t\t\t<\/div>\n\t\t\t\t<\/div>\n\t\t\t\t<div class=\"elementor-element elementor-element-1fa7108e elementor-widget elementor-widget-spacer\" data-id=\"1fa7108e\" data-element_type=\"widget\" data-widget_type=\"spacer.default\">\n\t\t\t\t<div class=\"elementor-widget-container\">\n\t\t\t\t\t\t\t<div class=\"elementor-spacer\">\n\t\t\t<div class=\"elementor-spacer-inner\"><\/div>\n\t\t<\/div>\n\t\t\t\t\t\t<\/div>\n\t\t\t\t<\/div>\n\t\t\t\t<div class=\"elementor-element elementor-element-7a0df8fa elementor-widget elementor-widget-google_maps\" data-id=\"7a0df8fa\" data-element_type=\"widget\" data-widget_type=\"google_maps.default\">\n\t\t\t\t<div class=\"elementor-widget-container\">\n\t\t\t\t\t\t\t<div class=\"elementor-custom-embed\">\n\t\t\t<iframe loading=\"lazy\"\n\t\t\t\t\tsrc=\"https:\/\/maps.google.com\/maps?q=puglia&#038;t=m&#038;z=8&#038;output=embed&#038;iwloc=near\"\n\t\t\t\t\ttitle=\"puglia\"\n\t\t\t\t\taria-label=\"puglia\"\n\t\t\t><\/iframe>\n\t\t<\/div>\n\t\t\t\t\t\t<\/div>\n\t\t\t\t<\/div>\n\t\t\t\t<\/div>\n\t\t\t\t<\/div>\n\t\t\t\t<\/div>\n\t\t\t\t<\/div>\n\t\t<div class=\"elementor-element elementor-element-6988548 e-flex e-con-boxed e-con e-parent\" data-id=\"6988548\" data-element_type=\"container\">\n\t\t\t\t\t<div class=\"e-con-inner\">\n\t\t\t\t<div class=\"elementor-element elementor-element-99549d9 elementor-widget elementor-widget-image\" data-id=\"99549d9\" data-element_type=\"widget\" data-widget_type=\"image.default\">\n\t\t\t\t<div class=\"elementor-widget-container\">\n\t\t\t\t\t\t\t\t\t\t\t\t\t\t\t<img loading=\"lazy\" decoding=\"async\" width=\"718\" height=\"432\" src=\"https:\/\/savegrain-cer.com\/wp-content\/uploads\/2024\/06\/Senza-titolo-2.png\" class=\"attachment-2048x2048 size-2048x2048 wp-image-1033\" alt=\"\" srcset=\"https:\/\/savegrain-cer.com\/wp-content\/uploads\/2024\/06\/Senza-titolo-2.png 718w, https:\/\/savegrain-cer.com\/wp-content\/uploads\/2024\/06\/Senza-titolo-2-300x181.png 300w\" sizes=\"(max-width: 718px) 100vw, 718px\" \/>\t\t\t\t\t\t\t\t\t\t\t\t\t\t\t<\/div>\n\t\t\t\t<\/div>\n\t\t\t\t\t<\/div>\n\t\t\t\t<\/div>\n\t\t\t\t<\/div>\n\t\t","protected":false},"excerpt":{"rendered":"<p>Triticum aestivum L. Storia e curiosit\u00e0 La Bianchetta \u00e8 senza dubbio tra le variet\u00e0 locali di grano tenero quella pi\u00f9 diffusa in Puglia. La sua coltivazione risulta ampiamente documentata in testi di agronomia a partire dal 1784 (A. Ginori) e in monografie soprattutto negli anni \u201920, \u201930 redatte ad opera di agronomi e tecnici delle&#8230;<\/p>\n","protected":false},"author":1,"featured_media":0,"parent":14,"menu_order":0,"comment_status":"closed","ping_status":"closed","template":"","meta":{"om_disable_all_campaigns":false,"_monsterinsights_skip_tracking":false,"_monsterinsights_sitenote_active":false,"_monsterinsights_sitenote_note":"","_monsterinsights_sitenote_category":0,"ngg_post_thumbnail":0,"footnotes":""},"class_list":["post-856","page","type-page","status-publish","hentry"],"aioseo_notices":[],"_links":{"self":[{"href":"https:\/\/savegrain-cer.com\/index.php\/wp-json\/wp\/v2\/pages\/856","targetHints":{"allow":["GET"]}}],"collection":[{"href":"https:\/\/savegrain-cer.com\/index.php\/wp-json\/wp\/v2\/pages"}],"about":[{"href":"https:\/\/savegrain-cer.com\/index.php\/wp-json\/wp\/v2\/types\/page"}],"author":[{"embeddable":true,"href":"https:\/\/savegrain-cer.com\/index.php\/wp-json\/wp\/v2\/users\/1"}],"replies":[{"embeddable":true,"href":"https:\/\/savegrain-cer.com\/index.php\/wp-json\/wp\/v2\/comments?post=856"}],"version-history":[{"count":104,"href":"https:\/\/savegrain-cer.com\/index.php\/wp-json\/wp\/v2\/pages\/856\/revisions"}],"predecessor-version":[{"id":1807,"href":"https:\/\/savegrain-cer.com\/index.php\/wp-json\/wp\/v2\/pages\/856\/revisions\/1807"}],"up":[{"embeddable":true,"href":"https:\/\/savegrain-cer.com\/index.php\/wp-json\/wp\/v2\/pages\/14"}],"wp:attachment":[{"href":"https:\/\/savegrain-cer.com\/index.php\/wp-json\/wp\/v2\/media?parent=856"}],"curies":[{"name":"wp","href":"https:\/\/api.w.org\/{rel}","templated":true}]}}